{"id":1079,"date":"2026-04-06T13:19:59","date_gmt":"2026-04-06T13:19:59","guid":{"rendered":"https:\/\/ryohome.com.tr\/?page_id=1079"},"modified":"2026-04-06T13:19:59","modified_gmt":"2026-04-06T13:19:59","slug":"komodor-remzi-bey-yalisi","status":"publish","type":"page","link":"https:\/\/ryohome.com.tr\/en\/projeler\/komodor-remzi-bey-yalisi\/","title":{"rendered":"Komodor Remzi Bey Yal\u0131s\u0131"},"content":{"rendered":"<div class=\"wpb-content-wrapper\"><div id=\"project-row\" data-vc-full-width=\"true\" data-vc-full-width-temp=\"true\" data-vc-full-width-init=\"false\" data-vc-stretch-content=\"true\" class=\"vc_row wpb_row vc_row-fluid vc_column-gap-20 vc_row-no-padding vc_row-o-equal-height vc_row-flex wd-rs-695cd0a976373 wd-section-stretch-content-no-pd\"><div class=\"wpb_column vc_column_container vc_col-sm-8\"><div class=\"vc_column-inner\"><div class=\"wpb_wrapper\">\t\t<div id=\"gallery_597\" class=\"wd-images-gallery wd-wpb wd-rs-69d3b29a658d1 photoswipe-images\" style=\"--wd-justify-content:center;--wd-align-items:center;\">\n\t\t\t\n\t\t\t<div class=\"wd-grid-g\" style=\"--wd-col-lg:2;--wd-col-md:2;--wd-col-sm:1;--wd-gap-lg:10px;\">\n\t\t\t\t\n\t\t\t\t\t\t\t\t\t\t\t\t\t\t\t<div class=\"wd-gallery-item wd-col\">\n\t\t\t\t\t\t\t\t\t\t\t\t\t\t<a href=\"https:\/\/ryohome.com.tr\/wp-content\/uploads\/2026\/04\/komodor-remzi-bey-yalisi-060426-1.jpg\" data-elementor-open-lightbox=\"no\" data-index=\"1\" data-width=\"1920\" data-height=\"1440\" \n\t\t\t\t\t\t\t\t\t\t\t\t >\n\t\t\t\t\t\t\t\t\n\t\t\t\t\t\t\t\t<img loading=\"lazy\" decoding=\"async\" width=\"1920\" height=\"1440\" src=\"https:\/\/ryohome.com.tr\/wp-content\/uploads\/2026\/04\/komodor-remzi-bey-yalisi-060426-1.jpg\" class=\"wd-gallery-image image-1\" alt=\"\" srcset=\"https:\/\/ryohome.com.tr\/wp-content\/uploads\/2026\/04\/komodor-remzi-bey-yalisi-060426-1.jpg 1920w, https:\/\/ryohome.com.tr\/wp-content\/uploads\/2026\/04\/komodor-remzi-bey-yalisi-060426-1-300x225.jpg 300w, https:\/\/ryohome.com.tr\/wp-content\/uploads\/2026\/04\/komodor-remzi-bey-yalisi-060426-1-1024x768.jpg 1024w, https:\/\/ryohome.com.tr\/wp-content\/uploads\/2026\/04\/komodor-remzi-bey-yalisi-060426-1-768x576.jpg 768w, https:\/\/ryohome.com.tr\/wp-content\/uploads\/2026\/04\/komodor-remzi-bey-yalisi-060426-1-1536x1152.jpg 1536w, https:\/\/ryohome.com.tr\/wp-content\/uploads\/2026\/04\/komodor-remzi-bey-yalisi-060426-1-16x12.jpg 16w, https:\/\/ryohome.com.tr\/wp-content\/uploads\/2026\/04\/komodor-remzi-bey-yalisi-060426-1-150x113.jpg 150w\" sizes=\"auto, (max-width: 1920px) 100vw, 1920px\" \/>\n\t\t\t\t\t\t\t\t\t\t\t\t\t\t\t<\/a>\n\t\t\t\t\t\t\t\t\t\t\t\t<\/div>\n\t\t\t\t\t\t\t\t\t\t\t<div class=\"wd-gallery-item wd-col\">\n\t\t\t\t\t\t\t\t\t\t\t\t\t\t<a href=\"https:\/\/ryohome.com.tr\/wp-content\/uploads\/2026\/04\/komodor-remzi-bey-yalisi-060426-2.jpg\" data-elementor-open-lightbox=\"no\" data-index=\"2\" data-width=\"1920\" data-height=\"1440\" \n\t\t\t\t\t\t\t\t\t\t\t\t >\n\t\t\t\t\t\t\t\t\n\t\t\t\t\t\t\t\t<img loading=\"lazy\" decoding=\"async\" width=\"1920\" height=\"1440\" src=\"https:\/\/ryohome.com.tr\/wp-content\/uploads\/2026\/04\/komodor-remzi-bey-yalisi-060426-2.jpg\" class=\"wd-gallery-image image-2\" alt=\"\" srcset=\"https:\/\/ryohome.com.tr\/wp-content\/uploads\/2026\/04\/komodor-remzi-bey-yalisi-060426-2.jpg 1920w, https:\/\/ryohome.com.tr\/wp-content\/uploads\/2026\/04\/komodor-remzi-bey-yalisi-060426-2-300x225.jpg 300w, https:\/\/ryohome.com.tr\/wp-content\/uploads\/2026\/04\/komodor-remzi-bey-yalisi-060426-2-1024x768.jpg 1024w, https:\/\/ryohome.com.tr\/wp-content\/uploads\/2026\/04\/komodor-remzi-bey-yalisi-060426-2-768x576.jpg 768w, https:\/\/ryohome.com.tr\/wp-content\/uploads\/2026\/04\/komodor-remzi-bey-yalisi-060426-2-1536x1152.jpg 1536w, https:\/\/ryohome.com.tr\/wp-content\/uploads\/2026\/04\/komodor-remzi-bey-yalisi-060426-2-16x12.jpg 16w, https:\/\/ryohome.com.tr\/wp-content\/uploads\/2026\/04\/komodor-remzi-bey-yalisi-060426-2-150x113.jpg 150w\" sizes=\"auto, (max-width: 1920px) 100vw, 1920px\" \/>\n\t\t\t\t\t\t\t\t\t\t\t\t\t\t\t<\/a>\n\t\t\t\t\t\t\t\t\t\t\t\t<\/div>\n\t\t\t\t\t\t\t\t\t\t\t<div class=\"wd-gallery-item wd-col\">\n\t\t\t\t\t\t\t\t\t\t\t\t\t\t<a href=\"https:\/\/ryohome.com.tr\/wp-content\/uploads\/2026\/04\/komodor-remzi-bey-yalisi-060426-3.jpg\" data-elementor-open-lightbox=\"no\" data-index=\"3\" data-width=\"1920\" data-height=\"1440\" \n\t\t\t\t\t\t\t\t\t\t\t\t >\n\t\t\t\t\t\t\t\t\n\t\t\t\t\t\t\t\t<img loading=\"lazy\" decoding=\"async\" width=\"1920\" height=\"1440\" src=\"https:\/\/ryohome.com.tr\/wp-content\/uploads\/2026\/04\/komodor-remzi-bey-yalisi-060426-3.jpg\" class=\"wd-gallery-image image-3\" alt=\"\" srcset=\"https:\/\/ryohome.com.tr\/wp-content\/uploads\/2026\/04\/komodor-remzi-bey-yalisi-060426-3.jpg 1920w, https:\/\/ryohome.com.tr\/wp-content\/uploads\/2026\/04\/komodor-remzi-bey-yalisi-060426-3-300x225.jpg 300w, https:\/\/ryohome.com.tr\/wp-content\/uploads\/2026\/04\/komodor-remzi-bey-yalisi-060426-3-1024x768.jpg 1024w, https:\/\/ryohome.com.tr\/wp-content\/uploads\/2026\/04\/komodor-remzi-bey-yalisi-060426-3-768x576.jpg 768w, https:\/\/ryohome.com.tr\/wp-content\/uploads\/2026\/04\/komodor-remzi-bey-yalisi-060426-3-1536x1152.jpg 1536w, https:\/\/ryohome.com.tr\/wp-content\/uploads\/2026\/04\/komodor-remzi-bey-yalisi-060426-3-16x12.jpg 16w, https:\/\/ryohome.com.tr\/wp-content\/uploads\/2026\/04\/komodor-remzi-bey-yalisi-060426-3-150x113.jpg 150w\" sizes=\"auto, (max-width: 1920px) 100vw, 1920px\" \/>\n\t\t\t\t\t\t\t\t\t\t\t\t\t\t\t<\/a>\n\t\t\t\t\t\t\t\t\t\t\t\t<\/div>\n\t\t\t\t\t\t\t\t\t\t\t<div class=\"wd-gallery-item wd-col\">\n\t\t\t\t\t\t\t\t\t\t\t\t\t\t<a href=\"https:\/\/ryohome.com.tr\/wp-content\/uploads\/2026\/04\/komodor-remzi-bey-yalisi-060426-4.jpg\" data-elementor-open-lightbox=\"no\" data-index=\"4\" data-width=\"1920\" data-height=\"1440\" \n\t\t\t\t\t\t\t\t\t\t\t\t >\n\t\t\t\t\t\t\t\t\n\t\t\t\t\t\t\t\t<img loading=\"lazy\" decoding=\"async\" width=\"1920\" height=\"1440\" src=\"https:\/\/ryohome.com.tr\/wp-content\/uploads\/2026\/04\/komodor-remzi-bey-yalisi-060426-4.jpg\" class=\"wd-gallery-image image-4\" alt=\"\" srcset=\"https:\/\/ryohome.com.tr\/wp-content\/uploads\/2026\/04\/komodor-remzi-bey-yalisi-060426-4.jpg 1920w, https:\/\/ryohome.com.tr\/wp-content\/uploads\/2026\/04\/komodor-remzi-bey-yalisi-060426-4-300x225.jpg 300w, https:\/\/ryohome.com.tr\/wp-content\/uploads\/2026\/04\/komodor-remzi-bey-yalisi-060426-4-1024x768.jpg 1024w, https:\/\/ryohome.com.tr\/wp-content\/uploads\/2026\/04\/komodor-remzi-bey-yalisi-060426-4-768x576.jpg 768w, https:\/\/ryohome.com.tr\/wp-content\/uploads\/2026\/04\/komodor-remzi-bey-yalisi-060426-4-1536x1152.jpg 1536w, https:\/\/ryohome.com.tr\/wp-content\/uploads\/2026\/04\/komodor-remzi-bey-yalisi-060426-4-16x12.jpg 16w, https:\/\/ryohome.com.tr\/wp-content\/uploads\/2026\/04\/komodor-remzi-bey-yalisi-060426-4-150x113.jpg 150w\" sizes=\"auto, (max-width: 1920px) 100vw, 1920px\" \/>\n\t\t\t\t\t\t\t\t\t\t\t\t\t\t\t<\/a>\n\t\t\t\t\t\t\t\t\t\t\t\t<\/div>\n\t\t\t\t\t\t\t\t\t\t\t<div class=\"wd-gallery-item wd-col\">\n\t\t\t\t\t\t\t\t\t\t\t\t\t\t<a href=\"https:\/\/ryohome.com.tr\/wp-content\/uploads\/2026\/04\/komodor-remzi-bey-yalisi-060426-5.jpg\" data-elementor-open-lightbox=\"no\" data-index=\"5\" data-width=\"1920\" data-height=\"1440\" \n\t\t\t\t\t\t\t\t\t\t\t\t >\n\t\t\t\t\t\t\t\t\n\t\t\t\t\t\t\t\t<img loading=\"lazy\" decoding=\"async\" width=\"1920\" height=\"1440\" src=\"https:\/\/ryohome.com.tr\/wp-content\/uploads\/2026\/04\/komodor-remzi-bey-yalisi-060426-5.jpg\" class=\"wd-gallery-image image-5\" alt=\"\" srcset=\"https:\/\/ryohome.com.tr\/wp-content\/uploads\/2026\/04\/komodor-remzi-bey-yalisi-060426-5.jpg 1920w, https:\/\/ryohome.com.tr\/wp-content\/uploads\/2026\/04\/komodor-remzi-bey-yalisi-060426-5-300x225.jpg 300w, https:\/\/ryohome.com.tr\/wp-content\/uploads\/2026\/04\/komodor-remzi-bey-yalisi-060426-5-1024x768.jpg 1024w, https:\/\/ryohome.com.tr\/wp-content\/uploads\/2026\/04\/komodor-remzi-bey-yalisi-060426-5-768x576.jpg 768w, https:\/\/ryohome.com.tr\/wp-content\/uploads\/2026\/04\/komodor-remzi-bey-yalisi-060426-5-1536x1152.jpg 1536w, https:\/\/ryohome.com.tr\/wp-content\/uploads\/2026\/04\/komodor-remzi-bey-yalisi-060426-5-16x12.jpg 16w, https:\/\/ryohome.com.tr\/wp-content\/uploads\/2026\/04\/komodor-remzi-bey-yalisi-060426-5-150x113.jpg 150w\" sizes=\"auto, (max-width: 1920px) 100vw, 1920px\" \/>\n\t\t\t\t\t\t\t\t\t\t\t\t\t\t\t<\/a>\n\t\t\t\t\t\t\t\t\t\t\t\t<\/div>\n\t\t\t\t\t\t\t\t\t\t\t<div class=\"wd-gallery-item wd-col\">\n\t\t\t\t\t\t\t\t\t\t\t\t\t\t<a href=\"https:\/\/ryohome.com.tr\/wp-content\/uploads\/2026\/04\/komodor-remzi-bey-yalisi-060426-6.jpg\" data-elementor-open-lightbox=\"no\" data-index=\"6\" data-width=\"1920\" data-height=\"1440\" \n\t\t\t\t\t\t\t\t\t\t\t\t >\n\t\t\t\t\t\t\t\t\n\t\t\t\t\t\t\t\t<img loading=\"lazy\" decoding=\"async\" width=\"1920\" height=\"1440\" src=\"https:\/\/ryohome.com.tr\/wp-content\/uploads\/2026\/04\/komodor-remzi-bey-yalisi-060426-6.jpg\" class=\"wd-gallery-image image-6\" alt=\"\" srcset=\"https:\/\/ryohome.com.tr\/wp-content\/uploads\/2026\/04\/komodor-remzi-bey-yalisi-060426-6.jpg 1920w, https:\/\/ryohome.com.tr\/wp-content\/uploads\/2026\/04\/komodor-remzi-bey-yalisi-060426-6-300x225.jpg 300w, https:\/\/ryohome.com.tr\/wp-content\/uploads\/2026\/04\/komodor-remzi-bey-yalisi-060426-6-1024x768.jpg 1024w, https:\/\/ryohome.com.tr\/wp-content\/uploads\/2026\/04\/komodor-remzi-bey-yalisi-060426-6-768x576.jpg 768w, https:\/\/ryohome.com.tr\/wp-content\/uploads\/2026\/04\/komodor-remzi-bey-yalisi-060426-6-1536x1152.jpg 1536w, https:\/\/ryohome.com.tr\/wp-content\/uploads\/2026\/04\/komodor-remzi-bey-yalisi-060426-6-16x12.jpg 16w, https:\/\/ryohome.com.tr\/wp-content\/uploads\/2026\/04\/komodor-remzi-bey-yalisi-060426-6-150x113.jpg 150w\" sizes=\"auto, (max-width: 1920px) 100vw, 1920px\" \/>\n\t\t\t\t\t\t\t\t\t\t\t\t\t\t\t<\/a>\n\t\t\t\t\t\t\t\t\t\t\t\t<\/div>\n\t\t\t\t\t\t\t\t\t\t\t<div class=\"wd-gallery-item wd-col\">\n\t\t\t\t\t\t\t\t\t\t\t\t\t\t<a href=\"https:\/\/ryohome.com.tr\/wp-content\/uploads\/2026\/04\/komodor-remzi-bey-yalisi-060426-7.jpg\" data-elementor-open-lightbox=\"no\" data-index=\"7\" data-width=\"1920\" data-height=\"1440\" \n\t\t\t\t\t\t\t\t\t\t\t\t >\n\t\t\t\t\t\t\t\t\n\t\t\t\t\t\t\t\t<img loading=\"lazy\" decoding=\"async\" width=\"1920\" height=\"1440\" src=\"https:\/\/ryohome.com.tr\/wp-content\/uploads\/2026\/04\/komodor-remzi-bey-yalisi-060426-7.jpg\" class=\"wd-gallery-image image-7\" alt=\"\" srcset=\"https:\/\/ryohome.com.tr\/wp-content\/uploads\/2026\/04\/komodor-remzi-bey-yalisi-060426-7.jpg 1920w, https:\/\/ryohome.com.tr\/wp-content\/uploads\/2026\/04\/komodor-remzi-bey-yalisi-060426-7-300x225.jpg 300w, https:\/\/ryohome.com.tr\/wp-content\/uploads\/2026\/04\/komodor-remzi-bey-yalisi-060426-7-1024x768.jpg 1024w, https:\/\/ryohome.com.tr\/wp-content\/uploads\/2026\/04\/komodor-remzi-bey-yalisi-060426-7-768x576.jpg 768w, https:\/\/ryohome.com.tr\/wp-content\/uploads\/2026\/04\/komodor-remzi-bey-yalisi-060426-7-1536x1152.jpg 1536w, https:\/\/ryohome.com.tr\/wp-content\/uploads\/2026\/04\/komodor-remzi-bey-yalisi-060426-7-16x12.jpg 16w, https:\/\/ryohome.com.tr\/wp-content\/uploads\/2026\/04\/komodor-remzi-bey-yalisi-060426-7-150x113.jpg 150w\" sizes=\"auto, (max-width: 1920px) 100vw, 1920px\" \/>\n\t\t\t\t\t\t\t\t\t\t\t\t\t\t\t<\/a>\n\t\t\t\t\t\t\t\t\t\t\t\t<\/div>\n\t\t\t\t\t\t\t\t\t\t\t<div class=\"wd-gallery-item wd-col\">\n\t\t\t\t\t\t\t\t\t\t\t\t\t\t<a href=\"https:\/\/ryohome.com.tr\/wp-content\/uploads\/2026\/04\/komodor-remzi-bey-yalisi-060426-8.jpg\" data-elementor-open-lightbox=\"no\" data-index=\"8\" data-width=\"1920\" data-height=\"1440\" \n\t\t\t\t\t\t\t\t\t\t\t\t >\n\t\t\t\t\t\t\t\t\n\t\t\t\t\t\t\t\t<img loading=\"lazy\" decoding=\"async\" width=\"1920\" height=\"1440\" src=\"https:\/\/ryohome.com.tr\/wp-content\/uploads\/2026\/04\/komodor-remzi-bey-yalisi-060426-8.jpg\" class=\"wd-gallery-image image-8\" alt=\"\" srcset=\"https:\/\/ryohome.com.tr\/wp-content\/uploads\/2026\/04\/komodor-remzi-bey-yalisi-060426-8.jpg 1920w, https:\/\/ryohome.com.tr\/wp-content\/uploads\/2026\/04\/komodor-remzi-bey-yalisi-060426-8-300x225.jpg 300w, https:\/\/ryohome.com.tr\/wp-content\/uploads\/2026\/04\/komodor-remzi-bey-yalisi-060426-8-1024x768.jpg 1024w, https:\/\/ryohome.com.tr\/wp-content\/uploads\/2026\/04\/komodor-remzi-bey-yalisi-060426-8-768x576.jpg 768w, https:\/\/ryohome.com.tr\/wp-content\/uploads\/2026\/04\/komodor-remzi-bey-yalisi-060426-8-1536x1152.jpg 1536w, https:\/\/ryohome.com.tr\/wp-content\/uploads\/2026\/04\/komodor-remzi-bey-yalisi-060426-8-16x12.jpg 16w, https:\/\/ryohome.com.tr\/wp-content\/uploads\/2026\/04\/komodor-remzi-bey-yalisi-060426-8-150x113.jpg 150w\" sizes=\"auto, (max-width: 1920px) 100vw, 1920px\" \/>\n\t\t\t\t\t\t\t\t\t\t\t\t\t\t\t<\/a>\n\t\t\t\t\t\t\t\t\t\t\t\t<\/div>\n\t\t\t\t\t\t\t\t\t\t\t<div class=\"wd-gallery-item wd-col\">\n\t\t\t\t\t\t\t\t\t\t\t\t\t\t<a href=\"https:\/\/ryohome.com.tr\/wp-content\/uploads\/2026\/04\/komodor-remzi-bey-yalisi-060426-9.jpg\" data-elementor-open-lightbox=\"no\" data-index=\"9\" data-width=\"1920\" data-height=\"1440\" \n\t\t\t\t\t\t\t\t\t\t\t\t >\n\t\t\t\t\t\t\t\t\n\t\t\t\t\t\t\t\t<img loading=\"lazy\" decoding=\"async\" width=\"1920\" height=\"1440\" src=\"https:\/\/ryohome.com.tr\/wp-content\/uploads\/2026\/04\/komodor-remzi-bey-yalisi-060426-9.jpg\" class=\"wd-gallery-image image-9\" alt=\"\" srcset=\"https:\/\/ryohome.com.tr\/wp-content\/uploads\/2026\/04\/komodor-remzi-bey-yalisi-060426-9.jpg 1920w, https:\/\/ryohome.com.tr\/wp-content\/uploads\/2026\/04\/komodor-remzi-bey-yalisi-060426-9-300x225.jpg 300w, https:\/\/ryohome.com.tr\/wp-content\/uploads\/2026\/04\/komodor-remzi-bey-yalisi-060426-9-1024x768.jpg 1024w, https:\/\/ryohome.com.tr\/wp-content\/uploads\/2026\/04\/komodor-remzi-bey-yalisi-060426-9-768x576.jpg 768w, https:\/\/ryohome.com.tr\/wp-content\/uploads\/2026\/04\/komodor-remzi-bey-yalisi-060426-9-1536x1152.jpg 1536w, https:\/\/ryohome.com.tr\/wp-content\/uploads\/2026\/04\/komodor-remzi-bey-yalisi-060426-9-16x12.jpg 16w, https:\/\/ryohome.com.tr\/wp-content\/uploads\/2026\/04\/komodor-remzi-bey-yalisi-060426-9-150x113.jpg 150w\" sizes=\"auto, (max-width: 1920px) 100vw, 1920px\" \/>\n\t\t\t\t\t\t\t\t\t\t\t\t\t\t\t<\/a>\n\t\t\t\t\t\t\t\t\t\t\t\t<\/div>\n\t\t\t\t\t\t\t\t\t\t\t<div class=\"wd-gallery-item wd-col\">\n\t\t\t\t\t\t\t\t\t\t\t\t\t\t<a href=\"https:\/\/ryohome.com.tr\/wp-content\/uploads\/2026\/04\/komodor-remzi-bey-yalisi-060426-10.jpg\" data-elementor-open-lightbox=\"no\" data-index=\"10\" data-width=\"1920\" data-height=\"1440\" \n\t\t\t\t\t\t\t\t\t\t\t\t >\n\t\t\t\t\t\t\t\t\n\t\t\t\t\t\t\t\t<img loading=\"lazy\" decoding=\"async\" width=\"1920\" height=\"1440\" src=\"https:\/\/ryohome.com.tr\/wp-content\/uploads\/2026\/04\/komodor-remzi-bey-yalisi-060426-10.jpg\" class=\"wd-gallery-image image-10\" alt=\"\" srcset=\"https:\/\/ryohome.com.tr\/wp-content\/uploads\/2026\/04\/komodor-remzi-bey-yalisi-060426-10.jpg 1920w, https:\/\/ryohome.com.tr\/wp-content\/uploads\/2026\/04\/komodor-remzi-bey-yalisi-060426-10-300x225.jpg 300w, https:\/\/ryohome.com.tr\/wp-content\/uploads\/2026\/04\/komodor-remzi-bey-yalisi-060426-10-1024x768.jpg 1024w, https:\/\/ryohome.com.tr\/wp-content\/uploads\/2026\/04\/komodor-remzi-bey-yalisi-060426-10-768x576.jpg 768w, https:\/\/ryohome.com.tr\/wp-content\/uploads\/2026\/04\/komodor-remzi-bey-yalisi-060426-10-1536x1152.jpg 1536w, https:\/\/ryohome.com.tr\/wp-content\/uploads\/2026\/04\/komodor-remzi-bey-yalisi-060426-10-16x12.jpg 16w, https:\/\/ryohome.com.tr\/wp-content\/uploads\/2026\/04\/komodor-remzi-bey-yalisi-060426-10-150x113.jpg 150w\" sizes=\"auto, (max-width: 1920px) 100vw, 1920px\" \/>\n\t\t\t\t\t\t\t\t\t\t\t\t\t\t\t<\/a>\n\t\t\t\t\t\t\t\t\t\t\t\t<\/div>\n\t\t\t\t\t\t\t\t\t\t\t<div class=\"wd-gallery-item wd-col\">\n\t\t\t\t\t\t\t\t\t\t\t\t\t\t<a href=\"https:\/\/ryohome.com.tr\/wp-content\/uploads\/2026\/04\/komodor-remzi-bey-yalisi-060426-11.jpg\" data-elementor-open-lightbox=\"no\" data-index=\"11\" data-width=\"1920\" data-height=\"1440\" \n\t\t\t\t\t\t\t\t\t\t\t\t >\n\t\t\t\t\t\t\t\t\n\t\t\t\t\t\t\t\t<img loading=\"lazy\" decoding=\"async\" width=\"1920\" height=\"1440\" src=\"https:\/\/ryohome.com.tr\/wp-content\/uploads\/2026\/04\/komodor-remzi-bey-yalisi-060426-11.jpg\" class=\"wd-gallery-image image-11\" alt=\"\" srcset=\"https:\/\/ryohome.com.tr\/wp-content\/uploads\/2026\/04\/komodor-remzi-bey-yalisi-060426-11.jpg 1920w, https:\/\/ryohome.com.tr\/wp-content\/uploads\/2026\/04\/komodor-remzi-bey-yalisi-060426-11-300x225.jpg 300w, https:\/\/ryohome.com.tr\/wp-content\/uploads\/2026\/04\/komodor-remzi-bey-yalisi-060426-11-1024x768.jpg 1024w, https:\/\/ryohome.com.tr\/wp-content\/uploads\/2026\/04\/komodor-remzi-bey-yalisi-060426-11-768x576.jpg 768w, https:\/\/ryohome.com.tr\/wp-content\/uploads\/2026\/04\/komodor-remzi-bey-yalisi-060426-11-1536x1152.jpg 1536w, https:\/\/ryohome.com.tr\/wp-content\/uploads\/2026\/04\/komodor-remzi-bey-yalisi-060426-11-16x12.jpg 16w, https:\/\/ryohome.com.tr\/wp-content\/uploads\/2026\/04\/komodor-remzi-bey-yalisi-060426-11-150x113.jpg 150w\" sizes=\"auto, (max-width: 1920px) 100vw, 1920px\" \/>\n\t\t\t\t\t\t\t\t\t\t\t\t\t\t\t<\/a>\n\t\t\t\t\t\t\t\t\t\t\t\t<\/div>\n\t\t\t\t\t\t\t\t\t\n\t\t\t\t\t\t\t<\/div>\n\n\t\t\t\t\t<\/div>\n\t\t<\/div><\/div><\/div><div class=\"wpb_column vc_column_container vc_col-sm-4 woodmart-sticky-column wd_sticky_offset_150 wd-rs-695c43f95627a\"><div class=\"vc_column-inner\"><div class=\"wpb_wrapper\">\t\t<div id=\"wd-69d3b2eb92252\" class=\"wd-text-block wd-wpb reset-last-child wd-rs-69d3b2eb92252 text-left\">\n\t\t\t<div class=\"project-info\">\n<div class=\"project-title\">\n<h1>Komodor Remzi Bey Yal\u0131s\u0131<\/h1>\n<\/div>\n<div class=\"project-short-desc\">\n<p>\u0130stanbul Bo\u011faz\u0131\u2019n\u0131n en nadide eserlerinden biri olan tarihi Komodor Remzi Bey Yal\u0131s\u0131\u2019n\u0131n restorasyon ve i\u00e7 mek\u00e2n yenileme s\u00fcrecinde; yap\u0131n\u0131n tarihi kimli\u011fine sad\u0131k kalarak t\u00fcm ah\u015fap imalatlar\u0131 \u00fcstlenmi\u015f bulunmaktay\u0131z. Geleneksel sanat\u0131n izlerini modern konforla bulu\u015fturdu\u011fumuz bu projede, miras niteli\u011findeki dokular\u0131 usta i\u015f\u00e7ili\u011fimizle yeniden hayata d\u00f6nd\u00fcrd\u00fck.<\/p>\n<h2>Restorasyon ve \u0130malat Detaylar\u0131:<\/h2>\n<p><strong>Tarihi Tavan ve Duvar Panelleri:<\/strong> Yal\u0131n\u0131n orijinal dokusuna uygun olarak, el i\u015f\u00e7ili\u011fi ile asl\u0131na sad\u0131k kal\u0131narak \u00fcretilen dekoratif \u00e7\u0131tal\u0131 tavan sistemleri ve d\u00f6nem mimarisini yans\u0131tan ah\u015fap duvar lambrileri.<\/p>\n<p><strong>Masif Ah\u015fap Do\u011framalar ve Kap\u0131lar:<\/strong> Bo\u011faz hatt\u0131n\u0131n zorlu iklim ko\u015fullar\u0131na dayan\u0131kl\u0131, y\u00fcksek nitelikli masif ah\u015faptan \u00fcretilen; tarihi formlar\u0131 koruyan pencereler, s\u00fcrg\u00fcl\u00fc b\u00f6lmeler ve \u00f6zel motifli giri\u015f kap\u0131lar\u0131.<\/p>\n<p><strong>\u00d6zel Tasar\u0131m Mutfak ve Islak Hacimler:<\/strong> Klasik yal\u0131 esteti\u011fiyle b\u00fct\u00fcnle\u015fen; masif ah\u015fap ve el boyamas\u0131 lake y\u00fczeylerin kullan\u0131ld\u0131\u011f\u0131, modern donan\u0131mlarla entegre mutfak ve banyo dolap \u00fcniteleri.<\/p>\n<p><strong>Giyinme ve Depolama Alanlar\u0131:<\/strong> Mek\u00e2n\u0131n k\u0131s\u0131tl\u0131 alanlar\u0131n\u0131 en verimli \u015fekilde kullanan, ah\u015fab\u0131n do\u011fal s\u0131cakl\u0131\u011f\u0131n\u0131 yans\u0131tan, geleneksel marangozluk detaylar\u0131yla zenginle\u015ftirilmi\u015f gard\u0131rop ve g\u00f6mme dolap sistemleri.<\/p>\n<p><strong>Merdiven ve Trabzan Uygulamalar\u0131:<\/strong> Yap\u0131n\u0131n dikey ak\u0131\u015f\u0131n\u0131 sa\u011flayan, \u00f6zel torna i\u015f\u00e7ili\u011fi ve el oymas\u0131 detaylarla \u015fekillendirilen masif ah\u015fap merdiven basamaklar\u0131 ve dekoratif trabzan \u00fcniteleri.<\/p>\n<\/div>\n<\/div>\n\t\t<\/div>\n\t\t<\/div><\/div><\/div><\/div><div class=\"vc_row-full-width vc_clearfix\"><\/div>\n<\/div>","protected":false},"excerpt":{"rendered":"Komodor Remzi Bey Yal\u0131s\u0131 \u0130stanbul Bo\u011faz\u0131\u2019n\u0131n en nadide eserlerinden biri olan tarihi Komodor Remzi Bey Yal\u0131s\u0131\u2019n\u0131n restorasyon ve i\u00e7 mek\u00e2n","protected":false},"author":1,"featured_media":0,"parent":315,"menu_order":0,"comment_status":"closed","ping_status":"closed","template":"","meta":{"footnotes":""},"class_list":["post-1079","page","type-page","status-publish","hentry"],"_links":{"self":[{"href":"https:\/\/ryohome.com.tr\/en\/wp-json\/wp\/v2\/pages\/1079","targetHints":{"allow":["GET"]}}],"collection":[{"href":"https:\/\/ryohome.com.tr\/en\/wp-json\/wp\/v2\/pages"}],"about":[{"href":"https:\/\/ryohome.com.tr\/en\/wp-json\/wp\/v2\/types\/page"}],"author":[{"embeddable":true,"href":"https:\/\/ryohome.com.tr\/en\/wp-json\/wp\/v2\/users\/1"}],"replies":[{"embeddable":true,"href":"https:\/\/ryohome.com.tr\/en\/wp-json\/wp\/v2\/comments?post=1079"}],"version-history":[{"count":1,"href":"https:\/\/ryohome.com.tr\/en\/wp-json\/wp\/v2\/pages\/1079\/revisions"}],"predecessor-version":[{"id":1091,"href":"https:\/\/ryohome.com.tr\/en\/wp-json\/wp\/v2\/pages\/1079\/revisions\/1091"}],"up":[{"embeddable":true,"href":"https:\/\/ryohome.com.tr\/en\/wp-json\/wp\/v2\/pages\/315"}],"wp:attachment":[{"href":"https:\/\/ryohome.com.tr\/en\/wp-json\/wp\/v2\/media?parent=1079"}],"curies":[{"name":"wp","href":"https:\/\/api.w.org\/{rel}","templated":true}]}}