{"id":1093,"date":"2026-04-06T13:27:49","date_gmt":"2026-04-06T13:27:49","guid":{"rendered":"https:\/\/ryohome.com.tr\/?page_id=1093"},"modified":"2026-04-06T13:27:49","modified_gmt":"2026-04-06T13:27:49","slug":"easycep-magazalar","status":"publish","type":"page","link":"https:\/\/ryohome.com.tr\/en\/projeler\/easycep-magazalar\/","title":{"rendered":"EasyCep Ma\u011fazalar"},"content":{"rendered":"<div class=\"wpb-content-wrapper\"><div id=\"project-row\" data-vc-full-width=\"true\" data-vc-full-width-temp=\"true\" data-vc-full-width-init=\"false\" data-vc-stretch-content=\"true\" class=\"vc_row wpb_row vc_row-fluid vc_column-gap-20 vc_row-no-padding vc_row-o-equal-height vc_row-flex wd-rs-695cd0a976373 wd-section-stretch-content-no-pd\"><div class=\"wpb_column vc_column_container vc_col-sm-8\"><div class=\"vc_column-inner\"><div class=\"wpb_wrapper\">\t\t<div id=\"gallery_102\" class=\"wd-images-gallery wd-wpb wd-rs-69d3b38d76cb8 photoswipe-images\" style=\"--wd-justify-content:center;--wd-align-items:center;\">\n\t\t\t\n\t\t\t<div class=\"wd-grid-g\" style=\"--wd-col-lg:2;--wd-col-md:2;--wd-col-sm:1;--wd-gap-lg:10px;\">\n\t\t\t\t\n\t\t\t\t\t\t\t\t\t\t\t\t\t\t\t<div class=\"wd-gallery-item wd-col\">\n\t\t\t\t\t\t\t\t\t\t\t\t\t\t<a href=\"https:\/\/ryohome.com.tr\/wp-content\/uploads\/2026\/04\/easy-cep-magazalar-060426-1.jpg\" data-elementor-open-lightbox=\"no\" data-index=\"1\" data-width=\"1920\" data-height=\"1440\" \n\t\t\t\t\t\t\t\t\t\t\t\t >\n\t\t\t\t\t\t\t\t\n\t\t\t\t\t\t\t\t<img loading=\"lazy\" decoding=\"async\" width=\"1920\" height=\"1440\" src=\"https:\/\/ryohome.com.tr\/wp-content\/uploads\/2026\/04\/easy-cep-magazalar-060426-1.jpg\" class=\"wd-gallery-image image-1\" alt=\"\" srcset=\"https:\/\/ryohome.com.tr\/wp-content\/uploads\/2026\/04\/easy-cep-magazalar-060426-1.jpg 1920w, https:\/\/ryohome.com.tr\/wp-content\/uploads\/2026\/04\/easy-cep-magazalar-060426-1-300x225.jpg 300w, https:\/\/ryohome.com.tr\/wp-content\/uploads\/2026\/04\/easy-cep-magazalar-060426-1-1024x768.jpg 1024w, https:\/\/ryohome.com.tr\/wp-content\/uploads\/2026\/04\/easy-cep-magazalar-060426-1-768x576.jpg 768w, https:\/\/ryohome.com.tr\/wp-content\/uploads\/2026\/04\/easy-cep-magazalar-060426-1-1536x1152.jpg 1536w, https:\/\/ryohome.com.tr\/wp-content\/uploads\/2026\/04\/easy-cep-magazalar-060426-1-16x12.jpg 16w, https:\/\/ryohome.com.tr\/wp-content\/uploads\/2026\/04\/easy-cep-magazalar-060426-1-150x113.jpg 150w\" sizes=\"auto, (max-width: 1920px) 100vw, 1920px\" \/>\n\t\t\t\t\t\t\t\t\t\t\t\t\t\t\t<\/a>\n\t\t\t\t\t\t\t\t\t\t\t\t<\/div>\n\t\t\t\t\t\t\t\t\t\t\t<div class=\"wd-gallery-item wd-col\">\n\t\t\t\t\t\t\t\t\t\t\t\t\t\t<a href=\"https:\/\/ryohome.com.tr\/wp-content\/uploads\/2026\/04\/easy-cep-magazalar-060426-2.jpg\" data-elementor-open-lightbox=\"no\" data-index=\"2\" data-width=\"1920\" data-height=\"1440\" \n\t\t\t\t\t\t\t\t\t\t\t\t >\n\t\t\t\t\t\t\t\t\n\t\t\t\t\t\t\t\t<img loading=\"lazy\" decoding=\"async\" width=\"1920\" height=\"1440\" src=\"https:\/\/ryohome.com.tr\/wp-content\/uploads\/2026\/04\/easy-cep-magazalar-060426-2.jpg\" class=\"wd-gallery-image image-2\" alt=\"\" srcset=\"https:\/\/ryohome.com.tr\/wp-content\/uploads\/2026\/04\/easy-cep-magazalar-060426-2.jpg 1920w, https:\/\/ryohome.com.tr\/wp-content\/uploads\/2026\/04\/easy-cep-magazalar-060426-2-300x225.jpg 300w, https:\/\/ryohome.com.tr\/wp-content\/uploads\/2026\/04\/easy-cep-magazalar-060426-2-1024x768.jpg 1024w, https:\/\/ryohome.com.tr\/wp-content\/uploads\/2026\/04\/easy-cep-magazalar-060426-2-768x576.jpg 768w, https:\/\/ryohome.com.tr\/wp-content\/uploads\/2026\/04\/easy-cep-magazalar-060426-2-1536x1152.jpg 1536w, https:\/\/ryohome.com.tr\/wp-content\/uploads\/2026\/04\/easy-cep-magazalar-060426-2-16x12.jpg 16w, https:\/\/ryohome.com.tr\/wp-content\/uploads\/2026\/04\/easy-cep-magazalar-060426-2-150x113.jpg 150w\" sizes=\"auto, (max-width: 1920px) 100vw, 1920px\" \/>\n\t\t\t\t\t\t\t\t\t\t\t\t\t\t\t<\/a>\n\t\t\t\t\t\t\t\t\t\t\t\t<\/div>\n\t\t\t\t\t\t\t\t\t\t\t<div class=\"wd-gallery-item wd-col\">\n\t\t\t\t\t\t\t\t\t\t\t\t\t\t<a href=\"https:\/\/ryohome.com.tr\/wp-content\/uploads\/2026\/04\/easy-cep-magazalar-060426-3.jpg\" data-elementor-open-lightbox=\"no\" data-index=\"3\" data-width=\"1920\" data-height=\"1440\" \n\t\t\t\t\t\t\t\t\t\t\t\t >\n\t\t\t\t\t\t\t\t\n\t\t\t\t\t\t\t\t<img loading=\"lazy\" decoding=\"async\" width=\"1920\" height=\"1440\" src=\"https:\/\/ryohome.com.tr\/wp-content\/uploads\/2026\/04\/easy-cep-magazalar-060426-3.jpg\" class=\"wd-gallery-image image-3\" alt=\"\" srcset=\"https:\/\/ryohome.com.tr\/wp-content\/uploads\/2026\/04\/easy-cep-magazalar-060426-3.jpg 1920w, https:\/\/ryohome.com.tr\/wp-content\/uploads\/2026\/04\/easy-cep-magazalar-060426-3-300x225.jpg 300w, https:\/\/ryohome.com.tr\/wp-content\/uploads\/2026\/04\/easy-cep-magazalar-060426-3-1024x768.jpg 1024w, https:\/\/ryohome.com.tr\/wp-content\/uploads\/2026\/04\/easy-cep-magazalar-060426-3-768x576.jpg 768w, https:\/\/ryohome.com.tr\/wp-content\/uploads\/2026\/04\/easy-cep-magazalar-060426-3-1536x1152.jpg 1536w, https:\/\/ryohome.com.tr\/wp-content\/uploads\/2026\/04\/easy-cep-magazalar-060426-3-16x12.jpg 16w, https:\/\/ryohome.com.tr\/wp-content\/uploads\/2026\/04\/easy-cep-magazalar-060426-3-150x113.jpg 150w\" sizes=\"auto, (max-width: 1920px) 100vw, 1920px\" \/>\n\t\t\t\t\t\t\t\t\t\t\t\t\t\t\t<\/a>\n\t\t\t\t\t\t\t\t\t\t\t\t<\/div>\n\t\t\t\t\t\t\t\t\t\t\t<div class=\"wd-gallery-item wd-col\">\n\t\t\t\t\t\t\t\t\t\t\t\t\t\t<a href=\"https:\/\/ryohome.com.tr\/wp-content\/uploads\/2026\/04\/easy-cep-magazalar-060426-4.jpg\" data-elementor-open-lightbox=\"no\" data-index=\"4\" data-width=\"1920\" data-height=\"1440\" \n\t\t\t\t\t\t\t\t\t\t\t\t >\n\t\t\t\t\t\t\t\t\n\t\t\t\t\t\t\t\t<img loading=\"lazy\" decoding=\"async\" width=\"1920\" height=\"1440\" src=\"https:\/\/ryohome.com.tr\/wp-content\/uploads\/2026\/04\/easy-cep-magazalar-060426-4.jpg\" class=\"wd-gallery-image image-4\" alt=\"\" srcset=\"https:\/\/ryohome.com.tr\/wp-content\/uploads\/2026\/04\/easy-cep-magazalar-060426-4.jpg 1920w, https:\/\/ryohome.com.tr\/wp-content\/uploads\/2026\/04\/easy-cep-magazalar-060426-4-300x225.jpg 300w, https:\/\/ryohome.com.tr\/wp-content\/uploads\/2026\/04\/easy-cep-magazalar-060426-4-1024x768.jpg 1024w, https:\/\/ryohome.com.tr\/wp-content\/uploads\/2026\/04\/easy-cep-magazalar-060426-4-768x576.jpg 768w, https:\/\/ryohome.com.tr\/wp-content\/uploads\/2026\/04\/easy-cep-magazalar-060426-4-1536x1152.jpg 1536w, https:\/\/ryohome.com.tr\/wp-content\/uploads\/2026\/04\/easy-cep-magazalar-060426-4-16x12.jpg 16w, https:\/\/ryohome.com.tr\/wp-content\/uploads\/2026\/04\/easy-cep-magazalar-060426-4-150x113.jpg 150w\" sizes=\"auto, (max-width: 1920px) 100vw, 1920px\" \/>\n\t\t\t\t\t\t\t\t\t\t\t\t\t\t\t<\/a>\n\t\t\t\t\t\t\t\t\t\t\t\t<\/div>\n\t\t\t\t\t\t\t\t\t\t\t<div class=\"wd-gallery-item wd-col\">\n\t\t\t\t\t\t\t\t\t\t\t\t\t\t<a href=\"https:\/\/ryohome.com.tr\/wp-content\/uploads\/2026\/04\/easy-cep-magazalar-060426-5.jpg\" data-elementor-open-lightbox=\"no\" data-index=\"5\" data-width=\"1920\" data-height=\"1440\" \n\t\t\t\t\t\t\t\t\t\t\t\t >\n\t\t\t\t\t\t\t\t\n\t\t\t\t\t\t\t\t<img loading=\"lazy\" decoding=\"async\" width=\"1920\" height=\"1440\" src=\"https:\/\/ryohome.com.tr\/wp-content\/uploads\/2026\/04\/easy-cep-magazalar-060426-5.jpg\" class=\"wd-gallery-image image-5\" alt=\"\" srcset=\"https:\/\/ryohome.com.tr\/wp-content\/uploads\/2026\/04\/easy-cep-magazalar-060426-5.jpg 1920w, https:\/\/ryohome.com.tr\/wp-content\/uploads\/2026\/04\/easy-cep-magazalar-060426-5-300x225.jpg 300w, https:\/\/ryohome.com.tr\/wp-content\/uploads\/2026\/04\/easy-cep-magazalar-060426-5-1024x768.jpg 1024w, https:\/\/ryohome.com.tr\/wp-content\/uploads\/2026\/04\/easy-cep-magazalar-060426-5-768x576.jpg 768w, https:\/\/ryohome.com.tr\/wp-content\/uploads\/2026\/04\/easy-cep-magazalar-060426-5-1536x1152.jpg 1536w, https:\/\/ryohome.com.tr\/wp-content\/uploads\/2026\/04\/easy-cep-magazalar-060426-5-16x12.jpg 16w, https:\/\/ryohome.com.tr\/wp-content\/uploads\/2026\/04\/easy-cep-magazalar-060426-5-150x113.jpg 150w\" sizes=\"auto, (max-width: 1920px) 100vw, 1920px\" \/>\n\t\t\t\t\t\t\t\t\t\t\t\t\t\t\t<\/a>\n\t\t\t\t\t\t\t\t\t\t\t\t<\/div>\n\t\t\t\t\t\t\t\t\t\t\t<div class=\"wd-gallery-item wd-col\">\n\t\t\t\t\t\t\t\t\t\t\t\t\t\t<a href=\"https:\/\/ryohome.com.tr\/wp-content\/uploads\/2026\/04\/easy-cep-magazalar-060426-6.jpg\" data-elementor-open-lightbox=\"no\" data-index=\"6\" data-width=\"1920\" data-height=\"1440\" \n\t\t\t\t\t\t\t\t\t\t\t\t >\n\t\t\t\t\t\t\t\t\n\t\t\t\t\t\t\t\t<img loading=\"lazy\" decoding=\"async\" width=\"1920\" height=\"1440\" src=\"https:\/\/ryohome.com.tr\/wp-content\/uploads\/2026\/04\/easy-cep-magazalar-060426-6.jpg\" class=\"wd-gallery-image image-6\" alt=\"\" srcset=\"https:\/\/ryohome.com.tr\/wp-content\/uploads\/2026\/04\/easy-cep-magazalar-060426-6.jpg 1920w, https:\/\/ryohome.com.tr\/wp-content\/uploads\/2026\/04\/easy-cep-magazalar-060426-6-300x225.jpg 300w, https:\/\/ryohome.com.tr\/wp-content\/uploads\/2026\/04\/easy-cep-magazalar-060426-6-1024x768.jpg 1024w, https:\/\/ryohome.com.tr\/wp-content\/uploads\/2026\/04\/easy-cep-magazalar-060426-6-768x576.jpg 768w, https:\/\/ryohome.com.tr\/wp-content\/uploads\/2026\/04\/easy-cep-magazalar-060426-6-1536x1152.jpg 1536w, https:\/\/ryohome.com.tr\/wp-content\/uploads\/2026\/04\/easy-cep-magazalar-060426-6-16x12.jpg 16w, https:\/\/ryohome.com.tr\/wp-content\/uploads\/2026\/04\/easy-cep-magazalar-060426-6-150x113.jpg 150w\" sizes=\"auto, (max-width: 1920px) 100vw, 1920px\" \/>\n\t\t\t\t\t\t\t\t\t\t\t\t\t\t\t<\/a>\n\t\t\t\t\t\t\t\t\t\t\t\t<\/div>\n\t\t\t\t\t\t\t\t\t\t\t<div class=\"wd-gallery-item wd-col\">\n\t\t\t\t\t\t\t\t\t\t\t\t\t\t<a href=\"https:\/\/ryohome.com.tr\/wp-content\/uploads\/2026\/04\/easy-cep-magazalar-060426-7.jpg\" data-elementor-open-lightbox=\"no\" data-index=\"7\" data-width=\"1920\" data-height=\"1440\" \n\t\t\t\t\t\t\t\t\t\t\t\t >\n\t\t\t\t\t\t\t\t\n\t\t\t\t\t\t\t\t<img loading=\"lazy\" decoding=\"async\" width=\"1920\" height=\"1440\" src=\"https:\/\/ryohome.com.tr\/wp-content\/uploads\/2026\/04\/easy-cep-magazalar-060426-7.jpg\" class=\"wd-gallery-image image-7\" alt=\"\" srcset=\"https:\/\/ryohome.com.tr\/wp-content\/uploads\/2026\/04\/easy-cep-magazalar-060426-7.jpg 1920w, https:\/\/ryohome.com.tr\/wp-content\/uploads\/2026\/04\/easy-cep-magazalar-060426-7-300x225.jpg 300w, https:\/\/ryohome.com.tr\/wp-content\/uploads\/2026\/04\/easy-cep-magazalar-060426-7-1024x768.jpg 1024w, https:\/\/ryohome.com.tr\/wp-content\/uploads\/2026\/04\/easy-cep-magazalar-060426-7-768x576.jpg 768w, https:\/\/ryohome.com.tr\/wp-content\/uploads\/2026\/04\/easy-cep-magazalar-060426-7-1536x1152.jpg 1536w, https:\/\/ryohome.com.tr\/wp-content\/uploads\/2026\/04\/easy-cep-magazalar-060426-7-16x12.jpg 16w, https:\/\/ryohome.com.tr\/wp-content\/uploads\/2026\/04\/easy-cep-magazalar-060426-7-150x113.jpg 150w\" sizes=\"auto, (max-width: 1920px) 100vw, 1920px\" \/>\n\t\t\t\t\t\t\t\t\t\t\t\t\t\t\t<\/a>\n\t\t\t\t\t\t\t\t\t\t\t\t<\/div>\n\t\t\t\t\t\t\t\t\t\n\t\t\t\t\t\t\t<\/div>\n\n\t\t\t\t\t<\/div>\n\t\t<\/div><\/div><\/div><div class=\"wpb_column vc_column_container vc_col-sm-4 woodmart-sticky-column wd_sticky_offset_150 wd-rs-695c43f95627a\"><div class=\"vc_column-inner\"><div class=\"wpb_wrapper\">\t\t<div id=\"wd-69d3b4cc519f6\" class=\"wd-text-block wd-wpb reset-last-child wd-rs-69d3b4cc519f6 text-left\">\n\t\t\t<p>Yenilenmi\u015f elektronik \u00fcr\u00fcn pazar\u0131n\u0131n lideri EasyCep\u2019in T\u00fcrkiye genelindeki b\u00fcy\u00fcme operasyonu kapsam\u0131nda; \u00e7ok say\u0131da \u015fehirde yer alan cadde ma\u011fazalar\u0131, AVM i\u00e7i ma\u011fazalar ve ortak alan sat\u0131\u015f kiosklar\u0131n\u0131n (stand) mobilya \u00fcretimleri firmam\u0131z taraf\u0131ndan ger\u00e7ekle\u015ftirilmektedir. Markan\u0131n kurumsal konsepti, seri \u00fcretim band\u0131m\u0131zda standardize edilerek t\u00fcm noktalarda ayn\u0131 kalite ve detaylarla uygulanm\u0131\u015ft\u0131r.<\/p>\n<p>\u0130malat ve Uygulama Detaylar\u0131:<br \/>\n\u00dcr\u00fcn Te\u015fhir Masalar\u0131: Ma\u011fazalar\u0131n merkezinde yer alan, metal konstr\u00fcksiyon ayak yap\u0131s\u0131na sahip, do\u011fal ah\u015fap dokulu ve entegre g\u00fcvenlik sistemli deneyim masalar\u0131.<\/p>\n<p>Duvar \u00dcniteleri ve Aksesuar Alanlar\u0131: \u00dcr\u00fcn \u00e7e\u015fitlili\u011fini sergilemek i\u00e7in \u00fcretilen kanall\u0131 pano sistemleri, raf \u00fcniteleri ve stok depolama alanl\u0131 alt dolaplar.<\/p>\n<p>AVM Kiosk (Stand) Sistemleri: Al\u0131\u015fveri\u015f merkezlerinin koridorlar\u0131nda konumlanan, \u00e7elik konstr\u00fcksiyon \u00fczerine giydirme yap\u0131lan, elektrik ve data altyap\u0131s\u0131 mobilyaya entegre edilmi\u015f, ba\u011f\u0131ms\u0131z sat\u0131\u015f noktalar\u0131.<\/p>\n<p>Kurumsal Dekorasyon: Marka kimli\u011fini yans\u0131tan ye\u015fil lake detaylar, \u0131\u015f\u0131kl\u0131 g\u00f6rsel kutular\u0131 ve \u00f6zel \u00fcretim sat\u0131\u015f bankolar\u0131.<\/p>\n<p>Firmam\u0131z, bu projeyle \u00e7oklu lokasyonlara e\u015f zamanl\u0131 \u00fcretim ve montaj yapabilme yetkinli\u011fini ortaya koymu\u015ftur.<\/p>\n\t\t<\/div>\n\t\t<\/div><\/div><\/div><\/div><div class=\"vc_row-full-width vc_clearfix\"><\/div>\n<\/div>","protected":false},"excerpt":{"rendered":"Yenilenmi\u015f elektronik \u00fcr\u00fcn pazar\u0131n\u0131n lideri EasyCep\u2019in T\u00fcrkiye genelindeki b\u00fcy\u00fcme operasyonu kapsam\u0131nda; \u00e7ok say\u0131da \u015fehirde yer alan cadde ma\u011fazalar\u0131, AVM i\u00e7i","protected":false},"author":1,"featured_media":0,"parent":315,"menu_order":0,"comment_status":"closed","ping_status":"closed","template":"","meta":{"footnotes":""},"class_list":["post-1093","page","type-page","status-publish","hentry"],"_links":{"self":[{"href":"https:\/\/ryohome.com.tr\/en\/wp-json\/wp\/v2\/pages\/1093","targetHints":{"allow":["GET"]}}],"collection":[{"href":"https:\/\/ryohome.com.tr\/en\/wp-json\/wp\/v2\/pages"}],"about":[{"href":"https:\/\/ryohome.com.tr\/en\/wp-json\/wp\/v2\/types\/page"}],"author":[{"embeddable":true,"href":"https:\/\/ryohome.com.tr\/en\/wp-json\/wp\/v2\/users\/1"}],"replies":[{"embeddable":true,"href":"https:\/\/ryohome.com.tr\/en\/wp-json\/wp\/v2\/comments?post=1093"}],"version-history":[{"count":1,"href":"https:\/\/ryohome.com.tr\/en\/wp-json\/wp\/v2\/pages\/1093\/revisions"}],"predecessor-version":[{"id":1101,"href":"https:\/\/ryohome.com.tr\/en\/wp-json\/wp\/v2\/pages\/1093\/revisions\/1101"}],"up":[{"embeddable":true,"href":"https:\/\/ryohome.com.tr\/en\/wp-json\/wp\/v2\/pages\/315"}],"wp:attachment":[{"href":"https:\/\/ryohome.com.tr\/en\/wp-json\/wp\/v2\/media?parent=1093"}],"curies":[{"name":"wp","href":"https:\/\/api.w.org\/{rel}","templated":true}]}}