{"id":1105,"date":"2026-04-06T13:35:48","date_gmt":"2026-04-06T13:35:48","guid":{"rendered":"https:\/\/ryohome.com.tr\/?page_id=1105"},"modified":"2026-04-06T13:35:48","modified_gmt":"2026-04-06T13:35:48","slug":"harvey-burger-restorant","status":"publish","type":"page","link":"https:\/\/ryohome.com.tr\/en\/projeler\/harvey-burger-restorant\/","title":{"rendered":"Harvey Burger Restorant"},"content":{"rendered":"<div class=\"wpb-content-wrapper\"><div id=\"project-row\" data-vc-full-width=\"true\" data-vc-full-width-temp=\"true\" data-vc-full-width-init=\"false\" data-vc-stretch-content=\"true\" class=\"vc_row wpb_row vc_row-fluid vc_column-gap-20 vc_row-no-padding vc_row-o-equal-height vc_row-flex wd-rs-695cd0a976373 wd-section-stretch-content-no-pd\"><div class=\"wpb_column vc_column_container vc_col-sm-8\"><div class=\"vc_column-inner\"><div class=\"wpb_wrapper\">\t\t<div id=\"gallery_222\" class=\"wd-images-gallery wd-wpb wd-rs-69d3b61a18f7e photoswipe-images\" style=\"--wd-justify-content:center;--wd-align-items:center;\">\n\t\t\t\n\t\t\t<div class=\"wd-grid-g\" style=\"--wd-col-lg:2;--wd-col-md:2;--wd-col-sm:1;--wd-gap-lg:10px;\">\n\t\t\t\t\n\t\t\t\t\t\t\t\t\t\t\t\t\t\t\t<div class=\"wd-gallery-item wd-col\">\n\t\t\t\t\t\t\t\t\t\t\t\t\t\t<a href=\"https:\/\/ryohome.com.tr\/wp-content\/uploads\/2026\/04\/harvey-burger-restorant-060426-1.jpg\" data-elementor-open-lightbox=\"no\" data-index=\"1\" data-width=\"1920\" data-height=\"1440\" \n\t\t\t\t\t\t\t\t\t\t\t\t >\n\t\t\t\t\t\t\t\t\n\t\t\t\t\t\t\t\t<img loading=\"lazy\" decoding=\"async\" width=\"1920\" height=\"1440\" src=\"https:\/\/ryohome.com.tr\/wp-content\/uploads\/2026\/04\/harvey-burger-restorant-060426-1.jpg\" class=\"wd-gallery-image image-1\" alt=\"\" srcset=\"https:\/\/ryohome.com.tr\/wp-content\/uploads\/2026\/04\/harvey-burger-restorant-060426-1.jpg 1920w, https:\/\/ryohome.com.tr\/wp-content\/uploads\/2026\/04\/harvey-burger-restorant-060426-1-300x225.jpg 300w, https:\/\/ryohome.com.tr\/wp-content\/uploads\/2026\/04\/harvey-burger-restorant-060426-1-1024x768.jpg 1024w, https:\/\/ryohome.com.tr\/wp-content\/uploads\/2026\/04\/harvey-burger-restorant-060426-1-768x576.jpg 768w, https:\/\/ryohome.com.tr\/wp-content\/uploads\/2026\/04\/harvey-burger-restorant-060426-1-1536x1152.jpg 1536w, https:\/\/ryohome.com.tr\/wp-content\/uploads\/2026\/04\/harvey-burger-restorant-060426-1-16x12.jpg 16w, https:\/\/ryohome.com.tr\/wp-content\/uploads\/2026\/04\/harvey-burger-restorant-060426-1-150x113.jpg 150w\" sizes=\"auto, (max-width: 1920px) 100vw, 1920px\" \/>\n\t\t\t\t\t\t\t\t\t\t\t\t\t\t\t<\/a>\n\t\t\t\t\t\t\t\t\t\t\t\t<\/div>\n\t\t\t\t\t\t\t\t\t\t\t<div class=\"wd-gallery-item wd-col\">\n\t\t\t\t\t\t\t\t\t\t\t\t\t\t<a href=\"https:\/\/ryohome.com.tr\/wp-content\/uploads\/2026\/04\/harvey-burger-restorant-060426-2.jpg\" data-elementor-open-lightbox=\"no\" data-index=\"2\" data-width=\"1920\" data-height=\"1440\" \n\t\t\t\t\t\t\t\t\t\t\t\t >\n\t\t\t\t\t\t\t\t\n\t\t\t\t\t\t\t\t<img loading=\"lazy\" decoding=\"async\" width=\"1920\" height=\"1440\" src=\"https:\/\/ryohome.com.tr\/wp-content\/uploads\/2026\/04\/harvey-burger-restorant-060426-2.jpg\" class=\"wd-gallery-image image-2\" alt=\"\" srcset=\"https:\/\/ryohome.com.tr\/wp-content\/uploads\/2026\/04\/harvey-burger-restorant-060426-2.jpg 1920w, https:\/\/ryohome.com.tr\/wp-content\/uploads\/2026\/04\/harvey-burger-restorant-060426-2-300x225.jpg 300w, https:\/\/ryohome.com.tr\/wp-content\/uploads\/2026\/04\/harvey-burger-restorant-060426-2-1024x768.jpg 1024w, https:\/\/ryohome.com.tr\/wp-content\/uploads\/2026\/04\/harvey-burger-restorant-060426-2-768x576.jpg 768w, https:\/\/ryohome.com.tr\/wp-content\/uploads\/2026\/04\/harvey-burger-restorant-060426-2-1536x1152.jpg 1536w, https:\/\/ryohome.com.tr\/wp-content\/uploads\/2026\/04\/harvey-burger-restorant-060426-2-16x12.jpg 16w, https:\/\/ryohome.com.tr\/wp-content\/uploads\/2026\/04\/harvey-burger-restorant-060426-2-150x113.jpg 150w\" sizes=\"auto, (max-width: 1920px) 100vw, 1920px\" \/>\n\t\t\t\t\t\t\t\t\t\t\t\t\t\t\t<\/a>\n\t\t\t\t\t\t\t\t\t\t\t\t<\/div>\n\t\t\t\t\t\t\t\t\t\t\t<div class=\"wd-gallery-item wd-col\">\n\t\t\t\t\t\t\t\t\t\t\t\t\t\t<a href=\"https:\/\/ryohome.com.tr\/wp-content\/uploads\/2026\/04\/harvey-burger-restorant-060426-3.jpg\" data-elementor-open-lightbox=\"no\" data-index=\"3\" data-width=\"1920\" data-height=\"1440\" \n\t\t\t\t\t\t\t\t\t\t\t\t >\n\t\t\t\t\t\t\t\t\n\t\t\t\t\t\t\t\t<img loading=\"lazy\" decoding=\"async\" width=\"1920\" height=\"1440\" src=\"https:\/\/ryohome.com.tr\/wp-content\/uploads\/2026\/04\/harvey-burger-restorant-060426-3.jpg\" class=\"wd-gallery-image image-3\" alt=\"\" srcset=\"https:\/\/ryohome.com.tr\/wp-content\/uploads\/2026\/04\/harvey-burger-restorant-060426-3.jpg 1920w, https:\/\/ryohome.com.tr\/wp-content\/uploads\/2026\/04\/harvey-burger-restorant-060426-3-300x225.jpg 300w, https:\/\/ryohome.com.tr\/wp-content\/uploads\/2026\/04\/harvey-burger-restorant-060426-3-1024x768.jpg 1024w, https:\/\/ryohome.com.tr\/wp-content\/uploads\/2026\/04\/harvey-burger-restorant-060426-3-768x576.jpg 768w, https:\/\/ryohome.com.tr\/wp-content\/uploads\/2026\/04\/harvey-burger-restorant-060426-3-1536x1152.jpg 1536w, https:\/\/ryohome.com.tr\/wp-content\/uploads\/2026\/04\/harvey-burger-restorant-060426-3-16x12.jpg 16w, https:\/\/ryohome.com.tr\/wp-content\/uploads\/2026\/04\/harvey-burger-restorant-060426-3-150x113.jpg 150w\" sizes=\"auto, (max-width: 1920px) 100vw, 1920px\" \/>\n\t\t\t\t\t\t\t\t\t\t\t\t\t\t\t<\/a>\n\t\t\t\t\t\t\t\t\t\t\t\t<\/div>\n\t\t\t\t\t\t\t\t\t\t\t<div class=\"wd-gallery-item wd-col\">\n\t\t\t\t\t\t\t\t\t\t\t\t\t\t<a href=\"https:\/\/ryohome.com.tr\/wp-content\/uploads\/2026\/04\/harvey-burger-restorant-060426-4.jpg\" data-elementor-open-lightbox=\"no\" data-index=\"4\" data-width=\"1920\" data-height=\"1440\" \n\t\t\t\t\t\t\t\t\t\t\t\t >\n\t\t\t\t\t\t\t\t\n\t\t\t\t\t\t\t\t<img loading=\"lazy\" decoding=\"async\" width=\"1920\" height=\"1440\" src=\"https:\/\/ryohome.com.tr\/wp-content\/uploads\/2026\/04\/harvey-burger-restorant-060426-4.jpg\" class=\"wd-gallery-image image-4\" alt=\"\" srcset=\"https:\/\/ryohome.com.tr\/wp-content\/uploads\/2026\/04\/harvey-burger-restorant-060426-4.jpg 1920w, https:\/\/ryohome.com.tr\/wp-content\/uploads\/2026\/04\/harvey-burger-restorant-060426-4-300x225.jpg 300w, https:\/\/ryohome.com.tr\/wp-content\/uploads\/2026\/04\/harvey-burger-restorant-060426-4-1024x768.jpg 1024w, https:\/\/ryohome.com.tr\/wp-content\/uploads\/2026\/04\/harvey-burger-restorant-060426-4-768x576.jpg 768w, https:\/\/ryohome.com.tr\/wp-content\/uploads\/2026\/04\/harvey-burger-restorant-060426-4-1536x1152.jpg 1536w, https:\/\/ryohome.com.tr\/wp-content\/uploads\/2026\/04\/harvey-burger-restorant-060426-4-16x12.jpg 16w, https:\/\/ryohome.com.tr\/wp-content\/uploads\/2026\/04\/harvey-burger-restorant-060426-4-150x113.jpg 150w\" sizes=\"auto, (max-width: 1920px) 100vw, 1920px\" \/>\n\t\t\t\t\t\t\t\t\t\t\t\t\t\t\t<\/a>\n\t\t\t\t\t\t\t\t\t\t\t\t<\/div>\n\t\t\t\t\t\t\t\t\t\n\t\t\t\t\t\t\t<\/div>\n\n\t\t\t\t\t<\/div>\n\t\t<\/div><\/div><\/div><div class=\"wpb_column vc_column_container vc_col-sm-4 woodmart-sticky-column wd_sticky_offset_150 wd-rs-695c43f95627a\"><div class=\"vc_column-inner\"><div class=\"wpb_wrapper\">\t\t<div id=\"wd-69d3b6adabc80\" class=\"wd-text-block wd-wpb reset-last-child wd-rs-69d3b6adabc80 text-left\">\n\t\t\t<div class=\"project-info\">\n<div class=\"project-title\">\n<h1>Harvey Burger Restoran Projesi<\/h1>\n<\/div>\n<div class=\"project-short-desc\">\n<p>            \u015eehrin dinamik lezzet duraklar\u0131ndan Harvey Burger projesinde; mimari ekibin tasarlad\u0131\u011f\u0131 konseptin t\u00fcm sabit ah\u015fap ve hareketli mobilya \u00fcretimleri firmam\u0131z taraf\u0131ndan \u00fcstlenilmi\u015ftir. Mimari projenin gerektirdi\u011fi y\u00fcksek standartlar\u0131, end\u00fcstriyel \u00fcretim g\u00fcc\u00fcm\u00fcz ve kusursuz montaj i\u015f\u00e7ili\u011fimizle birle\u015ftirerek, yo\u011fun restoran kullan\u0131m\u0131na uygun, uzun \u00f6m\u00fcrl\u00fc ve dayan\u0131kl\u0131 donat\u0131lar \u00fcrettik.<\/p>\n<h2>Mekan ve Uygulama Detaylar\u0131:<\/h2>\n<p>            <strong>Duvar Kaplamalar\u0131:<\/strong> Mimari projenin belirleyici unsurlar\u0131ndan olan dikey formlu ah\u015fap duvar panelleri (lambri), \u00fcretim tesisimizde milimetrik hassasiyetle ebatlanm\u0131\u015f ve sahada kusursuz bir hizalamayla monte edilmi\u015ftir. Y\u00fczey kalitesi ve birle\u015fim detaylar\u0131ndaki titizlik sayesinde, projedeki ayd\u0131nlatma ve tabela r\u00f6l\u00f6velerine tam uyumlu bir altyap\u0131 sa\u011flanm\u0131\u015ft\u0131r.<\/p>\n<p>            <strong>Sipari\u015f ve Kar\u015f\u0131lama Bankosu:<\/strong> CNC kesim tekni\u011fiyle \u00fcretilen dikey yivli beyaz banko cephesi, yo\u011fun sirk\u00fclasyona ve temasa dayan\u0131kl\u0131 malzemeler se\u00e7ilerek imal edilmi\u015ftir. Banko alt\u0131 ayd\u0131nlatma profillerinin ah\u015fapla entegrasyonu ve p\u00fcr\u00fczs\u00fcz lake y\u00fczey biti\u015fleri, projesine birebir sad\u0131k kal\u0131narak usta i\u015f\u00e7ilikle hayata ge\u00e7irilmi\u015ftir.<\/p>\n<p>            <strong>Sabit Oturma Gruplar\u0131 ve Masalar:<\/strong> Restoran\u0131n a\u011f\u0131r kullan\u0131m \u015fartlar\u0131na yan\u0131t verecek \u015fekilde \u00fcretilen do\u011fal ah\u015fap dokulu masa tablalar\u0131, \u00f6zel cila uygulamalar\u0131yla s\u0131v\u0131ya ve \u00e7izilmeye kar\u015f\u0131 ekstra koruma alt\u0131na al\u0131nm\u0131\u015ft\u0131r. Ah\u015fap duvar panelleriyle entegre edilen sabit oturma localar\u0131n\u0131n i\u00e7 karkas imalatlar\u0131, uzun y\u0131llar formunu koruyacak sa\u011flaml\u0131kta \u00fcretilmi\u015f ve montaj\u0131 tamamlanm\u0131\u015ft\u0131r.<\/p>\n<\/div>\n<\/div>\n\t\t<\/div>\n\t\t<\/div><\/div><\/div><\/div><div class=\"vc_row-full-width vc_clearfix\"><\/div>\n<\/div>","protected":false},"excerpt":{"rendered":"Harvey Burger Restoran Projesi \u015eehrin dinamik lezzet duraklar\u0131ndan Harvey Burger projesinde; mimari ekibin tasarlad\u0131\u011f\u0131 konseptin t\u00fcm sabit ah\u015fap ve hareketli","protected":false},"author":1,"featured_media":0,"parent":315,"menu_order":0,"comment_status":"closed","ping_status":"closed","template":"","meta":{"footnotes":""},"class_list":["post-1105","page","type-page","status-publish","hentry"],"_links":{"self":[{"href":"https:\/\/ryohome.com.tr\/en\/wp-json\/wp\/v2\/pages\/1105","targetHints":{"allow":["GET"]}}],"collection":[{"href":"https:\/\/ryohome.com.tr\/en\/wp-json\/wp\/v2\/pages"}],"about":[{"href":"https:\/\/ryohome.com.tr\/en\/wp-json\/wp\/v2\/types\/page"}],"author":[{"embeddable":true,"href":"https:\/\/ryohome.com.tr\/en\/wp-json\/wp\/v2\/users\/1"}],"replies":[{"embeddable":true,"href":"https:\/\/ryohome.com.tr\/en\/wp-json\/wp\/v2\/comments?post=1105"}],"version-history":[{"count":1,"href":"https:\/\/ryohome.com.tr\/en\/wp-json\/wp\/v2\/pages\/1105\/revisions"}],"predecessor-version":[{"id":1110,"href":"https:\/\/ryohome.com.tr\/en\/wp-json\/wp\/v2\/pages\/1105\/revisions\/1110"}],"up":[{"embeddable":true,"href":"https:\/\/ryohome.com.tr\/en\/wp-json\/wp\/v2\/pages\/315"}],"wp:attachment":[{"href":"https:\/\/ryohome.com.tr\/en\/wp-json\/wp\/v2\/media?parent=1105"}],"curies":[{"name":"wp","href":"https:\/\/api.w.org\/{rel}","templated":true}]}}