{"id":24,"date":"2025-11-12T10:13:48","date_gmt":"2025-11-12T10:13:48","guid":{"rendered":"https:\/\/lightskyblue-woodcock-148784.hostingersite.com\/?page_id=24"},"modified":"2026-01-26T13:04:57","modified_gmt":"2026-01-26T13:04:57","slug":"hakkimizda","status":"publish","type":"page","link":"https:\/\/ryohome.com.tr\/en\/hakkimizda\/","title":{"rendered":"About Us"},"content":{"rendered":"<div class=\"wpb-content-wrapper\"><div id=\"fabrika-tanitim-row\" data-vc-full-width=\"true\" data-vc-full-width-temp=\"true\" data-vc-full-width-init=\"false\" data-vc-stretch-content=\"true\" class=\"vc_row wpb_row vc_row-fluid vc_row-no-padding wd-rs-69158e55a8c2d\"><div class=\"wpb_column vc_column_container vc_col-sm-12\"><div class=\"vc_column-inner\"><div class=\"wpb_wrapper\">\t\t<div class=\"promo-banner-wrapper  wd-rs-6924d406b4dfb\">\n\t\t\t<div id=\"wd-6924d406b4dfb\" class=\"promo-banner  banner- banner-hover-none color-scheme-light banner-btn-size-default banner-btn-style-default  wd-underline-colored\">\n\t\t\t\t<div class=\"main-wrapp-img\">\n\t\t\t\t\t<div class=\"banner-image wd-bg-position-center\" >\n\t\t\t\t\t\t<video src=\"https:\/\/ryohome.com.tr\/wp-content\/uploads\/2025\/11\/ryo-home-fabrika-videosu-241125-2.mp4 \" autoplay muted loop playsinline><\/video>\t\t\t\t\t<\/div>\n\t\t\t\t<\/div>\n\n\t\t\t\t<div class=\"wrapper-content-banner wd-fill  wd-items-top wd-justify-left\">\n\t\t\t\t\t<div class=\"content-banner  text-left\">\n\t\t\t\t\t\t\t\t\t\t\t\t\n\t\t\t\t\t\t\n\t\t\t\t\t\t\t\t\t\t\t<\/div>\n\t\t\t\t<\/div>\n\n\t\t\t\t\n\t\t\t\t\t\t\t<\/div>\n\t\t<\/div>\n\n\t\t\t\t<div class=\"wd-el-video wd-wpb wd-rs-6924c3488926d wd-action-action_button wd-video-youtube\">\n\t\t\t\n\t\t\t\t\t\t\t\t\t\t\t<div id=\"wd-6924c3488926d\" class=\"wd-rs-6924c3488926d  wd-button-wrapper text-center\"><a href=\"\/en\/www.youtube.com\/watch\/?v=TvadY5Pgu7M\" title=\"\" class=\"btn btn-style-default btn-shape-rectangle btn-size-default btn-icon-pos-left\">Watch The Promotional Video<span class=\"wd-btn-icon\"><span class=\"wd-icon fa fa-solid fa-video\"><\/span><\/span><\/a><\/div>\t\t\t\n\t\t\t\n\t\t\t\t\t<\/div>\n\t\t<\/div><\/div><\/div><\/div><div class=\"vc_row-full-width vc_clearfix\"><\/div><div id=\"text-row\" data-vc-full-width=\"true\" data-vc-full-width-temp=\"true\" data-vc-full-width-init=\"false\" data-vc-stretch-content=\"true\" class=\"vc_row wpb_row vc_row-fluid vc_custom_1769422006210 vc_row-no-padding vc_row-o-equal-height vc_row-flex wd-rs-69773cb066ebf\"><div class=\"wpb_column vc_column_container vc_col-sm-6\"><div class=\"vc_column-inner\"><div class=\"wpb_wrapper\">\t\t<div id=\"wd-69773ca04ce06\" class=\"wd-text-block wd-wpb reset-last-child wd-rs-69773ca04ce06 text-left\">\n\t\t\t<div class=\"hakkimizda-text-content\">\n<div class=\"row\">\n<h2>About Us<\/h2>\n<\/div>\n<div class=\"row\">\n<div class=\"spacer\"><\/div>\n<\/div>\n<div class=\"row\">\n<div class=\"subtitle\">Yolculu\u011fumuzu Ke\u015ffedin<\/div>\n<p>T\u00fcrkiye mobilya sekt\u00f6r\u00fcnde yar\u0131m asr\u0131 a\u015fan tecr\u00fcbesiyle yenilik\u00e7i bir marka olarak bilinen RYO Home, yolculu\u011funa 1968 y\u0131l\u0131nda \u0130stanbul\u2019da ba\u015flam\u0131\u015ft\u0131r. Kurulu\u015fundan bug\u00fcne ta\u015f\u0131d\u0131\u011f\u0131 marka miras\u0131n\u0131, sekt\u00f6r\u00fcn g\u00fc\u00e7l\u00fc oyuncular\u0131ndan Cabir Holding b\u00fcnyesine kat\u0131larak ta\u00e7land\u0131ran firmam\u0131z; bug\u00fcn Cabir Mobilya\u2019n\u0131n k\u00f6kl\u00fc kurumsal yap\u0131s\u0131 ve g\u00fc\u00e7l\u00fc \u00fcretim kapasitesiyle yoluna devam etmektedir.<\/p>\n<\/div>\n<div class=\"row\">\n<div class=\"spacer\"><\/div>\n<\/div>\n<div class=\"row\">\n<p>Ge\u00e7mi\u015fin tecr\u00fcbesini g\u00fcn\u00fcm\u00fcz\u00fcn modern ya\u015fam standartlar\u0131yla yeniden yorumlayan RYO Home, yeni d\u00f6nemde tasar\u0131m anlay\u0131\u015f\u0131n\u0131 tamamen modern ve \u00e7a\u011fda\u015f \u00e7izgiler \u00fczerine kurgulam\u0131\u015ft\u0131r. Ba\u015fak\u015fehir\u2019de bulunan fabrikam\u0131zda, Cabir Mobilya\u2019n\u0131n teknolojik altyap\u0131s\u0131n\u0131 ve y\u00fcksek standartlar\u0131n\u0131 kullanarak; esteti\u011fin, konforun ve dayan\u0131kl\u0131l\u0131\u011f\u0131n en \u00fcst seviyede bulu\u015ftu\u011fu koleksiyonlar haz\u0131rlamaktay\u0131z. Markam\u0131z, s\u0131radan \u00fcretim tekniklerinin \u00f6tesine ge\u00e7erek, her bir par\u00e7as\u0131nda malzeme kalitesinin ve \u00fcst d\u00fczey m\u00fchendisli\u011fin hissedildi\u011fi prestijli \u00fcr\u00fcnler sunmaktad\u0131r.<\/p>\n<\/div>\n<div class=\"row\">\n<div class=\"spacer\"><\/div>\n<\/div>\n<div class=\"row\">\n<p>Bug\u00fcn \u0130stanbul \u0130kitelli\u2013MASKO ve Denizli ma\u011fazalar\u0131m\u0131zda de\u011ferli m\u00fc\u015fterilerimize hizmet verirken, s\u0131n\u0131rlar\u0131m\u0131z\u0131n \u00e7ok \u00f6tesinde global bir vizyonla hareket ediyoruz. Avrupa ve Amerika pazarlar\u0131 ba\u015fta olmak \u00fczere; S\u0131rbistan, Romanya ve Azerbaycan gibi \u00e7evre \u00fclkelerden, Suudi Arabistan, Dubai, Katar gibi K\u00f6rfez \u00fclkelerine ve Afrika k\u0131tas\u0131na kadar uzanan geni\u015f bir co\u011frafyada, konut ve ticari alan projelerine imza atmaktay\u0131z.<\/p>\n<\/div>\n<div class=\"row\">\n<div class=\"spacer\"><\/div>\n<\/div>\n<div class=\"row\">\n<p>Hedefimiz; 1968\u2019den gelen g\u00fcvenilirli\u011fimizi ve tecr\u00fcbemizi, modern mobilya d\u00fcnyas\u0131n\u0131n gerektirdi\u011fi en \u00fcst kalite ve estetik standartlar\u0131yla gelece\u011fe ta\u015f\u0131makt\u0131r. RYO Home, ya\u015fam alanlar\u0131na de\u011fer katan \u00f6zg\u00fcn tasar\u0131mlar\u0131yla, T\u00fcrkiye\u2019de ve d\u00fcnyada se\u00e7kin mekanlar\u0131n tercihi olmaya devam etmektedir.<\/p>\n<\/div>\n<\/div>\n\t\t<\/div>\n\t\t<\/div><\/div><\/div><div class=\"wpb_column vc_column_container vc_col-sm-6 woodmart-sticky-column wd_sticky_offset_150 wd-rs-69773cb79cf4f\"><div class=\"vc_column-inner\"><div class=\"wpb_wrapper\">\t\t<div id=\"wd-69259130a6bac\" class=\"wd-image wd-wpb wd-rs-69259130a6bac text-left\">\n\t\t\t\n\t\t\t<img loading=\"lazy\" decoding=\"async\" width=\"1440\" height=\"1920\" src=\"https:\/\/ryohome.com.tr\/wp-content\/uploads\/2025\/11\/ryohome-magaza-img-251125-1.jpg\" class=\"attachment-full size-full\" alt=\"\" srcset=\"https:\/\/ryohome.com.tr\/wp-content\/uploads\/2025\/11\/ryohome-magaza-img-251125-1.jpg 1440w, https:\/\/ryohome.com.tr\/wp-content\/uploads\/2025\/11\/ryohome-magaza-img-251125-1-225x300.jpg 225w, https:\/\/ryohome.com.tr\/wp-content\/uploads\/2025\/11\/ryohome-magaza-img-251125-1-768x1024.jpg 768w, https:\/\/ryohome.com.tr\/wp-content\/uploads\/2025\/11\/ryohome-magaza-img-251125-1-1152x1536.jpg 1152w, https:\/\/ryohome.com.tr\/wp-content\/uploads\/2025\/11\/ryohome-magaza-img-251125-1-9x12.jpg 9w, https:\/\/ryohome.com.tr\/wp-content\/uploads\/2025\/11\/ryohome-magaza-img-251125-1-150x200.jpg 150w\" sizes=\"auto, (max-width: 1440px) 100vw, 1440px\" \/>\n\t\t\t\t\t<\/div>\n\t\t<\/div><\/div><\/div><\/div><div class=\"vc_row-full-width vc_clearfix\"><\/div>\n<\/div>","protected":false},"excerpt":{"rendered":"Tan\u0131t\u0131m Videosunu \u0130zleyin Hakk\u0131m\u0131zda Yolculu\u011fumuzu Ke\u015ffedin T\u00fcrkiye mobilya sekt\u00f6r\u00fcnde yar\u0131m asr\u0131 a\u015fan tecr\u00fcbesiyle yenilik\u00e7i bir marka olarak bilinen RYO Home,","protected":false},"author":1,"featured_media":0,"parent":0,"menu_order":0,"comment_status":"closed","ping_status":"closed","template":"","meta":{"footnotes":""},"class_list":["post-24","page","type-page","status-publish","hentry"],"_links":{"self":[{"href":"https:\/\/ryohome.com.tr\/en\/wp-json\/wp\/v2\/pages\/24","targetHints":{"allow":["GET"]}}],"collection":[{"href":"https:\/\/ryohome.com.tr\/en\/wp-json\/wp\/v2\/pages"}],"about":[{"href":"https:\/\/ryohome.com.tr\/en\/wp-json\/wp\/v2\/types\/page"}],"author":[{"embeddable":true,"href":"https:\/\/ryohome.com.tr\/en\/wp-json\/wp\/v2\/users\/1"}],"replies":[{"embeddable":true,"href":"https:\/\/ryohome.com.tr\/en\/wp-json\/wp\/v2\/comments?post=24"}],"version-history":[{"count":21,"href":"https:\/\/ryohome.com.tr\/en\/wp-json\/wp\/v2\/pages\/24\/revisions"}],"predecessor-version":[{"id":474,"href":"https:\/\/ryohome.com.tr\/en\/wp-json\/wp\/v2\/pages\/24\/revisions\/474"}],"wp:attachment":[{"href":"https:\/\/ryohome.com.tr\/en\/wp-json\/wp\/v2\/media?parent=24"}],"curies":[{"name":"wp","href":"https:\/\/api.w.org\/{rel}","templated":true}]}}