{"id":328,"date":"2026-01-06T09:07:50","date_gmt":"2026-01-06T09:07:50","guid":{"rendered":"https:\/\/lightskyblue-woodcock-148784.hostingersite.com\/?page_id=328"},"modified":"2026-01-26T10:15:51","modified_gmt":"2026-01-26T10:15:51","slug":"bahcelievler-dis-polikinligi","status":"publish","type":"page","link":"https:\/\/ryohome.com.tr\/en\/projeler\/bahcelievler-dis-polikinligi\/","title":{"rendered":"Bah\u00e7elievler Di\u015f Polikinli\u011fi"},"content":{"rendered":"<div class=\"wpb-content-wrapper\"><div id=\"project-row\" data-vc-full-width=\"true\" data-vc-full-width-temp=\"true\" data-vc-full-width-init=\"false\" data-vc-stretch-content=\"true\" class=\"vc_row wpb_row vc_row-fluid vc_column-gap-20 vc_row-no-padding vc_row-o-equal-height vc_row-flex wd-rs-695cd0a976373 wd-section-stretch-content-no-pd\"><div class=\"wpb_column vc_column_container vc_col-sm-8\"><div class=\"vc_column-inner\"><div class=\"wpb_wrapper\">\t\t<div id=\"gallery_543\" class=\"wd-images-gallery wd-wpb wd-rs-696a05dfbaea2 photoswipe-images\" style=\"--wd-justify-content:center;--wd-align-items:center;\">\n\t\t\t\n\t\t\t<div class=\"wd-grid-g\" style=\"--wd-col-lg:2;--wd-col-md:2;--wd-col-sm:1;--wd-gap-lg:10px;\">\n\t\t\t\t\n\t\t\t\t\t\t\t\t\t\t\t\t\t\t\t<div class=\"wd-gallery-item wd-col\">\n\t\t\t\t\t\t\t\t\t\t\t\t\t\t<a href=\"https:\/\/ryohome.com.tr\/wp-content\/uploads\/2026\/01\/bahcelievler-dis-polikinligi-060126-1.jpg\" data-elementor-open-lightbox=\"no\" data-index=\"1\" data-width=\"1920\" data-height=\"1440\" \n\t\t\t\t\t\t\t\t\t\t\t\t >\n\t\t\t\t\t\t\t\t\n\t\t\t\t\t\t\t\t<img loading=\"lazy\" decoding=\"async\" width=\"1920\" height=\"1440\" src=\"https:\/\/ryohome.com.tr\/wp-content\/uploads\/2026\/01\/bahcelievler-dis-polikinligi-060126-1.jpg\" class=\"wd-gallery-image image-1\" alt=\"\" srcset=\"https:\/\/ryohome.com.tr\/wp-content\/uploads\/2026\/01\/bahcelievler-dis-polikinligi-060126-1.jpg 1920w, https:\/\/ryohome.com.tr\/wp-content\/uploads\/2026\/01\/bahcelievler-dis-polikinligi-060126-1-300x225.jpg 300w, https:\/\/ryohome.com.tr\/wp-content\/uploads\/2026\/01\/bahcelievler-dis-polikinligi-060126-1-1024x768.jpg 1024w, https:\/\/ryohome.com.tr\/wp-content\/uploads\/2026\/01\/bahcelievler-dis-polikinligi-060126-1-768x576.jpg 768w, https:\/\/ryohome.com.tr\/wp-content\/uploads\/2026\/01\/bahcelievler-dis-polikinligi-060126-1-1536x1152.jpg 1536w, https:\/\/ryohome.com.tr\/wp-content\/uploads\/2026\/01\/bahcelievler-dis-polikinligi-060126-1-16x12.jpg 16w, https:\/\/ryohome.com.tr\/wp-content\/uploads\/2026\/01\/bahcelievler-dis-polikinligi-060126-1-150x113.jpg 150w\" sizes=\"auto, (max-width: 1920px) 100vw, 1920px\" \/>\n\t\t\t\t\t\t\t\t\t\t\t\t\t\t\t<\/a>\n\t\t\t\t\t\t\t\t\t\t\t\t<\/div>\n\t\t\t\t\t\t\t\t\t\t\t<div class=\"wd-gallery-item wd-col\">\n\t\t\t\t\t\t\t\t\t\t\t\t\t\t<a href=\"https:\/\/ryohome.com.tr\/wp-content\/uploads\/2026\/01\/bahcelievler-dis-polikinligi-060126-2.jpg\" data-elementor-open-lightbox=\"no\" data-index=\"2\" data-width=\"1920\" data-height=\"1440\" \n\t\t\t\t\t\t\t\t\t\t\t\t >\n\t\t\t\t\t\t\t\t\n\t\t\t\t\t\t\t\t<img loading=\"lazy\" decoding=\"async\" width=\"1920\" height=\"1440\" src=\"https:\/\/ryohome.com.tr\/wp-content\/uploads\/2026\/01\/bahcelievler-dis-polikinligi-060126-2.jpg\" class=\"wd-gallery-image image-2\" alt=\"\" srcset=\"https:\/\/ryohome.com.tr\/wp-content\/uploads\/2026\/01\/bahcelievler-dis-polikinligi-060126-2.jpg 1920w, https:\/\/ryohome.com.tr\/wp-content\/uploads\/2026\/01\/bahcelievler-dis-polikinligi-060126-2-300x225.jpg 300w, https:\/\/ryohome.com.tr\/wp-content\/uploads\/2026\/01\/bahcelievler-dis-polikinligi-060126-2-1024x768.jpg 1024w, https:\/\/ryohome.com.tr\/wp-content\/uploads\/2026\/01\/bahcelievler-dis-polikinligi-060126-2-768x576.jpg 768w, https:\/\/ryohome.com.tr\/wp-content\/uploads\/2026\/01\/bahcelievler-dis-polikinligi-060126-2-1536x1152.jpg 1536w, https:\/\/ryohome.com.tr\/wp-content\/uploads\/2026\/01\/bahcelievler-dis-polikinligi-060126-2-16x12.jpg 16w, https:\/\/ryohome.com.tr\/wp-content\/uploads\/2026\/01\/bahcelievler-dis-polikinligi-060126-2-150x113.jpg 150w\" sizes=\"auto, (max-width: 1920px) 100vw, 1920px\" \/>\n\t\t\t\t\t\t\t\t\t\t\t\t\t\t\t<\/a>\n\t\t\t\t\t\t\t\t\t\t\t\t<\/div>\n\t\t\t\t\t\t\t\t\t\t\t<div class=\"wd-gallery-item wd-col\">\n\t\t\t\t\t\t\t\t\t\t\t\t\t\t<a href=\"https:\/\/ryohome.com.tr\/wp-content\/uploads\/2026\/01\/bahcelievler-dis-polikinligi-060126-3.jpg\" data-elementor-open-lightbox=\"no\" data-index=\"3\" data-width=\"1920\" data-height=\"1440\" \n\t\t\t\t\t\t\t\t\t\t\t\t >\n\t\t\t\t\t\t\t\t\n\t\t\t\t\t\t\t\t<img loading=\"lazy\" decoding=\"async\" width=\"1920\" height=\"1440\" src=\"https:\/\/ryohome.com.tr\/wp-content\/uploads\/2026\/01\/bahcelievler-dis-polikinligi-060126-3.jpg\" class=\"wd-gallery-image image-3\" alt=\"\" srcset=\"https:\/\/ryohome.com.tr\/wp-content\/uploads\/2026\/01\/bahcelievler-dis-polikinligi-060126-3.jpg 1920w, https:\/\/ryohome.com.tr\/wp-content\/uploads\/2026\/01\/bahcelievler-dis-polikinligi-060126-3-300x225.jpg 300w, https:\/\/ryohome.com.tr\/wp-content\/uploads\/2026\/01\/bahcelievler-dis-polikinligi-060126-3-1024x768.jpg 1024w, https:\/\/ryohome.com.tr\/wp-content\/uploads\/2026\/01\/bahcelievler-dis-polikinligi-060126-3-768x576.jpg 768w, https:\/\/ryohome.com.tr\/wp-content\/uploads\/2026\/01\/bahcelievler-dis-polikinligi-060126-3-1536x1152.jpg 1536w, https:\/\/ryohome.com.tr\/wp-content\/uploads\/2026\/01\/bahcelievler-dis-polikinligi-060126-3-16x12.jpg 16w, https:\/\/ryohome.com.tr\/wp-content\/uploads\/2026\/01\/bahcelievler-dis-polikinligi-060126-3-150x113.jpg 150w\" sizes=\"auto, (max-width: 1920px) 100vw, 1920px\" \/>\n\t\t\t\t\t\t\t\t\t\t\t\t\t\t\t<\/a>\n\t\t\t\t\t\t\t\t\t\t\t\t<\/div>\n\t\t\t\t\t\t\t\t\t\t\t<div class=\"wd-gallery-item wd-col\">\n\t\t\t\t\t\t\t\t\t\t\t\t\t\t<a href=\"https:\/\/ryohome.com.tr\/wp-content\/uploads\/2026\/01\/bahcelievler-dis-polikinligi-060126-4.jpg\" data-elementor-open-lightbox=\"no\" data-index=\"4\" data-width=\"1920\" data-height=\"1440\" \n\t\t\t\t\t\t\t\t\t\t\t\t >\n\t\t\t\t\t\t\t\t\n\t\t\t\t\t\t\t\t<img loading=\"lazy\" decoding=\"async\" width=\"1920\" height=\"1440\" src=\"https:\/\/ryohome.com.tr\/wp-content\/uploads\/2026\/01\/bahcelievler-dis-polikinligi-060126-4.jpg\" class=\"wd-gallery-image image-4\" alt=\"\" srcset=\"https:\/\/ryohome.com.tr\/wp-content\/uploads\/2026\/01\/bahcelievler-dis-polikinligi-060126-4.jpg 1920w, https:\/\/ryohome.com.tr\/wp-content\/uploads\/2026\/01\/bahcelievler-dis-polikinligi-060126-4-300x225.jpg 300w, https:\/\/ryohome.com.tr\/wp-content\/uploads\/2026\/01\/bahcelievler-dis-polikinligi-060126-4-1024x768.jpg 1024w, https:\/\/ryohome.com.tr\/wp-content\/uploads\/2026\/01\/bahcelievler-dis-polikinligi-060126-4-768x576.jpg 768w, https:\/\/ryohome.com.tr\/wp-content\/uploads\/2026\/01\/bahcelievler-dis-polikinligi-060126-4-1536x1152.jpg 1536w, https:\/\/ryohome.com.tr\/wp-content\/uploads\/2026\/01\/bahcelievler-dis-polikinligi-060126-4-16x12.jpg 16w, https:\/\/ryohome.com.tr\/wp-content\/uploads\/2026\/01\/bahcelievler-dis-polikinligi-060126-4-150x113.jpg 150w\" sizes=\"auto, (max-width: 1920px) 100vw, 1920px\" \/>\n\t\t\t\t\t\t\t\t\t\t\t\t\t\t\t<\/a>\n\t\t\t\t\t\t\t\t\t\t\t\t<\/div>\n\t\t\t\t\t\t\t\t\t\t\t<div class=\"wd-gallery-item wd-col\">\n\t\t\t\t\t\t\t\t\t\t\t\t\t\t<a href=\"https:\/\/ryohome.com.tr\/wp-content\/uploads\/2026\/01\/bahcelievler-dis-polikinligi-060126-5.jpg\" data-elementor-open-lightbox=\"no\" data-index=\"5\" data-width=\"1920\" data-height=\"1440\" \n\t\t\t\t\t\t\t\t\t\t\t\t >\n\t\t\t\t\t\t\t\t\n\t\t\t\t\t\t\t\t<img loading=\"lazy\" decoding=\"async\" width=\"1920\" height=\"1440\" src=\"https:\/\/ryohome.com.tr\/wp-content\/uploads\/2026\/01\/bahcelievler-dis-polikinligi-060126-5.jpg\" class=\"wd-gallery-image image-5\" alt=\"\" srcset=\"https:\/\/ryohome.com.tr\/wp-content\/uploads\/2026\/01\/bahcelievler-dis-polikinligi-060126-5.jpg 1920w, https:\/\/ryohome.com.tr\/wp-content\/uploads\/2026\/01\/bahcelievler-dis-polikinligi-060126-5-300x225.jpg 300w, https:\/\/ryohome.com.tr\/wp-content\/uploads\/2026\/01\/bahcelievler-dis-polikinligi-060126-5-1024x768.jpg 1024w, https:\/\/ryohome.com.tr\/wp-content\/uploads\/2026\/01\/bahcelievler-dis-polikinligi-060126-5-768x576.jpg 768w, https:\/\/ryohome.com.tr\/wp-content\/uploads\/2026\/01\/bahcelievler-dis-polikinligi-060126-5-1536x1152.jpg 1536w, https:\/\/ryohome.com.tr\/wp-content\/uploads\/2026\/01\/bahcelievler-dis-polikinligi-060126-5-16x12.jpg 16w, https:\/\/ryohome.com.tr\/wp-content\/uploads\/2026\/01\/bahcelievler-dis-polikinligi-060126-5-150x113.jpg 150w\" sizes=\"auto, (max-width: 1920px) 100vw, 1920px\" \/>\n\t\t\t\t\t\t\t\t\t\t\t\t\t\t\t<\/a>\n\t\t\t\t\t\t\t\t\t\t\t\t<\/div>\n\t\t\t\t\t\t\t\t\t\n\t\t\t\t\t\t\t<\/div>\n\n\t\t\t\t\t<\/div>\n\t\t<\/div><\/div><\/div><div class=\"wpb_column vc_column_container vc_col-sm-4 woodmart-sticky-column wd_sticky_offset_150 wd-rs-695c43f95627a\"><div class=\"vc_column-inner\"><div class=\"wpb_wrapper\">\t\t<div id=\"wd-69773e386c075\" class=\"wd-text-block wd-wpb reset-last-child wd-rs-69773e386c075 text-left\">\n\t\t\t<div class=\"project-info\">\n<div class=\"project-title\">\n<h1>Bah\u00e7elievler Di\u015f Polikinli\u011fi<\/h1>\n<\/div>\n<div class=\"project-short-desc\">\n<p>\u0130stanbul Bah\u00e7elievler\u2019deki di\u015f poliklini\u011fi projesinde; kar\u015f\u0131lama bankosundan muayene<br \/>\nodalar\u0131na, bekleme alanlar\u0131ndan personel mutfa\u011f\u0131na kadar t\u00fcm sabit ve \u00f6zel \u00f6l\u00e7\u00fc mobilyalar\u0131n imalat\u0131 ve montaj\u0131<br \/>\ntaraf\u0131m\u0131zca yap\u0131lm\u0131\u015ft\u0131r. Tasar\u0131mda \u00f6ne \u00e7\u0131kan soft renkler ve kavisli formlar, \u00fcretim a\u015famas\u0131nda birebir<br \/>\ndetayland\u0131r\u0131larak mek\u00e2na uygulanm\u0131\u015ft\u0131r.<\/p>\n<h2>Uygulama Detaylar\u0131:<\/h2>\n<ul>\n<li><strong>Lobi ve Kar\u015f\u0131lama:<\/strong> Giri\u015f alan\u0131nda mek\u00e2n\u0131n mimari ak\u0131\u015f\u0131na uygun olarak \u00fcretilen oval formlu,<br \/>\nbeyaz lake banko ve zeminle uyumlu pirin\u00e7 baza detay\u0131. Arka planda mek\u00e2n y\u00fcksekli\u011fini vurgulayan dikey ah\u015fap<br \/>\nlata duvar panelleri.<\/li>\n<li><strong>Klinik ve Muayene Odalar\u0131:<\/strong> Hijyen standartlar\u0131na uygun, kolay temizlenebilir y\u00fczeylere<br \/>\nsahip<br \/>\nmedikal dolap sistemleri. Kulpsuz kapak detaylar\u0131 ile steril ve yal\u0131n bir g\u00f6r\u00fcn\u00fcm sa\u011fland\u0131.<\/li>\n<li><strong>Koridor ve Duvarlar:<\/strong> K\u00f6\u015feli hatlar yerine tercih edilen yumu\u015fak duvar d\u00f6n\u00fc\u015fleri ve bu<br \/>\nformlara<br \/>\nuygun ah\u015fap kolon giydirmeleri hassas i\u015f\u00e7ilikle uyguland\u0131.<\/li>\n<li><strong>Bekleme ve Sosyal Alanlar:<\/strong> Bekleme b\u00f6l\u00fcm\u00fc i\u00e7in mek\u00e2na \u00f6zel \u00f6l\u00e7\u00fclerde \u00fcretilen, kendinden<br \/>\nsehpal\u0131 ah\u015fap\/kuma\u015f oturma grubu ve duvar dekorasyon panelleri.<\/li>\n<li><strong>Personel Alan\u0131 \/ Mutfak:<\/strong> Ada\u00e7ay\u0131 ye\u015fili ve mat beyaz lake kombinasyonlu, a\u00e7\u0131k raf sistemli<br \/>\nmutfak dolaplar\u0131 ve bar tipi oturma alan\u0131 imalat\u0131.<\/li>\n<\/ul>\n<\/div>\n<\/div>\n\t\t<\/div>\n\t\t<\/div><\/div><\/div><\/div><div class=\"vc_row-full-width vc_clearfix\"><\/div>\n<\/div>","protected":false},"excerpt":{"rendered":"Bah\u00e7elievler Di\u015f Polikinli\u011fi \u0130stanbul Bah\u00e7elievler\u2019deki di\u015f poliklini\u011fi projesinde; kar\u015f\u0131lama bankosundan muayene odalar\u0131na, bekleme alanlar\u0131ndan personel mutfa\u011f\u0131na kadar t\u00fcm sabit ve","protected":false},"author":1,"featured_media":0,"parent":315,"menu_order":0,"comment_status":"closed","ping_status":"closed","template":"","meta":{"footnotes":""},"class_list":["post-328","page","type-page","status-publish","hentry"],"_links":{"self":[{"href":"https:\/\/ryohome.com.tr\/en\/wp-json\/wp\/v2\/pages\/328","targetHints":{"allow":["GET"]}}],"collection":[{"href":"https:\/\/ryohome.com.tr\/en\/wp-json\/wp\/v2\/pages"}],"about":[{"href":"https:\/\/ryohome.com.tr\/en\/wp-json\/wp\/v2\/types\/page"}],"author":[{"embeddable":true,"href":"https:\/\/ryohome.com.tr\/en\/wp-json\/wp\/v2\/users\/1"}],"replies":[{"embeddable":true,"href":"https:\/\/ryohome.com.tr\/en\/wp-json\/wp\/v2\/comments?post=328"}],"version-history":[{"count":6,"href":"https:\/\/ryohome.com.tr\/en\/wp-json\/wp\/v2\/pages\/328\/revisions"}],"predecessor-version":[{"id":445,"href":"https:\/\/ryohome.com.tr\/en\/wp-json\/wp\/v2\/pages\/328\/revisions\/445"}],"up":[{"embeddable":true,"href":"https:\/\/ryohome.com.tr\/en\/wp-json\/wp\/v2\/pages\/315"}],"wp:attachment":[{"href":"https:\/\/ryohome.com.tr\/en\/wp-json\/wp\/v2\/media?parent=328"}],"curies":[{"name":"wp","href":"https:\/\/api.w.org\/{rel}","templated":true}]}}