{"id":349,"date":"2026-01-06T09:22:35","date_gmt":"2026-01-06T09:22:35","guid":{"rendered":"https:\/\/lightskyblue-woodcock-148784.hostingersite.com\/?page_id=349"},"modified":"2026-04-06T13:04:09","modified_gmt":"2026-04-06T13:04:09","slug":"cumhurbaskanligi-millet-kutuphanesi","status":"publish","type":"page","link":"https:\/\/ryohome.com.tr\/en\/projeler\/cumhurbaskanligi-millet-kutuphanesi\/","title":{"rendered":"Cumhurba\u015fkanl\u0131\u011f\u0131 Millet K\u00fct\u00fcphanesi"},"content":{"rendered":"<div class=\"wpb-content-wrapper\"><div id=\"project-row\" data-vc-full-width=\"true\" data-vc-full-width-temp=\"true\" data-vc-full-width-init=\"false\" data-vc-stretch-content=\"true\" class=\"vc_row wpb_row vc_row-fluid vc_column-gap-20 vc_row-no-padding vc_row-o-equal-height vc_row-flex wd-rs-695cd0a976373 wd-section-stretch-content-no-pd\"><div class=\"wpb_column vc_column_container vc_col-sm-8\"><div class=\"vc_column-inner\"><div class=\"wpb_wrapper\">\t\t<div id=\"gallery_439\" class=\"wd-images-gallery wd-wpb wd-rs-69d3af2f84ff7 photoswipe-images\" style=\"--wd-justify-content:center;--wd-align-items:center;\">\n\t\t\t\n\t\t\t<div class=\"wd-grid-g\" style=\"--wd-col-lg:2;--wd-col-md:2;--wd-col-sm:1;--wd-gap-lg:10px;\">\n\t\t\t\t\n\t\t\t\t\t\t\t\t\t\t\t\t\t\t\t<div class=\"wd-gallery-item wd-col\">\n\t\t\t\t\t\t\t\t\t\t\t\t\t\t<a href=\"https:\/\/ryohome.com.tr\/wp-content\/uploads\/2026\/01\/cumhurbaskanligi-millet-kutuphanesi-060126-2.jpg\" data-elementor-open-lightbox=\"no\" data-index=\"1\" data-width=\"1920\" data-height=\"1440\" \n\t\t\t\t\t\t\t\t\t\t\t\t >\n\t\t\t\t\t\t\t\t\n\t\t\t\t\t\t\t\t<img loading=\"lazy\" decoding=\"async\" width=\"1920\" height=\"1440\" src=\"https:\/\/ryohome.com.tr\/wp-content\/uploads\/2026\/01\/cumhurbaskanligi-millet-kutuphanesi-060126-2.jpg\" class=\"wd-gallery-image image-1\" alt=\"\" srcset=\"https:\/\/ryohome.com.tr\/wp-content\/uploads\/2026\/01\/cumhurbaskanligi-millet-kutuphanesi-060126-2.jpg 1920w, https:\/\/ryohome.com.tr\/wp-content\/uploads\/2026\/01\/cumhurbaskanligi-millet-kutuphanesi-060126-2-300x225.jpg 300w, https:\/\/ryohome.com.tr\/wp-content\/uploads\/2026\/01\/cumhurbaskanligi-millet-kutuphanesi-060126-2-1024x768.jpg 1024w, https:\/\/ryohome.com.tr\/wp-content\/uploads\/2026\/01\/cumhurbaskanligi-millet-kutuphanesi-060126-2-768x576.jpg 768w, https:\/\/ryohome.com.tr\/wp-content\/uploads\/2026\/01\/cumhurbaskanligi-millet-kutuphanesi-060126-2-1536x1152.jpg 1536w, https:\/\/ryohome.com.tr\/wp-content\/uploads\/2026\/01\/cumhurbaskanligi-millet-kutuphanesi-060126-2-16x12.jpg 16w, https:\/\/ryohome.com.tr\/wp-content\/uploads\/2026\/01\/cumhurbaskanligi-millet-kutuphanesi-060126-2-150x113.jpg 150w\" sizes=\"auto, (max-width: 1920px) 100vw, 1920px\" \/>\n\t\t\t\t\t\t\t\t\t\t\t\t\t\t\t<\/a>\n\t\t\t\t\t\t\t\t\t\t\t\t<\/div>\n\t\t\t\t\t\t\t\t\t\t\t<div class=\"wd-gallery-item wd-col\">\n\t\t\t\t\t\t\t\t\t\t\t\t\t\t<a href=\"https:\/\/ryohome.com.tr\/wp-content\/uploads\/2026\/01\/cumhurbaskanligi-millet-kutuphanesi-060126-3.jpg\" data-elementor-open-lightbox=\"no\" data-index=\"2\" data-width=\"1920\" data-height=\"1440\" \n\t\t\t\t\t\t\t\t\t\t\t\t >\n\t\t\t\t\t\t\t\t\n\t\t\t\t\t\t\t\t<img loading=\"lazy\" decoding=\"async\" width=\"1920\" height=\"1440\" src=\"https:\/\/ryohome.com.tr\/wp-content\/uploads\/2026\/01\/cumhurbaskanligi-millet-kutuphanesi-060126-3.jpg\" class=\"wd-gallery-image image-2\" alt=\"\" srcset=\"https:\/\/ryohome.com.tr\/wp-content\/uploads\/2026\/01\/cumhurbaskanligi-millet-kutuphanesi-060126-3.jpg 1920w, https:\/\/ryohome.com.tr\/wp-content\/uploads\/2026\/01\/cumhurbaskanligi-millet-kutuphanesi-060126-3-300x225.jpg 300w, https:\/\/ryohome.com.tr\/wp-content\/uploads\/2026\/01\/cumhurbaskanligi-millet-kutuphanesi-060126-3-1024x768.jpg 1024w, https:\/\/ryohome.com.tr\/wp-content\/uploads\/2026\/01\/cumhurbaskanligi-millet-kutuphanesi-060126-3-768x576.jpg 768w, https:\/\/ryohome.com.tr\/wp-content\/uploads\/2026\/01\/cumhurbaskanligi-millet-kutuphanesi-060126-3-1536x1152.jpg 1536w, https:\/\/ryohome.com.tr\/wp-content\/uploads\/2026\/01\/cumhurbaskanligi-millet-kutuphanesi-060126-3-16x12.jpg 16w, https:\/\/ryohome.com.tr\/wp-content\/uploads\/2026\/01\/cumhurbaskanligi-millet-kutuphanesi-060126-3-150x113.jpg 150w\" sizes=\"auto, (max-width: 1920px) 100vw, 1920px\" \/>\n\t\t\t\t\t\t\t\t\t\t\t\t\t\t\t<\/a>\n\t\t\t\t\t\t\t\t\t\t\t\t<\/div>\n\t\t\t\t\t\t\t\t\t\t\t<div class=\"wd-gallery-item wd-col\">\n\t\t\t\t\t\t\t\t\t\t\t\t\t\t<a href=\"https:\/\/ryohome.com.tr\/wp-content\/uploads\/2026\/01\/cumhurbaskanligi-millet-kutuphanesi-060126-1.jpg\" data-elementor-open-lightbox=\"no\" data-index=\"3\" data-width=\"1920\" data-height=\"1440\" \n\t\t\t\t\t\t\t\t\t\t\t\t >\n\t\t\t\t\t\t\t\t\n\t\t\t\t\t\t\t\t<img loading=\"lazy\" decoding=\"async\" width=\"1920\" height=\"1440\" src=\"https:\/\/ryohome.com.tr\/wp-content\/uploads\/2026\/01\/cumhurbaskanligi-millet-kutuphanesi-060126-1.jpg\" class=\"wd-gallery-image image-3\" alt=\"\" srcset=\"https:\/\/ryohome.com.tr\/wp-content\/uploads\/2026\/01\/cumhurbaskanligi-millet-kutuphanesi-060126-1.jpg 1920w, https:\/\/ryohome.com.tr\/wp-content\/uploads\/2026\/01\/cumhurbaskanligi-millet-kutuphanesi-060126-1-300x225.jpg 300w, https:\/\/ryohome.com.tr\/wp-content\/uploads\/2026\/01\/cumhurbaskanligi-millet-kutuphanesi-060126-1-1024x768.jpg 1024w, https:\/\/ryohome.com.tr\/wp-content\/uploads\/2026\/01\/cumhurbaskanligi-millet-kutuphanesi-060126-1-768x576.jpg 768w, https:\/\/ryohome.com.tr\/wp-content\/uploads\/2026\/01\/cumhurbaskanligi-millet-kutuphanesi-060126-1-1536x1152.jpg 1536w, https:\/\/ryohome.com.tr\/wp-content\/uploads\/2026\/01\/cumhurbaskanligi-millet-kutuphanesi-060126-1-16x12.jpg 16w, https:\/\/ryohome.com.tr\/wp-content\/uploads\/2026\/01\/cumhurbaskanligi-millet-kutuphanesi-060126-1-150x113.jpg 150w\" sizes=\"auto, (max-width: 1920px) 100vw, 1920px\" \/>\n\t\t\t\t\t\t\t\t\t\t\t\t\t\t\t<\/a>\n\t\t\t\t\t\t\t\t\t\t\t\t<\/div>\n\t\t\t\t\t\t\t\t\t\t\t<div class=\"wd-gallery-item wd-col\">\n\t\t\t\t\t\t\t\t\t\t\t\t\t\t<a href=\"https:\/\/ryohome.com.tr\/wp-content\/uploads\/2026\/01\/cumhurbaskanligi-millet-kutuphanesi-060126-4.jpg\" data-elementor-open-lightbox=\"no\" data-index=\"4\" data-width=\"1920\" data-height=\"1440\" \n\t\t\t\t\t\t\t\t\t\t\t\t >\n\t\t\t\t\t\t\t\t\n\t\t\t\t\t\t\t\t<img loading=\"lazy\" decoding=\"async\" width=\"1920\" height=\"1440\" src=\"https:\/\/ryohome.com.tr\/wp-content\/uploads\/2026\/01\/cumhurbaskanligi-millet-kutuphanesi-060126-4.jpg\" class=\"wd-gallery-image image-4\" alt=\"\" srcset=\"https:\/\/ryohome.com.tr\/wp-content\/uploads\/2026\/01\/cumhurbaskanligi-millet-kutuphanesi-060126-4.jpg 1920w, https:\/\/ryohome.com.tr\/wp-content\/uploads\/2026\/01\/cumhurbaskanligi-millet-kutuphanesi-060126-4-300x225.jpg 300w, https:\/\/ryohome.com.tr\/wp-content\/uploads\/2026\/01\/cumhurbaskanligi-millet-kutuphanesi-060126-4-1024x768.jpg 1024w, https:\/\/ryohome.com.tr\/wp-content\/uploads\/2026\/01\/cumhurbaskanligi-millet-kutuphanesi-060126-4-768x576.jpg 768w, https:\/\/ryohome.com.tr\/wp-content\/uploads\/2026\/01\/cumhurbaskanligi-millet-kutuphanesi-060126-4-1536x1152.jpg 1536w, https:\/\/ryohome.com.tr\/wp-content\/uploads\/2026\/01\/cumhurbaskanligi-millet-kutuphanesi-060126-4-16x12.jpg 16w, https:\/\/ryohome.com.tr\/wp-content\/uploads\/2026\/01\/cumhurbaskanligi-millet-kutuphanesi-060126-4-150x113.jpg 150w\" sizes=\"auto, (max-width: 1920px) 100vw, 1920px\" \/>\n\t\t\t\t\t\t\t\t\t\t\t\t\t\t\t<\/a>\n\t\t\t\t\t\t\t\t\t\t\t\t<\/div>\n\t\t\t\t\t\t\t\t\t\t\t<div class=\"wd-gallery-item wd-col\">\n\t\t\t\t\t\t\t\t\t\t\t\t\t\t<a href=\"https:\/\/ryohome.com.tr\/wp-content\/uploads\/2026\/01\/cumhurbaskanligi-millet-kutuphanesi-060126-5.jpg\" data-elementor-open-lightbox=\"no\" data-index=\"5\" data-width=\"1920\" data-height=\"1440\" \n\t\t\t\t\t\t\t\t\t\t\t\t >\n\t\t\t\t\t\t\t\t\n\t\t\t\t\t\t\t\t<img loading=\"lazy\" decoding=\"async\" width=\"1920\" height=\"1440\" src=\"https:\/\/ryohome.com.tr\/wp-content\/uploads\/2026\/01\/cumhurbaskanligi-millet-kutuphanesi-060126-5.jpg\" class=\"wd-gallery-image image-5\" alt=\"\" srcset=\"https:\/\/ryohome.com.tr\/wp-content\/uploads\/2026\/01\/cumhurbaskanligi-millet-kutuphanesi-060126-5.jpg 1920w, https:\/\/ryohome.com.tr\/wp-content\/uploads\/2026\/01\/cumhurbaskanligi-millet-kutuphanesi-060126-5-300x225.jpg 300w, https:\/\/ryohome.com.tr\/wp-content\/uploads\/2026\/01\/cumhurbaskanligi-millet-kutuphanesi-060126-5-1024x768.jpg 1024w, https:\/\/ryohome.com.tr\/wp-content\/uploads\/2026\/01\/cumhurbaskanligi-millet-kutuphanesi-060126-5-768x576.jpg 768w, https:\/\/ryohome.com.tr\/wp-content\/uploads\/2026\/01\/cumhurbaskanligi-millet-kutuphanesi-060126-5-1536x1152.jpg 1536w, https:\/\/ryohome.com.tr\/wp-content\/uploads\/2026\/01\/cumhurbaskanligi-millet-kutuphanesi-060126-5-16x12.jpg 16w, https:\/\/ryohome.com.tr\/wp-content\/uploads\/2026\/01\/cumhurbaskanligi-millet-kutuphanesi-060126-5-150x113.jpg 150w\" sizes=\"auto, (max-width: 1920px) 100vw, 1920px\" \/>\n\t\t\t\t\t\t\t\t\t\t\t\t\t\t\t<\/a>\n\t\t\t\t\t\t\t\t\t\t\t\t<\/div>\n\t\t\t\t\t\t\t\t\t\t\t<div class=\"wd-gallery-item wd-col\">\n\t\t\t\t\t\t\t\t\t\t\t\t\t\t<a href=\"https:\/\/ryohome.com.tr\/wp-content\/uploads\/2026\/01\/cumhurbaskanligi-millet-kutuphanesi-060126-6.jpg\" data-elementor-open-lightbox=\"no\" data-index=\"6\" data-width=\"1920\" data-height=\"1440\" \n\t\t\t\t\t\t\t\t\t\t\t\t >\n\t\t\t\t\t\t\t\t\n\t\t\t\t\t\t\t\t<img loading=\"lazy\" decoding=\"async\" width=\"1920\" height=\"1440\" src=\"https:\/\/ryohome.com.tr\/wp-content\/uploads\/2026\/01\/cumhurbaskanligi-millet-kutuphanesi-060126-6.jpg\" class=\"wd-gallery-image image-6\" alt=\"\" srcset=\"https:\/\/ryohome.com.tr\/wp-content\/uploads\/2026\/01\/cumhurbaskanligi-millet-kutuphanesi-060126-6.jpg 1920w, https:\/\/ryohome.com.tr\/wp-content\/uploads\/2026\/01\/cumhurbaskanligi-millet-kutuphanesi-060126-6-300x225.jpg 300w, https:\/\/ryohome.com.tr\/wp-content\/uploads\/2026\/01\/cumhurbaskanligi-millet-kutuphanesi-060126-6-1024x768.jpg 1024w, https:\/\/ryohome.com.tr\/wp-content\/uploads\/2026\/01\/cumhurbaskanligi-millet-kutuphanesi-060126-6-768x576.jpg 768w, https:\/\/ryohome.com.tr\/wp-content\/uploads\/2026\/01\/cumhurbaskanligi-millet-kutuphanesi-060126-6-1536x1152.jpg 1536w, https:\/\/ryohome.com.tr\/wp-content\/uploads\/2026\/01\/cumhurbaskanligi-millet-kutuphanesi-060126-6-16x12.jpg 16w, https:\/\/ryohome.com.tr\/wp-content\/uploads\/2026\/01\/cumhurbaskanligi-millet-kutuphanesi-060126-6-150x113.jpg 150w\" sizes=\"auto, (max-width: 1920px) 100vw, 1920px\" \/>\n\t\t\t\t\t\t\t\t\t\t\t\t\t\t\t<\/a>\n\t\t\t\t\t\t\t\t\t\t\t\t<\/div>\n\t\t\t\t\t\t\t\t\t\t\t<div class=\"wd-gallery-item wd-col\">\n\t\t\t\t\t\t\t\t\t\t\t\t\t\t<a href=\"https:\/\/ryohome.com.tr\/wp-content\/uploads\/2026\/01\/cumhurbaskanligi-millet-kutuphanesi-060126-7.jpg\" data-elementor-open-lightbox=\"no\" data-index=\"7\" data-width=\"1920\" data-height=\"1440\" \n\t\t\t\t\t\t\t\t\t\t\t\t >\n\t\t\t\t\t\t\t\t\n\t\t\t\t\t\t\t\t<img loading=\"lazy\" decoding=\"async\" width=\"1920\" height=\"1440\" src=\"https:\/\/ryohome.com.tr\/wp-content\/uploads\/2026\/01\/cumhurbaskanligi-millet-kutuphanesi-060126-7.jpg\" class=\"wd-gallery-image image-7\" alt=\"\" srcset=\"https:\/\/ryohome.com.tr\/wp-content\/uploads\/2026\/01\/cumhurbaskanligi-millet-kutuphanesi-060126-7.jpg 1920w, https:\/\/ryohome.com.tr\/wp-content\/uploads\/2026\/01\/cumhurbaskanligi-millet-kutuphanesi-060126-7-300x225.jpg 300w, https:\/\/ryohome.com.tr\/wp-content\/uploads\/2026\/01\/cumhurbaskanligi-millet-kutuphanesi-060126-7-1024x768.jpg 1024w, https:\/\/ryohome.com.tr\/wp-content\/uploads\/2026\/01\/cumhurbaskanligi-millet-kutuphanesi-060126-7-768x576.jpg 768w, https:\/\/ryohome.com.tr\/wp-content\/uploads\/2026\/01\/cumhurbaskanligi-millet-kutuphanesi-060126-7-1536x1152.jpg 1536w, https:\/\/ryohome.com.tr\/wp-content\/uploads\/2026\/01\/cumhurbaskanligi-millet-kutuphanesi-060126-7-16x12.jpg 16w, https:\/\/ryohome.com.tr\/wp-content\/uploads\/2026\/01\/cumhurbaskanligi-millet-kutuphanesi-060126-7-150x113.jpg 150w\" sizes=\"auto, (max-width: 1920px) 100vw, 1920px\" \/>\n\t\t\t\t\t\t\t\t\t\t\t\t\t\t\t<\/a>\n\t\t\t\t\t\t\t\t\t\t\t\t<\/div>\n\t\t\t\t\t\t\t\t\t\t\t<div class=\"wd-gallery-item wd-col\">\n\t\t\t\t\t\t\t\t\t\t\t\t\t\t<a href=\"https:\/\/ryohome.com.tr\/wp-content\/uploads\/2026\/01\/cumhurbaskanligi-millet-kutuphanesi-060126-8.jpg\" data-elementor-open-lightbox=\"no\" data-index=\"8\" data-width=\"1920\" data-height=\"1440\" \n\t\t\t\t\t\t\t\t\t\t\t\t >\n\t\t\t\t\t\t\t\t\n\t\t\t\t\t\t\t\t<img loading=\"lazy\" decoding=\"async\" width=\"1920\" height=\"1440\" src=\"https:\/\/ryohome.com.tr\/wp-content\/uploads\/2026\/01\/cumhurbaskanligi-millet-kutuphanesi-060126-8.jpg\" class=\"wd-gallery-image image-8\" alt=\"\" srcset=\"https:\/\/ryohome.com.tr\/wp-content\/uploads\/2026\/01\/cumhurbaskanligi-millet-kutuphanesi-060126-8.jpg 1920w, https:\/\/ryohome.com.tr\/wp-content\/uploads\/2026\/01\/cumhurbaskanligi-millet-kutuphanesi-060126-8-300x225.jpg 300w, https:\/\/ryohome.com.tr\/wp-content\/uploads\/2026\/01\/cumhurbaskanligi-millet-kutuphanesi-060126-8-1024x768.jpg 1024w, https:\/\/ryohome.com.tr\/wp-content\/uploads\/2026\/01\/cumhurbaskanligi-millet-kutuphanesi-060126-8-768x576.jpg 768w, https:\/\/ryohome.com.tr\/wp-content\/uploads\/2026\/01\/cumhurbaskanligi-millet-kutuphanesi-060126-8-1536x1152.jpg 1536w, https:\/\/ryohome.com.tr\/wp-content\/uploads\/2026\/01\/cumhurbaskanligi-millet-kutuphanesi-060126-8-16x12.jpg 16w, https:\/\/ryohome.com.tr\/wp-content\/uploads\/2026\/01\/cumhurbaskanligi-millet-kutuphanesi-060126-8-150x113.jpg 150w\" sizes=\"auto, (max-width: 1920px) 100vw, 1920px\" \/>\n\t\t\t\t\t\t\t\t\t\t\t\t\t\t\t<\/a>\n\t\t\t\t\t\t\t\t\t\t\t\t<\/div>\n\t\t\t\t\t\t\t\t\t\n\t\t\t\t\t\t\t<\/div>\n\n\t\t\t\t\t<\/div>\n\t\t<\/div><\/div><\/div><div class=\"wpb_column vc_column_container vc_col-sm-4 woodmart-sticky-column wd_sticky_offset_150 wd-rs-695c43f95627a\"><div class=\"vc_column-inner\"><div class=\"wpb_wrapper\">\t\t<div id=\"wd-69774db1a46d2\" class=\"wd-text-block wd-wpb reset-last-child wd-rs-69774db1a46d2 text-left\">\n\t\t\t<div class=\"project-info\">\n<div class=\"project-title\">\n<h1>Cumhurba\u015fkanl\u0131\u011f\u0131 Millet K\u00fct\u00fcphanesi<\/h1>\n<\/div>\n<div class=\"project-short-desc\">\n<p>T\u00fcrkiye\u2019nin en b\u00fcy\u00fck k\u00fclt\u00fcr ve bilgi merkezi olan Cumhurba\u015fkanl\u0131\u011f\u0131 Millet K\u00fct\u00fcphanesi projesinde yer almaktan gurur duyuyoruz. Firmam\u0131z, k\u00fct\u00fcphanenin\u00a0&#8220;Ses ve G\u00f6r\u00fcnt\u00fc K\u00fct\u00fcphanesi&#8221;\u00a0(Audio-Visual Library) b\u00f6l\u00fcm\u00fcn\u00fcn teknolojik mobilyalar\u0131n\u0131n yan\u0131 s\u0131ra, mek\u00e2n\u0131n mimari kimli\u011fini olu\u015fturan t\u00fcm ah\u015fap dekorasyon ve marangozluk imalatlar\u0131n\u0131 ger\u00e7ekle\u015ftirmi\u015ftir.<\/p>\n<h2>\u0130malat ve Uygulama Detaylar\u0131:<\/h2>\n<p><strong>Ah\u015fap Kitapl\u0131k Sistemleri:<\/strong> Mek\u00e2n\u0131n dairesel mimarisine birebir uyum sa\u011flayan, kavisli formda \u00fcretilmi\u015f, metal detayl\u0131 ve y\u00fcksek kapasiteli ah\u015fap kitapl\u0131k \u00fcniteleri.<\/p>\n<p><strong>Kolon ve Duvar Kaplamalar\u0131:<\/strong> K\u00fct\u00fcphanenin g\u00f6rkemli atmosferini tamamlayan, tavana kadar uzanan dekoratif ah\u015fap kolon giydirmeleri ve akustik \u00f6zellikli duvar panelleri.<\/p>\n<p><strong>Multimedya \u00c7al\u0131\u015fma \u0130stasyonlar\u0131:<\/strong> Dijital ar\u015fivlere eri\u015fim sa\u011flanan bu b\u00f6l\u00fcmde; kablo y\u00f6netimi gizlenmi\u015f, ekran ve ses sistemlerine entegre \u00f6zel \u00fcretim bilgisayar ve dinleme masalar\u0131.<\/p>\n<p><strong>Grup \u00c7al\u0131\u015fma ve Toplant\u0131 Masalar\u0131:<\/strong> Yo\u011fun kullan\u0131ma uygun, masif detaylar\u0131n ve ergonominin \u00f6n planda tutuldu\u011fu okuma ve ara\u015ft\u0131rma masalar\u0131. Firmam\u0131z, bu projede devlet ricaline ve kamuya hizmet veren bir yap\u0131n\u0131n gerektirdi\u011fi en \u00fcst d\u00fczey malzeme ve i\u015f\u00e7ilik kalitesini ba\u015far\u0131yla uygulam\u0131\u015ft\u0131r.<\/p>\n<\/div>\n<\/div>\n\t\t<\/div>\n\t\t<\/div><\/div><\/div><\/div><div class=\"vc_row-full-width vc_clearfix\"><\/div>\n<\/div>","protected":false},"excerpt":{"rendered":"Cumhurba\u015fkanl\u0131\u011f\u0131 Millet K\u00fct\u00fcphanesi T\u00fcrkiye\u2019nin en b\u00fcy\u00fck k\u00fclt\u00fcr ve bilgi merkezi olan Cumhurba\u015fkanl\u0131\u011f\u0131 Millet K\u00fct\u00fcphanesi projesinde yer almaktan gurur duyuyoruz. Firmam\u0131z,","protected":false},"author":1,"featured_media":0,"parent":315,"menu_order":0,"comment_status":"closed","ping_status":"closed","template":"","meta":{"footnotes":""},"class_list":["post-349","page","type-page","status-publish","hentry"],"_links":{"self":[{"href":"https:\/\/ryohome.com.tr\/en\/wp-json\/wp\/v2\/pages\/349","targetHints":{"allow":["GET"]}}],"collection":[{"href":"https:\/\/ryohome.com.tr\/en\/wp-json\/wp\/v2\/pages"}],"about":[{"href":"https:\/\/ryohome.com.tr\/en\/wp-json\/wp\/v2\/types\/page"}],"author":[{"embeddable":true,"href":"https:\/\/ryohome.com.tr\/en\/wp-json\/wp\/v2\/users\/1"}],"replies":[{"embeddable":true,"href":"https:\/\/ryohome.com.tr\/en\/wp-json\/wp\/v2\/comments?post=349"}],"version-history":[{"count":4,"href":"https:\/\/ryohome.com.tr\/en\/wp-json\/wp\/v2\/pages\/349\/revisions"}],"predecessor-version":[{"id":1066,"href":"https:\/\/ryohome.com.tr\/en\/wp-json\/wp\/v2\/pages\/349\/revisions\/1066"}],"up":[{"embeddable":true,"href":"https:\/\/ryohome.com.tr\/en\/wp-json\/wp\/v2\/pages\/315"}],"wp:attachment":[{"href":"https:\/\/ryohome.com.tr\/en\/wp-json\/wp\/v2\/media?parent=349"}],"curies":[{"name":"wp","href":"https:\/\/api.w.org\/{rel}","templated":true}]}}