{"id":362,"date":"2026-01-06T09:27:59","date_gmt":"2026-01-06T09:27:59","guid":{"rendered":"https:\/\/lightskyblue-woodcock-148784.hostingersite.com\/?page_id=362"},"modified":"2026-01-26T11:23:15","modified_gmt":"2026-01-26T11:23:15","slug":"cupra-city-garage","status":"publish","type":"page","link":"https:\/\/ryohome.com.tr\/en\/projeler\/cupra-city-garage\/","title":{"rendered":"Cupra City Garage"},"content":{"rendered":"<div class=\"wpb-content-wrapper\"><div id=\"project-row\" data-vc-full-width=\"true\" data-vc-full-width-temp=\"true\" data-vc-full-width-init=\"false\" data-vc-stretch-content=\"true\" class=\"vc_row wpb_row vc_row-fluid vc_column-gap-20 vc_row-no-padding vc_row-o-equal-height vc_row-flex wd-rs-695cd0a976373 wd-section-stretch-content-no-pd\"><div class=\"wpb_column vc_column_container vc_col-sm-8\"><div class=\"vc_column-inner\"><div class=\"wpb_wrapper\">\t\t<div id=\"gallery_216\" class=\"wd-images-gallery wd-wpb wd-rs-696a071466ba8 photoswipe-images\" style=\"--wd-justify-content:center;--wd-align-items:center;\">\n\t\t\t\n\t\t\t<div class=\"wd-grid-g\" style=\"--wd-col-lg:2;--wd-col-md:2;--wd-col-sm:1;--wd-gap-lg:10px;\">\n\t\t\t\t\n\t\t\t\t\t\t\t\t\t\t\t\t\t\t\t<div class=\"wd-gallery-item wd-col\">\n\t\t\t\t\t\t\t\t\t\t\t\t\t\t<a href=\"https:\/\/ryohome.com.tr\/wp-content\/uploads\/2026\/01\/cupra-city-garage-060126-1.jpg\" data-elementor-open-lightbox=\"no\" data-index=\"1\" data-width=\"1920\" data-height=\"1440\" \n\t\t\t\t\t\t\t\t\t\t\t\t >\n\t\t\t\t\t\t\t\t\n\t\t\t\t\t\t\t\t<img loading=\"lazy\" decoding=\"async\" width=\"1920\" height=\"1440\" src=\"https:\/\/ryohome.com.tr\/wp-content\/uploads\/2026\/01\/cupra-city-garage-060126-1.jpg\" class=\"wd-gallery-image image-1\" alt=\"\" srcset=\"https:\/\/ryohome.com.tr\/wp-content\/uploads\/2026\/01\/cupra-city-garage-060126-1.jpg 1920w, https:\/\/ryohome.com.tr\/wp-content\/uploads\/2026\/01\/cupra-city-garage-060126-1-300x225.jpg 300w, https:\/\/ryohome.com.tr\/wp-content\/uploads\/2026\/01\/cupra-city-garage-060126-1-1024x768.jpg 1024w, https:\/\/ryohome.com.tr\/wp-content\/uploads\/2026\/01\/cupra-city-garage-060126-1-768x576.jpg 768w, https:\/\/ryohome.com.tr\/wp-content\/uploads\/2026\/01\/cupra-city-garage-060126-1-1536x1152.jpg 1536w, https:\/\/ryohome.com.tr\/wp-content\/uploads\/2026\/01\/cupra-city-garage-060126-1-16x12.jpg 16w, https:\/\/ryohome.com.tr\/wp-content\/uploads\/2026\/01\/cupra-city-garage-060126-1-150x113.jpg 150w\" sizes=\"auto, (max-width: 1920px) 100vw, 1920px\" \/>\n\t\t\t\t\t\t\t\t\t\t\t\t\t\t\t<\/a>\n\t\t\t\t\t\t\t\t\t\t\t\t<\/div>\n\t\t\t\t\t\t\t\t\t\t\t<div class=\"wd-gallery-item wd-col\">\n\t\t\t\t\t\t\t\t\t\t\t\t\t\t<a href=\"https:\/\/ryohome.com.tr\/wp-content\/uploads\/2026\/01\/cupra-city-garage-060126-2.jpg\" data-elementor-open-lightbox=\"no\" data-index=\"2\" data-width=\"1920\" data-height=\"1440\" \n\t\t\t\t\t\t\t\t\t\t\t\t >\n\t\t\t\t\t\t\t\t\n\t\t\t\t\t\t\t\t<img loading=\"lazy\" decoding=\"async\" width=\"1920\" height=\"1440\" src=\"https:\/\/ryohome.com.tr\/wp-content\/uploads\/2026\/01\/cupra-city-garage-060126-2.jpg\" class=\"wd-gallery-image image-2\" alt=\"\" srcset=\"https:\/\/ryohome.com.tr\/wp-content\/uploads\/2026\/01\/cupra-city-garage-060126-2.jpg 1920w, https:\/\/ryohome.com.tr\/wp-content\/uploads\/2026\/01\/cupra-city-garage-060126-2-300x225.jpg 300w, https:\/\/ryohome.com.tr\/wp-content\/uploads\/2026\/01\/cupra-city-garage-060126-2-1024x768.jpg 1024w, https:\/\/ryohome.com.tr\/wp-content\/uploads\/2026\/01\/cupra-city-garage-060126-2-768x576.jpg 768w, https:\/\/ryohome.com.tr\/wp-content\/uploads\/2026\/01\/cupra-city-garage-060126-2-1536x1152.jpg 1536w, https:\/\/ryohome.com.tr\/wp-content\/uploads\/2026\/01\/cupra-city-garage-060126-2-16x12.jpg 16w, https:\/\/ryohome.com.tr\/wp-content\/uploads\/2026\/01\/cupra-city-garage-060126-2-150x113.jpg 150w\" sizes=\"auto, (max-width: 1920px) 100vw, 1920px\" \/>\n\t\t\t\t\t\t\t\t\t\t\t\t\t\t\t<\/a>\n\t\t\t\t\t\t\t\t\t\t\t\t<\/div>\n\t\t\t\t\t\t\t\t\t\t\t<div class=\"wd-gallery-item wd-col\">\n\t\t\t\t\t\t\t\t\t\t\t\t\t\t<a href=\"https:\/\/ryohome.com.tr\/wp-content\/uploads\/2026\/01\/cupra-city-garage-060126-3.jpg\" data-elementor-open-lightbox=\"no\" data-index=\"3\" data-width=\"1920\" data-height=\"1440\" \n\t\t\t\t\t\t\t\t\t\t\t\t >\n\t\t\t\t\t\t\t\t\n\t\t\t\t\t\t\t\t<img loading=\"lazy\" decoding=\"async\" width=\"1920\" height=\"1440\" src=\"https:\/\/ryohome.com.tr\/wp-content\/uploads\/2026\/01\/cupra-city-garage-060126-3.jpg\" class=\"wd-gallery-image image-3\" alt=\"\" srcset=\"https:\/\/ryohome.com.tr\/wp-content\/uploads\/2026\/01\/cupra-city-garage-060126-3.jpg 1920w, https:\/\/ryohome.com.tr\/wp-content\/uploads\/2026\/01\/cupra-city-garage-060126-3-300x225.jpg 300w, https:\/\/ryohome.com.tr\/wp-content\/uploads\/2026\/01\/cupra-city-garage-060126-3-1024x768.jpg 1024w, https:\/\/ryohome.com.tr\/wp-content\/uploads\/2026\/01\/cupra-city-garage-060126-3-768x576.jpg 768w, https:\/\/ryohome.com.tr\/wp-content\/uploads\/2026\/01\/cupra-city-garage-060126-3-1536x1152.jpg 1536w, https:\/\/ryohome.com.tr\/wp-content\/uploads\/2026\/01\/cupra-city-garage-060126-3-16x12.jpg 16w, https:\/\/ryohome.com.tr\/wp-content\/uploads\/2026\/01\/cupra-city-garage-060126-3-150x113.jpg 150w\" sizes=\"auto, (max-width: 1920px) 100vw, 1920px\" \/>\n\t\t\t\t\t\t\t\t\t\t\t\t\t\t\t<\/a>\n\t\t\t\t\t\t\t\t\t\t\t\t<\/div>\n\t\t\t\t\t\t\t\t\t\t\t<div class=\"wd-gallery-item wd-col\">\n\t\t\t\t\t\t\t\t\t\t\t\t\t\t<a href=\"https:\/\/ryohome.com.tr\/wp-content\/uploads\/2026\/01\/cupra-city-garage-060126-4.jpg\" data-elementor-open-lightbox=\"no\" data-index=\"4\" data-width=\"1920\" data-height=\"1440\" \n\t\t\t\t\t\t\t\t\t\t\t\t >\n\t\t\t\t\t\t\t\t\n\t\t\t\t\t\t\t\t<img loading=\"lazy\" decoding=\"async\" width=\"1920\" height=\"1440\" src=\"https:\/\/ryohome.com.tr\/wp-content\/uploads\/2026\/01\/cupra-city-garage-060126-4.jpg\" class=\"wd-gallery-image image-4\" alt=\"\" srcset=\"https:\/\/ryohome.com.tr\/wp-content\/uploads\/2026\/01\/cupra-city-garage-060126-4.jpg 1920w, https:\/\/ryohome.com.tr\/wp-content\/uploads\/2026\/01\/cupra-city-garage-060126-4-300x225.jpg 300w, https:\/\/ryohome.com.tr\/wp-content\/uploads\/2026\/01\/cupra-city-garage-060126-4-1024x768.jpg 1024w, https:\/\/ryohome.com.tr\/wp-content\/uploads\/2026\/01\/cupra-city-garage-060126-4-768x576.jpg 768w, https:\/\/ryohome.com.tr\/wp-content\/uploads\/2026\/01\/cupra-city-garage-060126-4-1536x1152.jpg 1536w, https:\/\/ryohome.com.tr\/wp-content\/uploads\/2026\/01\/cupra-city-garage-060126-4-16x12.jpg 16w, https:\/\/ryohome.com.tr\/wp-content\/uploads\/2026\/01\/cupra-city-garage-060126-4-150x113.jpg 150w\" sizes=\"auto, (max-width: 1920px) 100vw, 1920px\" \/>\n\t\t\t\t\t\t\t\t\t\t\t\t\t\t\t<\/a>\n\t\t\t\t\t\t\t\t\t\t\t\t<\/div>\n\t\t\t\t\t\t\t\t\t\t\t<div class=\"wd-gallery-item wd-col\">\n\t\t\t\t\t\t\t\t\t\t\t\t\t\t<a href=\"https:\/\/ryohome.com.tr\/wp-content\/uploads\/2026\/01\/cupra-city-garage-060126-5.jpg\" data-elementor-open-lightbox=\"no\" data-index=\"5\" data-width=\"1920\" data-height=\"1440\" \n\t\t\t\t\t\t\t\t\t\t\t\t >\n\t\t\t\t\t\t\t\t\n\t\t\t\t\t\t\t\t<img loading=\"lazy\" decoding=\"async\" width=\"1920\" height=\"1440\" src=\"https:\/\/ryohome.com.tr\/wp-content\/uploads\/2026\/01\/cupra-city-garage-060126-5.jpg\" class=\"wd-gallery-image image-5\" alt=\"\" srcset=\"https:\/\/ryohome.com.tr\/wp-content\/uploads\/2026\/01\/cupra-city-garage-060126-5.jpg 1920w, https:\/\/ryohome.com.tr\/wp-content\/uploads\/2026\/01\/cupra-city-garage-060126-5-300x225.jpg 300w, https:\/\/ryohome.com.tr\/wp-content\/uploads\/2026\/01\/cupra-city-garage-060126-5-1024x768.jpg 1024w, https:\/\/ryohome.com.tr\/wp-content\/uploads\/2026\/01\/cupra-city-garage-060126-5-768x576.jpg 768w, https:\/\/ryohome.com.tr\/wp-content\/uploads\/2026\/01\/cupra-city-garage-060126-5-1536x1152.jpg 1536w, https:\/\/ryohome.com.tr\/wp-content\/uploads\/2026\/01\/cupra-city-garage-060126-5-16x12.jpg 16w, https:\/\/ryohome.com.tr\/wp-content\/uploads\/2026\/01\/cupra-city-garage-060126-5-150x113.jpg 150w\" sizes=\"auto, (max-width: 1920px) 100vw, 1920px\" \/>\n\t\t\t\t\t\t\t\t\t\t\t\t\t\t\t<\/a>\n\t\t\t\t\t\t\t\t\t\t\t\t<\/div>\n\t\t\t\t\t\t\t\t\t\t\t<div class=\"wd-gallery-item wd-col\">\n\t\t\t\t\t\t\t\t\t\t\t\t\t\t<a href=\"https:\/\/ryohome.com.tr\/wp-content\/uploads\/2026\/01\/cupra-city-garage-060126-6.jpg\" data-elementor-open-lightbox=\"no\" data-index=\"6\" data-width=\"1920\" data-height=\"1440\" \n\t\t\t\t\t\t\t\t\t\t\t\t >\n\t\t\t\t\t\t\t\t\n\t\t\t\t\t\t\t\t<img loading=\"lazy\" decoding=\"async\" width=\"1920\" height=\"1440\" src=\"https:\/\/ryohome.com.tr\/wp-content\/uploads\/2026\/01\/cupra-city-garage-060126-6.jpg\" class=\"wd-gallery-image image-6\" alt=\"\" srcset=\"https:\/\/ryohome.com.tr\/wp-content\/uploads\/2026\/01\/cupra-city-garage-060126-6.jpg 1920w, https:\/\/ryohome.com.tr\/wp-content\/uploads\/2026\/01\/cupra-city-garage-060126-6-300x225.jpg 300w, https:\/\/ryohome.com.tr\/wp-content\/uploads\/2026\/01\/cupra-city-garage-060126-6-1024x768.jpg 1024w, https:\/\/ryohome.com.tr\/wp-content\/uploads\/2026\/01\/cupra-city-garage-060126-6-768x576.jpg 768w, https:\/\/ryohome.com.tr\/wp-content\/uploads\/2026\/01\/cupra-city-garage-060126-6-1536x1152.jpg 1536w, https:\/\/ryohome.com.tr\/wp-content\/uploads\/2026\/01\/cupra-city-garage-060126-6-16x12.jpg 16w, https:\/\/ryohome.com.tr\/wp-content\/uploads\/2026\/01\/cupra-city-garage-060126-6-150x113.jpg 150w\" sizes=\"auto, (max-width: 1920px) 100vw, 1920px\" \/>\n\t\t\t\t\t\t\t\t\t\t\t\t\t\t\t<\/a>\n\t\t\t\t\t\t\t\t\t\t\t\t<\/div>\n\t\t\t\t\t\t\t\t\t\t\t<div class=\"wd-gallery-item wd-col\">\n\t\t\t\t\t\t\t\t\t\t\t\t\t\t<a href=\"https:\/\/ryohome.com.tr\/wp-content\/uploads\/2026\/01\/cupra-city-garage-060126-7.jpg\" data-elementor-open-lightbox=\"no\" data-index=\"7\" data-width=\"1920\" data-height=\"1440\" \n\t\t\t\t\t\t\t\t\t\t\t\t >\n\t\t\t\t\t\t\t\t\n\t\t\t\t\t\t\t\t<img loading=\"lazy\" decoding=\"async\" width=\"1920\" height=\"1440\" src=\"https:\/\/ryohome.com.tr\/wp-content\/uploads\/2026\/01\/cupra-city-garage-060126-7.jpg\" class=\"wd-gallery-image image-7\" alt=\"\" srcset=\"https:\/\/ryohome.com.tr\/wp-content\/uploads\/2026\/01\/cupra-city-garage-060126-7.jpg 1920w, https:\/\/ryohome.com.tr\/wp-content\/uploads\/2026\/01\/cupra-city-garage-060126-7-300x225.jpg 300w, https:\/\/ryohome.com.tr\/wp-content\/uploads\/2026\/01\/cupra-city-garage-060126-7-1024x768.jpg 1024w, https:\/\/ryohome.com.tr\/wp-content\/uploads\/2026\/01\/cupra-city-garage-060126-7-768x576.jpg 768w, https:\/\/ryohome.com.tr\/wp-content\/uploads\/2026\/01\/cupra-city-garage-060126-7-1536x1152.jpg 1536w, https:\/\/ryohome.com.tr\/wp-content\/uploads\/2026\/01\/cupra-city-garage-060126-7-16x12.jpg 16w, https:\/\/ryohome.com.tr\/wp-content\/uploads\/2026\/01\/cupra-city-garage-060126-7-150x113.jpg 150w\" sizes=\"auto, (max-width: 1920px) 100vw, 1920px\" \/>\n\t\t\t\t\t\t\t\t\t\t\t\t\t\t\t<\/a>\n\t\t\t\t\t\t\t\t\t\t\t\t<\/div>\n\t\t\t\t\t\t\t\t\t\t\t<div class=\"wd-gallery-item wd-col\">\n\t\t\t\t\t\t\t\t\t\t\t\t\t\t<a href=\"https:\/\/ryohome.com.tr\/wp-content\/uploads\/2026\/01\/cupra-city-garage-060126-8.jpg\" data-elementor-open-lightbox=\"no\" data-index=\"8\" data-width=\"1920\" data-height=\"1440\" \n\t\t\t\t\t\t\t\t\t\t\t\t >\n\t\t\t\t\t\t\t\t\n\t\t\t\t\t\t\t\t<img loading=\"lazy\" decoding=\"async\" width=\"1920\" height=\"1440\" src=\"https:\/\/ryohome.com.tr\/wp-content\/uploads\/2026\/01\/cupra-city-garage-060126-8.jpg\" class=\"wd-gallery-image image-8\" alt=\"\" srcset=\"https:\/\/ryohome.com.tr\/wp-content\/uploads\/2026\/01\/cupra-city-garage-060126-8.jpg 1920w, https:\/\/ryohome.com.tr\/wp-content\/uploads\/2026\/01\/cupra-city-garage-060126-8-300x225.jpg 300w, https:\/\/ryohome.com.tr\/wp-content\/uploads\/2026\/01\/cupra-city-garage-060126-8-1024x768.jpg 1024w, https:\/\/ryohome.com.tr\/wp-content\/uploads\/2026\/01\/cupra-city-garage-060126-8-768x576.jpg 768w, https:\/\/ryohome.com.tr\/wp-content\/uploads\/2026\/01\/cupra-city-garage-060126-8-1536x1152.jpg 1536w, https:\/\/ryohome.com.tr\/wp-content\/uploads\/2026\/01\/cupra-city-garage-060126-8-16x12.jpg 16w, https:\/\/ryohome.com.tr\/wp-content\/uploads\/2026\/01\/cupra-city-garage-060126-8-150x113.jpg 150w\" sizes=\"auto, (max-width: 1920px) 100vw, 1920px\" \/>\n\t\t\t\t\t\t\t\t\t\t\t\t\t\t\t<\/a>\n\t\t\t\t\t\t\t\t\t\t\t\t<\/div>\n\t\t\t\t\t\t\t\t\t\t\t<div class=\"wd-gallery-item wd-col\">\n\t\t\t\t\t\t\t\t\t\t\t\t\t\t<a href=\"https:\/\/ryohome.com.tr\/wp-content\/uploads\/2026\/01\/cupra-city-garage-060126-9.jpg\" data-elementor-open-lightbox=\"no\" data-index=\"9\" data-width=\"1920\" data-height=\"1440\" \n\t\t\t\t\t\t\t\t\t\t\t\t >\n\t\t\t\t\t\t\t\t\n\t\t\t\t\t\t\t\t<img loading=\"lazy\" decoding=\"async\" width=\"1920\" height=\"1440\" src=\"https:\/\/ryohome.com.tr\/wp-content\/uploads\/2026\/01\/cupra-city-garage-060126-9.jpg\" class=\"wd-gallery-image image-9\" alt=\"\" srcset=\"https:\/\/ryohome.com.tr\/wp-content\/uploads\/2026\/01\/cupra-city-garage-060126-9.jpg 1920w, https:\/\/ryohome.com.tr\/wp-content\/uploads\/2026\/01\/cupra-city-garage-060126-9-300x225.jpg 300w, https:\/\/ryohome.com.tr\/wp-content\/uploads\/2026\/01\/cupra-city-garage-060126-9-1024x768.jpg 1024w, https:\/\/ryohome.com.tr\/wp-content\/uploads\/2026\/01\/cupra-city-garage-060126-9-768x576.jpg 768w, https:\/\/ryohome.com.tr\/wp-content\/uploads\/2026\/01\/cupra-city-garage-060126-9-1536x1152.jpg 1536w, https:\/\/ryohome.com.tr\/wp-content\/uploads\/2026\/01\/cupra-city-garage-060126-9-16x12.jpg 16w, https:\/\/ryohome.com.tr\/wp-content\/uploads\/2026\/01\/cupra-city-garage-060126-9-150x113.jpg 150w\" sizes=\"auto, (max-width: 1920px) 100vw, 1920px\" \/>\n\t\t\t\t\t\t\t\t\t\t\t\t\t\t\t<\/a>\n\t\t\t\t\t\t\t\t\t\t\t\t<\/div>\n\t\t\t\t\t\t\t\t\t\n\t\t\t\t\t\t\t<\/div>\n\n\t\t\t\t\t<\/div>\n\t\t<\/div><\/div><\/div><div class=\"wpb_column vc_column_container vc_col-sm-4 woodmart-sticky-column wd_sticky_offset_150 wd-rs-695c43f95627a\"><div class=\"vc_column-inner\"><div class=\"wpb_wrapper\">\t\t<div id=\"wd-69774e9759af8\" class=\"wd-text-block wd-wpb reset-last-child wd-rs-69774e9759af8 text-left\">\n\t\t\t<div class=\"project-info\">\n<div class=\"project-title\">\n<h1>Cupra City Garage<\/h1>\n<\/div>\n<div class=\"project-short-desc\">\n<p>Otomotiv d\u00fcnyas\u0131n\u0131n yenilik\u00e7i markas\u0131 Cupra\u2019n\u0131n, \u0130stanbul\u2019un kalbi Galataport\u2019ta yer alan deneyim merkezi &#8220;City Garage&#8221; projesinde; markan\u0131n global tasar\u0131m dilini yans\u0131tan t\u00fcm sabit ve hareketli mobilya imalatlar\u0131 firmam\u0131z taraf\u0131ndan ger\u00e7ekle\u015ftirilmi\u015ftir. Proje, end\u00fcstriyel materyallerin (metal, beton dokular) l\u00fcks mobilya detaylar\u0131yla harmanland\u0131\u011f\u0131 hibrit bir \u00fcretim s\u00fcrecini kapsamaktad\u0131r.<\/p>\n<h2>\u0130malat ve Uygulama Detaylar\u0131:<\/h2>\n<p><strong>End\u00fcstriyel Sergileme \u00dcniteleri:<\/strong> Markan\u0131n karakteristik bak\u0131r tonlar\u0131na ve sert hatlar\u0131na uyum sa\u011flayan; metal karkasl\u0131, entegre LED ayd\u0131nlatmal\u0131 ve \u00f6zel boyal\u0131 \u00fcr\u00fcn sergileme raflar\u0131 milimetrik hassasiyetle \u00fcretilmi\u015ftir.<\/p>\n<p><strong>Bar ve Kar\u015f\u0131lama Alan\u0131:<\/strong> Mek\u00e2n\u0131n sosyal etkile\u015fim noktas\u0131 olan bar b\u00f6l\u00fcm\u00fcnde, beton dokulu \u00f6zel y\u00fczey kaplamalar\u0131 ve metal konstr\u00fcksiyon detaylar\u0131 bir araya getirilerek, dayan\u0131kl\u0131 ve estetik bir hizmet alan\u0131 olu\u015fturulmu\u015ftur.<\/p>\n<p><strong>Lounge ve Oturma Gruplar\u0131:<\/strong> Ziyaret\u00e7i konforunu maksimize eden kapitone diki\u015fli kadife kanepeler, \u00f6zel tasar\u0131m deri koltuklar ve metal ayakl\u0131 bar sandalyeleri, projenin renk paletine uygun olarak at\u00f6lyelerimizde imal edilmi\u015ftir.<\/p>\n<p><strong>Toplant\u0131 ve \u00c7al\u0131\u015fma Masalar\u0131:<\/strong> Co-working alanlar\u0131nda kullan\u0131lan uzun toplant\u0131 masalar\u0131, do\u011fal ah\u015fap kaplama tablalar ve entegre elektrik\/data \u00e7\u00f6z\u00fcmleri ile fonksiyonel hale getirilmi\u015ftir.<\/p>\n<p><strong>Duvar ve Tavan Entegrasyonu:<\/strong> Mekandaki end\u00fcstriyel tavan sistemleri ve duvarlardaki sanatsal panellerle uyumlu, tamamlay\u0131c\u0131 ah\u015fap ve metal dekorasyon i\u015fleri.<\/p>\n<\/div>\n<\/div>\n\t\t<\/div>\n\t\t<\/div><\/div><\/div><\/div><div class=\"vc_row-full-width vc_clearfix\"><\/div>\n<\/div>","protected":false},"excerpt":{"rendered":"Cupra City Garage Otomotiv d\u00fcnyas\u0131n\u0131n yenilik\u00e7i markas\u0131 Cupra\u2019n\u0131n, \u0130stanbul\u2019un kalbi Galataport\u2019ta yer alan deneyim merkezi \"City Garage\" projesinde; markan\u0131n global","protected":false},"author":1,"featured_media":0,"parent":315,"menu_order":0,"comment_status":"closed","ping_status":"closed","template":"","meta":{"footnotes":""},"class_list":["post-362","page","type-page","status-publish","hentry"],"_links":{"self":[{"href":"https:\/\/ryohome.com.tr\/en\/wp-json\/wp\/v2\/pages\/362","targetHints":{"allow":["GET"]}}],"collection":[{"href":"https:\/\/ryohome.com.tr\/en\/wp-json\/wp\/v2\/pages"}],"about":[{"href":"https:\/\/ryohome.com.tr\/en\/wp-json\/wp\/v2\/types\/page"}],"author":[{"embeddable":true,"href":"https:\/\/ryohome.com.tr\/en\/wp-json\/wp\/v2\/users\/1"}],"replies":[{"embeddable":true,"href":"https:\/\/ryohome.com.tr\/en\/wp-json\/wp\/v2\/comments?post=362"}],"version-history":[{"count":3,"href":"https:\/\/ryohome.com.tr\/en\/wp-json\/wp\/v2\/pages\/362\/revisions"}],"predecessor-version":[{"id":450,"href":"https:\/\/ryohome.com.tr\/en\/wp-json\/wp\/v2\/pages\/362\/revisions\/450"}],"up":[{"embeddable":true,"href":"https:\/\/ryohome.com.tr\/en\/wp-json\/wp\/v2\/pages\/315"}],"wp:attachment":[{"href":"https:\/\/ryohome.com.tr\/en\/wp-json\/wp\/v2\/media?parent=362"}],"curies":[{"name":"wp","href":"https:\/\/api.w.org\/{rel}","templated":true}]}}