{"id":374,"date":"2026-01-06T09:32:46","date_gmt":"2026-01-06T09:32:46","guid":{"rendered":"https:\/\/lightskyblue-woodcock-148784.hostingersite.com\/?page_id=374"},"modified":"2026-04-06T13:30:21","modified_gmt":"2026-04-06T13:30:21","slug":"easycep-genel-mudurluk","status":"publish","type":"page","link":"https:\/\/ryohome.com.tr\/en\/projeler\/easycep-genel-mudurluk\/","title":{"rendered":"EasyCep Genel M\u00fcd\u00fcrl\u00fck"},"content":{"rendered":"<div class=\"wpb-content-wrapper\"><div id=\"project-row\" data-vc-full-width=\"true\" data-vc-full-width-temp=\"true\" data-vc-full-width-init=\"false\" data-vc-stretch-content=\"true\" class=\"vc_row wpb_row vc_row-fluid vc_column-gap-20 vc_row-no-padding vc_row-o-equal-height vc_row-flex wd-rs-695cd0a976373 wd-section-stretch-content-no-pd\"><div class=\"wpb_column vc_column_container vc_col-sm-8\"><div class=\"vc_column-inner\"><div class=\"wpb_wrapper\">\t\t<div id=\"gallery_139\" class=\"wd-images-gallery wd-wpb wd-rs-69d3b53eb0ed6 photoswipe-images\" style=\"--wd-justify-content:center;--wd-align-items:center;\">\n\t\t\t\n\t\t\t<div class=\"wd-grid-g\" style=\"--wd-col-lg:2;--wd-col-md:2;--wd-col-sm:1;--wd-gap-lg:10px;\">\n\t\t\t\t\n\t\t\t\t\t\t\t\t\t\t\t\t\t\t\t<div class=\"wd-gallery-item wd-col\">\n\t\t\t\t\t\t\t\t\t\t\t\t\t\t<a href=\"https:\/\/ryohome.com.tr\/wp-content\/uploads\/2026\/01\/easy-cep-genel-mudurluk-060126-1.jpg\" data-elementor-open-lightbox=\"no\" data-index=\"1\" data-width=\"1920\" data-height=\"1440\" \n\t\t\t\t\t\t\t\t\t\t\t\t >\n\t\t\t\t\t\t\t\t\n\t\t\t\t\t\t\t\t<img loading=\"lazy\" decoding=\"async\" width=\"1920\" height=\"1440\" src=\"https:\/\/ryohome.com.tr\/wp-content\/uploads\/2026\/01\/easy-cep-genel-mudurluk-060126-1.jpg\" class=\"wd-gallery-image image-1\" alt=\"\" srcset=\"https:\/\/ryohome.com.tr\/wp-content\/uploads\/2026\/01\/easy-cep-genel-mudurluk-060126-1.jpg 1920w, https:\/\/ryohome.com.tr\/wp-content\/uploads\/2026\/01\/easy-cep-genel-mudurluk-060126-1-300x225.jpg 300w, https:\/\/ryohome.com.tr\/wp-content\/uploads\/2026\/01\/easy-cep-genel-mudurluk-060126-1-1024x768.jpg 1024w, https:\/\/ryohome.com.tr\/wp-content\/uploads\/2026\/01\/easy-cep-genel-mudurluk-060126-1-768x576.jpg 768w, https:\/\/ryohome.com.tr\/wp-content\/uploads\/2026\/01\/easy-cep-genel-mudurluk-060126-1-1536x1152.jpg 1536w, https:\/\/ryohome.com.tr\/wp-content\/uploads\/2026\/01\/easy-cep-genel-mudurluk-060126-1-16x12.jpg 16w, https:\/\/ryohome.com.tr\/wp-content\/uploads\/2026\/01\/easy-cep-genel-mudurluk-060126-1-150x113.jpg 150w\" sizes=\"auto, (max-width: 1920px) 100vw, 1920px\" \/>\n\t\t\t\t\t\t\t\t\t\t\t\t\t\t\t<\/a>\n\t\t\t\t\t\t\t\t\t\t\t\t<\/div>\n\t\t\t\t\t\t\t\t\t\t\t<div class=\"wd-gallery-item wd-col\">\n\t\t\t\t\t\t\t\t\t\t\t\t\t\t<a href=\"https:\/\/ryohome.com.tr\/wp-content\/uploads\/2026\/01\/easy-cep-genel-mudurluk-060126-2.jpg\" data-elementor-open-lightbox=\"no\" data-index=\"2\" data-width=\"1920\" data-height=\"1440\" \n\t\t\t\t\t\t\t\t\t\t\t\t >\n\t\t\t\t\t\t\t\t\n\t\t\t\t\t\t\t\t<img loading=\"lazy\" decoding=\"async\" width=\"1920\" height=\"1440\" src=\"https:\/\/ryohome.com.tr\/wp-content\/uploads\/2026\/01\/easy-cep-genel-mudurluk-060126-2.jpg\" class=\"wd-gallery-image image-2\" alt=\"\" srcset=\"https:\/\/ryohome.com.tr\/wp-content\/uploads\/2026\/01\/easy-cep-genel-mudurluk-060126-2.jpg 1920w, https:\/\/ryohome.com.tr\/wp-content\/uploads\/2026\/01\/easy-cep-genel-mudurluk-060126-2-300x225.jpg 300w, https:\/\/ryohome.com.tr\/wp-content\/uploads\/2026\/01\/easy-cep-genel-mudurluk-060126-2-1024x768.jpg 1024w, https:\/\/ryohome.com.tr\/wp-content\/uploads\/2026\/01\/easy-cep-genel-mudurluk-060126-2-768x576.jpg 768w, https:\/\/ryohome.com.tr\/wp-content\/uploads\/2026\/01\/easy-cep-genel-mudurluk-060126-2-1536x1152.jpg 1536w, https:\/\/ryohome.com.tr\/wp-content\/uploads\/2026\/01\/easy-cep-genel-mudurluk-060126-2-16x12.jpg 16w, https:\/\/ryohome.com.tr\/wp-content\/uploads\/2026\/01\/easy-cep-genel-mudurluk-060126-2-150x113.jpg 150w\" sizes=\"auto, (max-width: 1920px) 100vw, 1920px\" \/>\n\t\t\t\t\t\t\t\t\t\t\t\t\t\t\t<\/a>\n\t\t\t\t\t\t\t\t\t\t\t\t<\/div>\n\t\t\t\t\t\t\t\t\t\t\t<div class=\"wd-gallery-item wd-col\">\n\t\t\t\t\t\t\t\t\t\t\t\t\t\t<a href=\"https:\/\/ryohome.com.tr\/wp-content\/uploads\/2026\/01\/easy-cep-genel-mudurluk-060126-3.jpg\" data-elementor-open-lightbox=\"no\" data-index=\"3\" data-width=\"1920\" data-height=\"1440\" \n\t\t\t\t\t\t\t\t\t\t\t\t >\n\t\t\t\t\t\t\t\t\n\t\t\t\t\t\t\t\t<img loading=\"lazy\" decoding=\"async\" width=\"1920\" height=\"1440\" src=\"https:\/\/ryohome.com.tr\/wp-content\/uploads\/2026\/01\/easy-cep-genel-mudurluk-060126-3.jpg\" class=\"wd-gallery-image image-3\" alt=\"\" srcset=\"https:\/\/ryohome.com.tr\/wp-content\/uploads\/2026\/01\/easy-cep-genel-mudurluk-060126-3.jpg 1920w, https:\/\/ryohome.com.tr\/wp-content\/uploads\/2026\/01\/easy-cep-genel-mudurluk-060126-3-300x225.jpg 300w, https:\/\/ryohome.com.tr\/wp-content\/uploads\/2026\/01\/easy-cep-genel-mudurluk-060126-3-1024x768.jpg 1024w, https:\/\/ryohome.com.tr\/wp-content\/uploads\/2026\/01\/easy-cep-genel-mudurluk-060126-3-768x576.jpg 768w, https:\/\/ryohome.com.tr\/wp-content\/uploads\/2026\/01\/easy-cep-genel-mudurluk-060126-3-1536x1152.jpg 1536w, https:\/\/ryohome.com.tr\/wp-content\/uploads\/2026\/01\/easy-cep-genel-mudurluk-060126-3-16x12.jpg 16w, https:\/\/ryohome.com.tr\/wp-content\/uploads\/2026\/01\/easy-cep-genel-mudurluk-060126-3-150x113.jpg 150w\" sizes=\"auto, (max-width: 1920px) 100vw, 1920px\" \/>\n\t\t\t\t\t\t\t\t\t\t\t\t\t\t\t<\/a>\n\t\t\t\t\t\t\t\t\t\t\t\t<\/div>\n\t\t\t\t\t\t\t\t\t\t\t<div class=\"wd-gallery-item wd-col\">\n\t\t\t\t\t\t\t\t\t\t\t\t\t\t<a href=\"https:\/\/ryohome.com.tr\/wp-content\/uploads\/2026\/01\/easy-cep-genel-mudurluk-060126-4.jpg\" data-elementor-open-lightbox=\"no\" data-index=\"4\" data-width=\"1920\" data-height=\"1440\" \n\t\t\t\t\t\t\t\t\t\t\t\t >\n\t\t\t\t\t\t\t\t\n\t\t\t\t\t\t\t\t<img loading=\"lazy\" decoding=\"async\" width=\"1920\" height=\"1440\" src=\"https:\/\/ryohome.com.tr\/wp-content\/uploads\/2026\/01\/easy-cep-genel-mudurluk-060126-4.jpg\" class=\"wd-gallery-image image-4\" alt=\"\" srcset=\"https:\/\/ryohome.com.tr\/wp-content\/uploads\/2026\/01\/easy-cep-genel-mudurluk-060126-4.jpg 1920w, https:\/\/ryohome.com.tr\/wp-content\/uploads\/2026\/01\/easy-cep-genel-mudurluk-060126-4-300x225.jpg 300w, https:\/\/ryohome.com.tr\/wp-content\/uploads\/2026\/01\/easy-cep-genel-mudurluk-060126-4-1024x768.jpg 1024w, https:\/\/ryohome.com.tr\/wp-content\/uploads\/2026\/01\/easy-cep-genel-mudurluk-060126-4-768x576.jpg 768w, https:\/\/ryohome.com.tr\/wp-content\/uploads\/2026\/01\/easy-cep-genel-mudurluk-060126-4-1536x1152.jpg 1536w, https:\/\/ryohome.com.tr\/wp-content\/uploads\/2026\/01\/easy-cep-genel-mudurluk-060126-4-16x12.jpg 16w, https:\/\/ryohome.com.tr\/wp-content\/uploads\/2026\/01\/easy-cep-genel-mudurluk-060126-4-150x113.jpg 150w\" sizes=\"auto, (max-width: 1920px) 100vw, 1920px\" \/>\n\t\t\t\t\t\t\t\t\t\t\t\t\t\t\t<\/a>\n\t\t\t\t\t\t\t\t\t\t\t\t<\/div>\n\t\t\t\t\t\t\t\t\t\t\t<div class=\"wd-gallery-item wd-col\">\n\t\t\t\t\t\t\t\t\t\t\t\t\t\t<a href=\"https:\/\/ryohome.com.tr\/wp-content\/uploads\/2026\/01\/easy-cep-genel-mudurluk-060126-5.jpg\" data-elementor-open-lightbox=\"no\" data-index=\"5\" data-width=\"1920\" data-height=\"1440\" \n\t\t\t\t\t\t\t\t\t\t\t\t >\n\t\t\t\t\t\t\t\t\n\t\t\t\t\t\t\t\t<img loading=\"lazy\" decoding=\"async\" width=\"1920\" height=\"1440\" src=\"https:\/\/ryohome.com.tr\/wp-content\/uploads\/2026\/01\/easy-cep-genel-mudurluk-060126-5.jpg\" class=\"wd-gallery-image image-5\" alt=\"\" srcset=\"https:\/\/ryohome.com.tr\/wp-content\/uploads\/2026\/01\/easy-cep-genel-mudurluk-060126-5.jpg 1920w, https:\/\/ryohome.com.tr\/wp-content\/uploads\/2026\/01\/easy-cep-genel-mudurluk-060126-5-300x225.jpg 300w, https:\/\/ryohome.com.tr\/wp-content\/uploads\/2026\/01\/easy-cep-genel-mudurluk-060126-5-1024x768.jpg 1024w, https:\/\/ryohome.com.tr\/wp-content\/uploads\/2026\/01\/easy-cep-genel-mudurluk-060126-5-768x576.jpg 768w, https:\/\/ryohome.com.tr\/wp-content\/uploads\/2026\/01\/easy-cep-genel-mudurluk-060126-5-1536x1152.jpg 1536w, https:\/\/ryohome.com.tr\/wp-content\/uploads\/2026\/01\/easy-cep-genel-mudurluk-060126-5-16x12.jpg 16w, https:\/\/ryohome.com.tr\/wp-content\/uploads\/2026\/01\/easy-cep-genel-mudurluk-060126-5-150x113.jpg 150w\" sizes=\"auto, (max-width: 1920px) 100vw, 1920px\" \/>\n\t\t\t\t\t\t\t\t\t\t\t\t\t\t\t<\/a>\n\t\t\t\t\t\t\t\t\t\t\t\t<\/div>\n\t\t\t\t\t\t\t\t\t\t\t<div class=\"wd-gallery-item wd-col\">\n\t\t\t\t\t\t\t\t\t\t\t\t\t\t<a href=\"https:\/\/ryohome.com.tr\/wp-content\/uploads\/2026\/01\/easy-cep-genel-mudurluk-060126-6.jpg\" data-elementor-open-lightbox=\"no\" data-index=\"6\" data-width=\"1920\" data-height=\"1440\" \n\t\t\t\t\t\t\t\t\t\t\t\t >\n\t\t\t\t\t\t\t\t\n\t\t\t\t\t\t\t\t<img loading=\"lazy\" decoding=\"async\" width=\"1920\" height=\"1440\" src=\"https:\/\/ryohome.com.tr\/wp-content\/uploads\/2026\/01\/easy-cep-genel-mudurluk-060126-6.jpg\" class=\"wd-gallery-image image-6\" alt=\"\" srcset=\"https:\/\/ryohome.com.tr\/wp-content\/uploads\/2026\/01\/easy-cep-genel-mudurluk-060126-6.jpg 1920w, https:\/\/ryohome.com.tr\/wp-content\/uploads\/2026\/01\/easy-cep-genel-mudurluk-060126-6-300x225.jpg 300w, https:\/\/ryohome.com.tr\/wp-content\/uploads\/2026\/01\/easy-cep-genel-mudurluk-060126-6-1024x768.jpg 1024w, https:\/\/ryohome.com.tr\/wp-content\/uploads\/2026\/01\/easy-cep-genel-mudurluk-060126-6-768x576.jpg 768w, https:\/\/ryohome.com.tr\/wp-content\/uploads\/2026\/01\/easy-cep-genel-mudurluk-060126-6-1536x1152.jpg 1536w, https:\/\/ryohome.com.tr\/wp-content\/uploads\/2026\/01\/easy-cep-genel-mudurluk-060126-6-16x12.jpg 16w, https:\/\/ryohome.com.tr\/wp-content\/uploads\/2026\/01\/easy-cep-genel-mudurluk-060126-6-150x113.jpg 150w\" sizes=\"auto, (max-width: 1920px) 100vw, 1920px\" \/>\n\t\t\t\t\t\t\t\t\t\t\t\t\t\t\t<\/a>\n\t\t\t\t\t\t\t\t\t\t\t\t<\/div>\n\t\t\t\t\t\t\t\t\t\t\t<div class=\"wd-gallery-item wd-col\">\n\t\t\t\t\t\t\t\t\t\t\t\t\t\t<a href=\"https:\/\/ryohome.com.tr\/wp-content\/uploads\/2026\/01\/easy-cep-genel-mudurluk-060126-7.jpg\" data-elementor-open-lightbox=\"no\" data-index=\"7\" data-width=\"1920\" data-height=\"1440\" \n\t\t\t\t\t\t\t\t\t\t\t\t >\n\t\t\t\t\t\t\t\t\n\t\t\t\t\t\t\t\t<img loading=\"lazy\" decoding=\"async\" width=\"1920\" height=\"1440\" src=\"https:\/\/ryohome.com.tr\/wp-content\/uploads\/2026\/01\/easy-cep-genel-mudurluk-060126-7.jpg\" class=\"wd-gallery-image image-7\" alt=\"\" srcset=\"https:\/\/ryohome.com.tr\/wp-content\/uploads\/2026\/01\/easy-cep-genel-mudurluk-060126-7.jpg 1920w, https:\/\/ryohome.com.tr\/wp-content\/uploads\/2026\/01\/easy-cep-genel-mudurluk-060126-7-300x225.jpg 300w, https:\/\/ryohome.com.tr\/wp-content\/uploads\/2026\/01\/easy-cep-genel-mudurluk-060126-7-1024x768.jpg 1024w, https:\/\/ryohome.com.tr\/wp-content\/uploads\/2026\/01\/easy-cep-genel-mudurluk-060126-7-768x576.jpg 768w, https:\/\/ryohome.com.tr\/wp-content\/uploads\/2026\/01\/easy-cep-genel-mudurluk-060126-7-1536x1152.jpg 1536w, https:\/\/ryohome.com.tr\/wp-content\/uploads\/2026\/01\/easy-cep-genel-mudurluk-060126-7-16x12.jpg 16w, https:\/\/ryohome.com.tr\/wp-content\/uploads\/2026\/01\/easy-cep-genel-mudurluk-060126-7-150x113.jpg 150w\" sizes=\"auto, (max-width: 1920px) 100vw, 1920px\" \/>\n\t\t\t\t\t\t\t\t\t\t\t\t\t\t\t<\/a>\n\t\t\t\t\t\t\t\t\t\t\t\t<\/div>\n\t\t\t\t\t\t\t\t\t\t\t<div class=\"wd-gallery-item wd-col\">\n\t\t\t\t\t\t\t\t\t\t\t\t\t\t<a href=\"https:\/\/ryohome.com.tr\/wp-content\/uploads\/2026\/01\/easy-cep-genel-mudurluk-060126-8.jpg\" data-elementor-open-lightbox=\"no\" data-index=\"8\" data-width=\"1920\" data-height=\"1440\" \n\t\t\t\t\t\t\t\t\t\t\t\t >\n\t\t\t\t\t\t\t\t\n\t\t\t\t\t\t\t\t<img loading=\"lazy\" decoding=\"async\" width=\"1920\" height=\"1440\" src=\"https:\/\/ryohome.com.tr\/wp-content\/uploads\/2026\/01\/easy-cep-genel-mudurluk-060126-8.jpg\" class=\"wd-gallery-image image-8\" alt=\"\" srcset=\"https:\/\/ryohome.com.tr\/wp-content\/uploads\/2026\/01\/easy-cep-genel-mudurluk-060126-8.jpg 1920w, https:\/\/ryohome.com.tr\/wp-content\/uploads\/2026\/01\/easy-cep-genel-mudurluk-060126-8-300x225.jpg 300w, https:\/\/ryohome.com.tr\/wp-content\/uploads\/2026\/01\/easy-cep-genel-mudurluk-060126-8-1024x768.jpg 1024w, https:\/\/ryohome.com.tr\/wp-content\/uploads\/2026\/01\/easy-cep-genel-mudurluk-060126-8-768x576.jpg 768w, https:\/\/ryohome.com.tr\/wp-content\/uploads\/2026\/01\/easy-cep-genel-mudurluk-060126-8-1536x1152.jpg 1536w, https:\/\/ryohome.com.tr\/wp-content\/uploads\/2026\/01\/easy-cep-genel-mudurluk-060126-8-16x12.jpg 16w, https:\/\/ryohome.com.tr\/wp-content\/uploads\/2026\/01\/easy-cep-genel-mudurluk-060126-8-150x113.jpg 150w\" sizes=\"auto, (max-width: 1920px) 100vw, 1920px\" \/>\n\t\t\t\t\t\t\t\t\t\t\t\t\t\t\t<\/a>\n\t\t\t\t\t\t\t\t\t\t\t\t<\/div>\n\t\t\t\t\t\t\t\t\t\t\t<div class=\"wd-gallery-item wd-col\">\n\t\t\t\t\t\t\t\t\t\t\t\t\t\t<a href=\"https:\/\/ryohome.com.tr\/wp-content\/uploads\/2026\/01\/easy-cep-genel-mudurluk-060126-9.jpg\" data-elementor-open-lightbox=\"no\" data-index=\"9\" data-width=\"1920\" data-height=\"1440\" \n\t\t\t\t\t\t\t\t\t\t\t\t >\n\t\t\t\t\t\t\t\t\n\t\t\t\t\t\t\t\t<img loading=\"lazy\" decoding=\"async\" width=\"1920\" height=\"1440\" src=\"https:\/\/ryohome.com.tr\/wp-content\/uploads\/2026\/01\/easy-cep-genel-mudurluk-060126-9.jpg\" class=\"wd-gallery-image image-9\" alt=\"\" srcset=\"https:\/\/ryohome.com.tr\/wp-content\/uploads\/2026\/01\/easy-cep-genel-mudurluk-060126-9.jpg 1920w, https:\/\/ryohome.com.tr\/wp-content\/uploads\/2026\/01\/easy-cep-genel-mudurluk-060126-9-300x225.jpg 300w, https:\/\/ryohome.com.tr\/wp-content\/uploads\/2026\/01\/easy-cep-genel-mudurluk-060126-9-1024x768.jpg 1024w, https:\/\/ryohome.com.tr\/wp-content\/uploads\/2026\/01\/easy-cep-genel-mudurluk-060126-9-768x576.jpg 768w, https:\/\/ryohome.com.tr\/wp-content\/uploads\/2026\/01\/easy-cep-genel-mudurluk-060126-9-1536x1152.jpg 1536w, https:\/\/ryohome.com.tr\/wp-content\/uploads\/2026\/01\/easy-cep-genel-mudurluk-060126-9-16x12.jpg 16w, https:\/\/ryohome.com.tr\/wp-content\/uploads\/2026\/01\/easy-cep-genel-mudurluk-060126-9-150x113.jpg 150w\" sizes=\"auto, (max-width: 1920px) 100vw, 1920px\" \/>\n\t\t\t\t\t\t\t\t\t\t\t\t\t\t\t<\/a>\n\t\t\t\t\t\t\t\t\t\t\t\t<\/div>\n\t\t\t\t\t\t\t\t\t\n\t\t\t\t\t\t\t<\/div>\n\n\t\t\t\t\t<\/div>\n\t\t<\/div><\/div><\/div><div class=\"wpb_column vc_column_container vc_col-sm-4 woodmart-sticky-column wd_sticky_offset_150 wd-rs-695c43f95627a\"><div class=\"vc_column-inner\"><div class=\"wpb_wrapper\">\t\t<div id=\"wd-69774ebe6dd4d\" class=\"wd-text-block wd-wpb reset-last-child wd-rs-69774ebe6dd4d text-left\">\n\t\t\t<div class=\"project-info\">\n<div class=\"project-title\">\n<h1>Easycep Genel M\u00fcd\u00fcrl\u00fck<\/h1>\n<\/div>\n<div class=\"project-short-desc\">\n<p>Easycep Genel M\u00fcd\u00fcrl\u00fck ofisinin mimari projesinde; a\u00e7\u0131k ofis alanlar\u0131, toplant\u0131 odalar\u0131, sosyal alanlar ve sirk\u00fclasyon b\u00f6l\u00fcmlerindeki t\u00fcm ah\u015fap kaplama ve mobilya imalatlar\u0131 firmam\u0131z taraf\u0131ndan tamamlanm\u0131\u015ft\u0131r. Projede, markan\u0131n dinamik yap\u0131s\u0131na uygun modern malzemeler ve \u00f6zel marangozluk \u00e7\u00f6z\u00fcmleri bir arada kullan\u0131lm\u0131\u015ft\u0131r.<\/p>\n<h2>Uygulama Detaylar\u0131:<\/h2>\n<ul>\n<li><strong>Ah\u015fap Duvar Kaplamalar\u0131 ve Y\u00f6nlendirme:<\/strong> Koridorlar ve ana ge\u00e7i\u015f hatlar\u0131nda, mek\u00e2n\u0131n s\u0131cakl\u0131\u011f\u0131n\u0131 sa\u011flayan geni\u015f y\u00fczeyli ah\u015fap duvar panelleri uygulanm\u0131\u015ft\u0131r. B\u00f6l\u00fcm isimleri ve y\u00f6nlendirme grafikleri, harici tabela yerine do\u011frudan bu ah\u015fap paneller \u00fczerine i\u015flenerek mimari b\u00fct\u00fcnl\u00fck korunmu\u015ftur.<\/li>\n<li><strong>Amfi ve Sosyal Alanlar:<\/strong> Ofis i\u00e7i toplanma ve sosyalle\u015fme alan\u0131 olarak kurgulanan, ah\u015fap karkas \u00fczerine in\u015fa edilmi\u015f basamakl\u0131 amfi oturma d\u00fczeni ve dinlenme mod\u00fclleri, projeye \u00f6zel olarak \u00fcretilmi\u015ftir.<\/li>\n<li><strong>Operasyonel \u00c7al\u0131\u015fma Alanlar\u0131:<\/strong> A\u00e7\u0131k ofis d\u00fczeninde verimlili\u011fi art\u0131ran \u00e7al\u0131\u015fma istasyonlar\u0131, akustik ara paneller ve markan\u0131n kurumsal rengi olan ye\u015fil detaylarla \u00f6zelle\u015ftirilmi\u015f depolama \u00fcniteleri.<\/li>\n<li><strong>B\u00f6l\u00fcc\u00fc Sistemler ve Ni\u015fler:<\/strong> Toplant\u0131 odalar\u0131 i\u00e7in al\u00fcminyum profilli cam b\u00f6lme sistemleri ile koridor duvarlar\u0131na entegre edilen, g\u00f6mme oturma ni\u015fleri ve bitki havuzlar\u0131 imalat\u0131.<\/li>\n<li><strong>Kafeterya Mobilyalar\u0131:<\/strong> Personel yemek ve mola alanlar\u0131 i\u00e7in dayan\u0131kl\u0131 malzemelerden \u00fcretilen sedir oturma gruplar\u0131, masalar ve dekoratif ah\u015fap tavan elemanlar\u0131.<\/li>\n<\/ul>\n<\/div>\n<\/div>\n\t\t<\/div>\n\t\t<\/div><\/div><\/div><\/div><div class=\"vc_row-full-width vc_clearfix\"><\/div>\n<\/div>","protected":false},"excerpt":{"rendered":"Easycep Genel M\u00fcd\u00fcrl\u00fck Easycep Genel M\u00fcd\u00fcrl\u00fck ofisinin mimari projesinde; a\u00e7\u0131k ofis alanlar\u0131, toplant\u0131 odalar\u0131, sosyal alanlar ve sirk\u00fclasyon b\u00f6l\u00fcmlerindeki t\u00fcm","protected":false},"author":1,"featured_media":0,"parent":315,"menu_order":0,"comment_status":"closed","ping_status":"closed","template":"","meta":{"footnotes":""},"class_list":["post-374","page","type-page","status-publish","hentry"],"_links":{"self":[{"href":"https:\/\/ryohome.com.tr\/en\/wp-json\/wp\/v2\/pages\/374","targetHints":{"allow":["GET"]}}],"collection":[{"href":"https:\/\/ryohome.com.tr\/en\/wp-json\/wp\/v2\/pages"}],"about":[{"href":"https:\/\/ryohome.com.tr\/en\/wp-json\/wp\/v2\/types\/page"}],"author":[{"embeddable":true,"href":"https:\/\/ryohome.com.tr\/en\/wp-json\/wp\/v2\/users\/1"}],"replies":[{"embeddable":true,"href":"https:\/\/ryohome.com.tr\/en\/wp-json\/wp\/v2\/comments?post=374"}],"version-history":[{"count":5,"href":"https:\/\/ryohome.com.tr\/en\/wp-json\/wp\/v2\/pages\/374\/revisions"}],"predecessor-version":[{"id":1103,"href":"https:\/\/ryohome.com.tr\/en\/wp-json\/wp\/v2\/pages\/374\/revisions\/1103"}],"up":[{"embeddable":true,"href":"https:\/\/ryohome.com.tr\/en\/wp-json\/wp\/v2\/pages\/315"}],"wp:attachment":[{"href":"https:\/\/ryohome.com.tr\/en\/wp-json\/wp\/v2\/media?parent=374"}],"curies":[{"name":"wp","href":"https:\/\/api.w.org\/{rel}","templated":true}]}}