{"id":413,"date":"2026-01-06T09:44:53","date_gmt":"2026-01-06T09:44:53","guid":{"rendered":"https:\/\/lightskyblue-woodcock-148784.hostingersite.com\/?page_id=413"},"modified":"2026-01-26T11:32:13","modified_gmt":"2026-01-26T11:32:13","slug":"mirabella-villa","status":"publish","type":"page","link":"https:\/\/ryohome.com.tr\/en\/projeler\/mirabella-villa\/","title":{"rendered":"Mirabella Villa"},"content":{"rendered":"<div class=\"wpb-content-wrapper\"><div id=\"project-row\" data-vc-full-width=\"true\" data-vc-full-width-temp=\"true\" data-vc-full-width-init=\"false\" data-vc-stretch-content=\"true\" class=\"vc_row wpb_row vc_row-fluid vc_column-gap-20 vc_row-no-padding vc_row-o-equal-height vc_row-flex wd-rs-695cd0a976373 wd-section-stretch-content-no-pd\"><div class=\"wpb_column vc_column_container vc_col-sm-8\"><div class=\"vc_column-inner\"><div class=\"wpb_wrapper\">\t\t<div id=\"gallery_903\" class=\"wd-images-gallery wd-wpb wd-rs-697750b71645f photoswipe-images\" style=\"--wd-justify-content:center;--wd-align-items:center;\">\n\t\t\t\n\t\t\t<div class=\"wd-grid-g\" style=\"--wd-col-lg:2;--wd-col-md:2;--wd-col-sm:1;--wd-gap-lg:10px;\">\n\t\t\t\t\n\t\t\t\t\t\t\t\t\t\t\t\t\t\t\t<div class=\"wd-gallery-item wd-col\">\n\t\t\t\t\t\t\t\t\t\t\t\t\t\t<a href=\"https:\/\/ryohome.com.tr\/wp-content\/uploads\/2026\/01\/mirabella-villa-060126-1.jpg\" data-elementor-open-lightbox=\"no\" data-index=\"1\" data-width=\"1920\" data-height=\"1440\" \n\t\t\t\t\t\t\t\t\t\t\t\t >\n\t\t\t\t\t\t\t\t\n\t\t\t\t\t\t\t\t<img loading=\"lazy\" decoding=\"async\" width=\"1920\" height=\"1440\" src=\"https:\/\/ryohome.com.tr\/wp-content\/uploads\/2026\/01\/mirabella-villa-060126-1.jpg\" class=\"wd-gallery-image image-1\" alt=\"\" srcset=\"https:\/\/ryohome.com.tr\/wp-content\/uploads\/2026\/01\/mirabella-villa-060126-1.jpg 1920w, https:\/\/ryohome.com.tr\/wp-content\/uploads\/2026\/01\/mirabella-villa-060126-1-300x225.jpg 300w, https:\/\/ryohome.com.tr\/wp-content\/uploads\/2026\/01\/mirabella-villa-060126-1-1024x768.jpg 1024w, https:\/\/ryohome.com.tr\/wp-content\/uploads\/2026\/01\/mirabella-villa-060126-1-768x576.jpg 768w, https:\/\/ryohome.com.tr\/wp-content\/uploads\/2026\/01\/mirabella-villa-060126-1-1536x1152.jpg 1536w, https:\/\/ryohome.com.tr\/wp-content\/uploads\/2026\/01\/mirabella-villa-060126-1-16x12.jpg 16w, https:\/\/ryohome.com.tr\/wp-content\/uploads\/2026\/01\/mirabella-villa-060126-1-150x113.jpg 150w\" sizes=\"auto, (max-width: 1920px) 100vw, 1920px\" \/>\n\t\t\t\t\t\t\t\t\t\t\t\t\t\t\t<\/a>\n\t\t\t\t\t\t\t\t\t\t\t\t<\/div>\n\t\t\t\t\t\t\t\t\t\t\t<div class=\"wd-gallery-item wd-col\">\n\t\t\t\t\t\t\t\t\t\t\t\t\t\t<a href=\"https:\/\/ryohome.com.tr\/wp-content\/uploads\/2026\/01\/mirabella-villa-060126-2.jpg\" data-elementor-open-lightbox=\"no\" data-index=\"2\" data-width=\"1920\" data-height=\"1440\" \n\t\t\t\t\t\t\t\t\t\t\t\t >\n\t\t\t\t\t\t\t\t\n\t\t\t\t\t\t\t\t<img loading=\"lazy\" decoding=\"async\" width=\"1920\" height=\"1440\" src=\"https:\/\/ryohome.com.tr\/wp-content\/uploads\/2026\/01\/mirabella-villa-060126-2.jpg\" class=\"wd-gallery-image image-2\" alt=\"\" srcset=\"https:\/\/ryohome.com.tr\/wp-content\/uploads\/2026\/01\/mirabella-villa-060126-2.jpg 1920w, https:\/\/ryohome.com.tr\/wp-content\/uploads\/2026\/01\/mirabella-villa-060126-2-300x225.jpg 300w, https:\/\/ryohome.com.tr\/wp-content\/uploads\/2026\/01\/mirabella-villa-060126-2-1024x768.jpg 1024w, https:\/\/ryohome.com.tr\/wp-content\/uploads\/2026\/01\/mirabella-villa-060126-2-768x576.jpg 768w, https:\/\/ryohome.com.tr\/wp-content\/uploads\/2026\/01\/mirabella-villa-060126-2-1536x1152.jpg 1536w, https:\/\/ryohome.com.tr\/wp-content\/uploads\/2026\/01\/mirabella-villa-060126-2-16x12.jpg 16w, https:\/\/ryohome.com.tr\/wp-content\/uploads\/2026\/01\/mirabella-villa-060126-2-150x113.jpg 150w\" sizes=\"auto, (max-width: 1920px) 100vw, 1920px\" \/>\n\t\t\t\t\t\t\t\t\t\t\t\t\t\t\t<\/a>\n\t\t\t\t\t\t\t\t\t\t\t\t<\/div>\n\t\t\t\t\t\t\t\t\t\t\t<div class=\"wd-gallery-item wd-col\">\n\t\t\t\t\t\t\t\t\t\t\t\t\t\t<a href=\"https:\/\/ryohome.com.tr\/wp-content\/uploads\/2026\/01\/mirabella-villa-060126-3.jpg\" data-elementor-open-lightbox=\"no\" data-index=\"3\" data-width=\"1920\" data-height=\"1440\" \n\t\t\t\t\t\t\t\t\t\t\t\t >\n\t\t\t\t\t\t\t\t\n\t\t\t\t\t\t\t\t<img loading=\"lazy\" decoding=\"async\" width=\"1920\" height=\"1440\" src=\"https:\/\/ryohome.com.tr\/wp-content\/uploads\/2026\/01\/mirabella-villa-060126-3.jpg\" class=\"wd-gallery-image image-3\" alt=\"\" srcset=\"https:\/\/ryohome.com.tr\/wp-content\/uploads\/2026\/01\/mirabella-villa-060126-3.jpg 1920w, https:\/\/ryohome.com.tr\/wp-content\/uploads\/2026\/01\/mirabella-villa-060126-3-300x225.jpg 300w, https:\/\/ryohome.com.tr\/wp-content\/uploads\/2026\/01\/mirabella-villa-060126-3-1024x768.jpg 1024w, https:\/\/ryohome.com.tr\/wp-content\/uploads\/2026\/01\/mirabella-villa-060126-3-768x576.jpg 768w, https:\/\/ryohome.com.tr\/wp-content\/uploads\/2026\/01\/mirabella-villa-060126-3-1536x1152.jpg 1536w, https:\/\/ryohome.com.tr\/wp-content\/uploads\/2026\/01\/mirabella-villa-060126-3-16x12.jpg 16w, https:\/\/ryohome.com.tr\/wp-content\/uploads\/2026\/01\/mirabella-villa-060126-3-150x113.jpg 150w\" sizes=\"auto, (max-width: 1920px) 100vw, 1920px\" \/>\n\t\t\t\t\t\t\t\t\t\t\t\t\t\t\t<\/a>\n\t\t\t\t\t\t\t\t\t\t\t\t<\/div>\n\t\t\t\t\t\t\t\t\t\t\t<div class=\"wd-gallery-item wd-col\">\n\t\t\t\t\t\t\t\t\t\t\t\t\t\t<a href=\"https:\/\/ryohome.com.tr\/wp-content\/uploads\/2026\/01\/mirabella-villa-060126-4.jpg\" data-elementor-open-lightbox=\"no\" data-index=\"4\" data-width=\"1920\" data-height=\"1440\" \n\t\t\t\t\t\t\t\t\t\t\t\t >\n\t\t\t\t\t\t\t\t\n\t\t\t\t\t\t\t\t<img loading=\"lazy\" decoding=\"async\" width=\"1920\" height=\"1440\" src=\"https:\/\/ryohome.com.tr\/wp-content\/uploads\/2026\/01\/mirabella-villa-060126-4.jpg\" class=\"wd-gallery-image image-4\" alt=\"\" srcset=\"https:\/\/ryohome.com.tr\/wp-content\/uploads\/2026\/01\/mirabella-villa-060126-4.jpg 1920w, https:\/\/ryohome.com.tr\/wp-content\/uploads\/2026\/01\/mirabella-villa-060126-4-300x225.jpg 300w, https:\/\/ryohome.com.tr\/wp-content\/uploads\/2026\/01\/mirabella-villa-060126-4-1024x768.jpg 1024w, https:\/\/ryohome.com.tr\/wp-content\/uploads\/2026\/01\/mirabella-villa-060126-4-768x576.jpg 768w, https:\/\/ryohome.com.tr\/wp-content\/uploads\/2026\/01\/mirabella-villa-060126-4-1536x1152.jpg 1536w, https:\/\/ryohome.com.tr\/wp-content\/uploads\/2026\/01\/mirabella-villa-060126-4-16x12.jpg 16w, https:\/\/ryohome.com.tr\/wp-content\/uploads\/2026\/01\/mirabella-villa-060126-4-150x113.jpg 150w\" sizes=\"auto, (max-width: 1920px) 100vw, 1920px\" \/>\n\t\t\t\t\t\t\t\t\t\t\t\t\t\t\t<\/a>\n\t\t\t\t\t\t\t\t\t\t\t\t<\/div>\n\t\t\t\t\t\t\t\t\t\t\t<div class=\"wd-gallery-item wd-col\">\n\t\t\t\t\t\t\t\t\t\t\t\t\t\t<a href=\"https:\/\/ryohome.com.tr\/wp-content\/uploads\/2026\/01\/mirabella-villa-060126-5.jpg\" data-elementor-open-lightbox=\"no\" data-index=\"5\" data-width=\"1920\" data-height=\"1440\" \n\t\t\t\t\t\t\t\t\t\t\t\t >\n\t\t\t\t\t\t\t\t\n\t\t\t\t\t\t\t\t<img loading=\"lazy\" decoding=\"async\" width=\"1920\" height=\"1440\" src=\"https:\/\/ryohome.com.tr\/wp-content\/uploads\/2026\/01\/mirabella-villa-060126-5.jpg\" class=\"wd-gallery-image image-5\" alt=\"\" srcset=\"https:\/\/ryohome.com.tr\/wp-content\/uploads\/2026\/01\/mirabella-villa-060126-5.jpg 1920w, https:\/\/ryohome.com.tr\/wp-content\/uploads\/2026\/01\/mirabella-villa-060126-5-300x225.jpg 300w, https:\/\/ryohome.com.tr\/wp-content\/uploads\/2026\/01\/mirabella-villa-060126-5-1024x768.jpg 1024w, https:\/\/ryohome.com.tr\/wp-content\/uploads\/2026\/01\/mirabella-villa-060126-5-768x576.jpg 768w, https:\/\/ryohome.com.tr\/wp-content\/uploads\/2026\/01\/mirabella-villa-060126-5-1536x1152.jpg 1536w, https:\/\/ryohome.com.tr\/wp-content\/uploads\/2026\/01\/mirabella-villa-060126-5-16x12.jpg 16w, https:\/\/ryohome.com.tr\/wp-content\/uploads\/2026\/01\/mirabella-villa-060126-5-150x113.jpg 150w\" sizes=\"auto, (max-width: 1920px) 100vw, 1920px\" \/>\n\t\t\t\t\t\t\t\t\t\t\t\t\t\t\t<\/a>\n\t\t\t\t\t\t\t\t\t\t\t\t<\/div>\n\t\t\t\t\t\t\t\t\t\t\t<div class=\"wd-gallery-item wd-col\">\n\t\t\t\t\t\t\t\t\t\t\t\t\t\t<a href=\"https:\/\/ryohome.com.tr\/wp-content\/uploads\/2026\/01\/mirabella-villa-060126-6.jpg\" data-elementor-open-lightbox=\"no\" data-index=\"6\" data-width=\"1920\" data-height=\"1440\" \n\t\t\t\t\t\t\t\t\t\t\t\t >\n\t\t\t\t\t\t\t\t\n\t\t\t\t\t\t\t\t<img loading=\"lazy\" decoding=\"async\" width=\"1920\" height=\"1440\" src=\"https:\/\/ryohome.com.tr\/wp-content\/uploads\/2026\/01\/mirabella-villa-060126-6.jpg\" class=\"wd-gallery-image image-6\" alt=\"\" srcset=\"https:\/\/ryohome.com.tr\/wp-content\/uploads\/2026\/01\/mirabella-villa-060126-6.jpg 1920w, https:\/\/ryohome.com.tr\/wp-content\/uploads\/2026\/01\/mirabella-villa-060126-6-300x225.jpg 300w, https:\/\/ryohome.com.tr\/wp-content\/uploads\/2026\/01\/mirabella-villa-060126-6-1024x768.jpg 1024w, https:\/\/ryohome.com.tr\/wp-content\/uploads\/2026\/01\/mirabella-villa-060126-6-768x576.jpg 768w, https:\/\/ryohome.com.tr\/wp-content\/uploads\/2026\/01\/mirabella-villa-060126-6-1536x1152.jpg 1536w, https:\/\/ryohome.com.tr\/wp-content\/uploads\/2026\/01\/mirabella-villa-060126-6-16x12.jpg 16w, https:\/\/ryohome.com.tr\/wp-content\/uploads\/2026\/01\/mirabella-villa-060126-6-150x113.jpg 150w\" sizes=\"auto, (max-width: 1920px) 100vw, 1920px\" \/>\n\t\t\t\t\t\t\t\t\t\t\t\t\t\t\t<\/a>\n\t\t\t\t\t\t\t\t\t\t\t\t<\/div>\n\t\t\t\t\t\t\t\t\t\n\t\t\t\t\t\t\t<\/div>\n\n\t\t\t\t\t<\/div>\n\t\t<\/div><\/div><\/div><div class=\"wpb_column vc_column_container vc_col-sm-4 woodmart-sticky-column wd_sticky_offset_150 wd-rs-695c43f95627a\"><div class=\"vc_column-inner\"><div class=\"wpb_wrapper\">\t\t<div id=\"wd-69775097b7243\" class=\"wd-text-block wd-wpb reset-last-child wd-rs-69775097b7243 text-left\">\n\t\t\t<div class=\"project-info\">\n<div class=\"project-title\">\n<h1>Mirabella Villa Projesi<\/h1>\n<\/div>\n<div class=\"project-short-desc\">\n<p>L\u00fcks konut segmentinde yer alan Mirabella Villa projesinin i\u00e7 mek\u00e2n atmosferini olu\u015fturan t\u00fcm sabit ve hareketli mobilya gruplar\u0131, firmam\u0131z\u0131n y\u00fcksek \u00fcretim standartlar\u0131yla hayata ge\u00e7irilmi\u015ftir. Mimari projenin gerektirdi\u011fi \u00f6zg\u00fcn tasar\u0131m dili; malzeme uzmanl\u0131\u011f\u0131m\u0131z ve detay \u00e7\u00f6z\u00fcmlerimizle birle\u015ferek, k\u00e2\u011f\u0131t \u00fczerindeki \u00e7izgilerden kusursuz ya\u015fam alanlar\u0131na d\u00f6n\u00fc\u015ft\u00fcr\u00fclm\u00fc\u015ft\u00fcr.<\/p>\n<h2>\u0130malat ve Uygulama Detaylar\u0131:<\/h2>\n<ul>\n<li><strong>Genel Mek\u00e2n Giydirmeleri:<\/strong> Villan\u0131n karakterini belirleyen duvar panellerinde, son d\u00f6nemin trendi olan yivli ah\u015fap dokular ve kuma\u015f kaplamalar, milimetrik hassasiyetle uygulanm\u0131\u015ft\u0131r. Mek\u00e2na derinlik katan bu detaylar, gizli LED ayd\u0131nlatma kanallar\u0131 ile desteklenmi\u015ftir.<\/li>\n<li><strong>Mutfak \u00c7\u00f6z\u00fcmleri:<\/strong> Fonksiyonelli\u011fin estetikle bulu\u015ftu\u011fu mutfak b\u00f6l\u00fcm\u00fcnde; reflekte cam kapakl\u0131 vitrinler, \u00f6zel lake boyal\u0131 y\u00fczeyler ve mermer ile ah\u015fab\u0131n kusursuz birle\u015fimi sa\u011flanm\u0131\u015ft\u0131r.<\/li>\n<li><strong>\u00d6zel \u00dcretim Mobilyalar:<\/strong> Yatak odalar\u0131nda g\u00f6r\u00fclen kavisli (formlu) makyaj \u00fcniteleri, s\u00fcrg\u00fc kapakl\u0131 giyinme dolaplar\u0131 ve yatak ba\u015f\u0131 lambri sistemleri, mek\u00e2na \u00f6zel olarak \u00fcretilmi\u015ftir.<\/li>\n<li><strong>Banyo ve Islak Hacimler:<\/strong> Neme dayan\u0131kl\u0131 \u00f6zel ah\u015fap kaplamalar ve mermer entegrasyonlu banyo dolaplar\u0131, uzun \u00f6m\u00fcrl\u00fc kullan\u0131m hedefiyle en kaliteli malzemelerden imal edilmi\u015ftir.<\/li>\n<\/ul>\n<\/div>\n<\/div>\n\t\t<\/div>\n\t\t<\/div><\/div><\/div><\/div><div class=\"vc_row-full-width vc_clearfix\"><\/div>\n<\/div>","protected":false},"excerpt":{"rendered":"Mirabella Villa Projesi L\u00fcks konut segmentinde yer alan Mirabella Villa projesinin i\u00e7 mek\u00e2n atmosferini olu\u015fturan t\u00fcm sabit ve hareketli mobilya","protected":false},"author":1,"featured_media":0,"parent":315,"menu_order":0,"comment_status":"closed","ping_status":"closed","template":"","meta":{"footnotes":""},"class_list":["post-413","page","type-page","status-publish","hentry"],"_links":{"self":[{"href":"https:\/\/ryohome.com.tr\/en\/wp-json\/wp\/v2\/pages\/413","targetHints":{"allow":["GET"]}}],"collection":[{"href":"https:\/\/ryohome.com.tr\/en\/wp-json\/wp\/v2\/pages"}],"about":[{"href":"https:\/\/ryohome.com.tr\/en\/wp-json\/wp\/v2\/types\/page"}],"author":[{"embeddable":true,"href":"https:\/\/ryohome.com.tr\/en\/wp-json\/wp\/v2\/users\/1"}],"replies":[{"embeddable":true,"href":"https:\/\/ryohome.com.tr\/en\/wp-json\/wp\/v2\/comments?post=413"}],"version-history":[{"count":4,"href":"https:\/\/ryohome.com.tr\/en\/wp-json\/wp\/v2\/pages\/413\/revisions"}],"predecessor-version":[{"id":460,"href":"https:\/\/ryohome.com.tr\/en\/wp-json\/wp\/v2\/pages\/413\/revisions\/460"}],"up":[{"embeddable":true,"href":"https:\/\/ryohome.com.tr\/en\/wp-json\/wp\/v2\/pages\/315"}],"wp:attachment":[{"href":"https:\/\/ryohome.com.tr\/en\/wp-json\/wp\/v2\/media?parent=413"}],"curies":[{"name":"wp","href":"https:\/\/api.w.org\/{rel}","templated":true}]}}