{"id":422,"date":"2026-01-06T09:49:03","date_gmt":"2026-01-06T09:49:03","guid":{"rendered":"https:\/\/lightskyblue-woodcock-148784.hostingersite.com\/?page_id=422"},"modified":"2026-01-26T11:33:52","modified_gmt":"2026-01-26T11:33:52","slug":"musiad-genclik-kollari","status":"publish","type":"page","link":"https:\/\/ryohome.com.tr\/en\/projeler\/musiad-genclik-kollari\/","title":{"rendered":"M\u00dcS\u0130AD Gen\u00e7lik Kollar\u0131"},"content":{"rendered":"<div class=\"wpb-content-wrapper\"><div id=\"project-row\" data-vc-full-width=\"true\" data-vc-full-width-temp=\"true\" data-vc-full-width-init=\"false\" data-vc-stretch-content=\"true\" class=\"vc_row wpb_row vc_row-fluid vc_column-gap-20 vc_row-no-padding vc_row-o-equal-height vc_row-flex wd-rs-695cd0a976373 wd-section-stretch-content-no-pd\"><div class=\"wpb_column vc_column_container vc_col-sm-8\"><div class=\"vc_column-inner\"><div class=\"wpb_wrapper\">\t\t<div id=\"gallery_200\" class=\"wd-images-gallery wd-wpb wd-rs-6977511adce1e photoswipe-images\" style=\"--wd-justify-content:center;--wd-align-items:center;\">\n\t\t\t\n\t\t\t<div class=\"wd-grid-g\" style=\"--wd-col-lg:2;--wd-col-md:2;--wd-col-sm:1;--wd-gap-lg:10px;\">\n\t\t\t\t\n\t\t\t\t\t\t\t\t\t\t\t\t\t\t\t<div class=\"wd-gallery-item wd-col\">\n\t\t\t\t\t\t\t\t\t\t\t\t\t\t<a href=\"https:\/\/ryohome.com.tr\/wp-content\/uploads\/2026\/01\/musiad-genclik-kollari-060126-1.jpg\" data-elementor-open-lightbox=\"no\" data-index=\"1\" data-width=\"1920\" data-height=\"1440\" \n\t\t\t\t\t\t\t\t\t\t\t\t >\n\t\t\t\t\t\t\t\t\n\t\t\t\t\t\t\t\t<img loading=\"lazy\" decoding=\"async\" width=\"1920\" height=\"1440\" src=\"https:\/\/ryohome.com.tr\/wp-content\/uploads\/2026\/01\/musiad-genclik-kollari-060126-1.jpg\" class=\"wd-gallery-image image-1\" alt=\"\" srcset=\"https:\/\/ryohome.com.tr\/wp-content\/uploads\/2026\/01\/musiad-genclik-kollari-060126-1.jpg 1920w, https:\/\/ryohome.com.tr\/wp-content\/uploads\/2026\/01\/musiad-genclik-kollari-060126-1-300x225.jpg 300w, https:\/\/ryohome.com.tr\/wp-content\/uploads\/2026\/01\/musiad-genclik-kollari-060126-1-1024x768.jpg 1024w, https:\/\/ryohome.com.tr\/wp-content\/uploads\/2026\/01\/musiad-genclik-kollari-060126-1-768x576.jpg 768w, https:\/\/ryohome.com.tr\/wp-content\/uploads\/2026\/01\/musiad-genclik-kollari-060126-1-1536x1152.jpg 1536w, https:\/\/ryohome.com.tr\/wp-content\/uploads\/2026\/01\/musiad-genclik-kollari-060126-1-16x12.jpg 16w, https:\/\/ryohome.com.tr\/wp-content\/uploads\/2026\/01\/musiad-genclik-kollari-060126-1-150x113.jpg 150w\" sizes=\"auto, (max-width: 1920px) 100vw, 1920px\" \/>\n\t\t\t\t\t\t\t\t\t\t\t\t\t\t\t<\/a>\n\t\t\t\t\t\t\t\t\t\t\t\t<\/div>\n\t\t\t\t\t\t\t\t\t\t\t<div class=\"wd-gallery-item wd-col\">\n\t\t\t\t\t\t\t\t\t\t\t\t\t\t<a href=\"https:\/\/ryohome.com.tr\/wp-content\/uploads\/2026\/01\/musiad-genclik-kollari-060126-2.jpg\" data-elementor-open-lightbox=\"no\" data-index=\"2\" data-width=\"1920\" data-height=\"1440\" \n\t\t\t\t\t\t\t\t\t\t\t\t >\n\t\t\t\t\t\t\t\t\n\t\t\t\t\t\t\t\t<img loading=\"lazy\" decoding=\"async\" width=\"1920\" height=\"1440\" src=\"https:\/\/ryohome.com.tr\/wp-content\/uploads\/2026\/01\/musiad-genclik-kollari-060126-2.jpg\" class=\"wd-gallery-image image-2\" alt=\"\" srcset=\"https:\/\/ryohome.com.tr\/wp-content\/uploads\/2026\/01\/musiad-genclik-kollari-060126-2.jpg 1920w, https:\/\/ryohome.com.tr\/wp-content\/uploads\/2026\/01\/musiad-genclik-kollari-060126-2-300x225.jpg 300w, https:\/\/ryohome.com.tr\/wp-content\/uploads\/2026\/01\/musiad-genclik-kollari-060126-2-1024x768.jpg 1024w, https:\/\/ryohome.com.tr\/wp-content\/uploads\/2026\/01\/musiad-genclik-kollari-060126-2-768x576.jpg 768w, https:\/\/ryohome.com.tr\/wp-content\/uploads\/2026\/01\/musiad-genclik-kollari-060126-2-1536x1152.jpg 1536w, https:\/\/ryohome.com.tr\/wp-content\/uploads\/2026\/01\/musiad-genclik-kollari-060126-2-16x12.jpg 16w, https:\/\/ryohome.com.tr\/wp-content\/uploads\/2026\/01\/musiad-genclik-kollari-060126-2-150x113.jpg 150w\" sizes=\"auto, (max-width: 1920px) 100vw, 1920px\" \/>\n\t\t\t\t\t\t\t\t\t\t\t\t\t\t\t<\/a>\n\t\t\t\t\t\t\t\t\t\t\t\t<\/div>\n\t\t\t\t\t\t\t\t\t\t\t<div class=\"wd-gallery-item wd-col\">\n\t\t\t\t\t\t\t\t\t\t\t\t\t\t<a href=\"https:\/\/ryohome.com.tr\/wp-content\/uploads\/2026\/01\/musiad-genclik-kollari-060126-3.jpg\" data-elementor-open-lightbox=\"no\" data-index=\"3\" data-width=\"1920\" data-height=\"1440\" \n\t\t\t\t\t\t\t\t\t\t\t\t >\n\t\t\t\t\t\t\t\t\n\t\t\t\t\t\t\t\t<img loading=\"lazy\" decoding=\"async\" width=\"1920\" height=\"1440\" src=\"https:\/\/ryohome.com.tr\/wp-content\/uploads\/2026\/01\/musiad-genclik-kollari-060126-3.jpg\" class=\"wd-gallery-image image-3\" alt=\"\" srcset=\"https:\/\/ryohome.com.tr\/wp-content\/uploads\/2026\/01\/musiad-genclik-kollari-060126-3.jpg 1920w, https:\/\/ryohome.com.tr\/wp-content\/uploads\/2026\/01\/musiad-genclik-kollari-060126-3-300x225.jpg 300w, https:\/\/ryohome.com.tr\/wp-content\/uploads\/2026\/01\/musiad-genclik-kollari-060126-3-1024x768.jpg 1024w, https:\/\/ryohome.com.tr\/wp-content\/uploads\/2026\/01\/musiad-genclik-kollari-060126-3-768x576.jpg 768w, https:\/\/ryohome.com.tr\/wp-content\/uploads\/2026\/01\/musiad-genclik-kollari-060126-3-1536x1152.jpg 1536w, https:\/\/ryohome.com.tr\/wp-content\/uploads\/2026\/01\/musiad-genclik-kollari-060126-3-16x12.jpg 16w, https:\/\/ryohome.com.tr\/wp-content\/uploads\/2026\/01\/musiad-genclik-kollari-060126-3-150x113.jpg 150w\" sizes=\"auto, (max-width: 1920px) 100vw, 1920px\" \/>\n\t\t\t\t\t\t\t\t\t\t\t\t\t\t\t<\/a>\n\t\t\t\t\t\t\t\t\t\t\t\t<\/div>\n\t\t\t\t\t\t\t\t\t\t\t<div class=\"wd-gallery-item wd-col\">\n\t\t\t\t\t\t\t\t\t\t\t\t\t\t<a href=\"https:\/\/ryohome.com.tr\/wp-content\/uploads\/2026\/01\/musiad-genclik-kollari-060126-4.jpg\" data-elementor-open-lightbox=\"no\" data-index=\"4\" data-width=\"1920\" data-height=\"1440\" \n\t\t\t\t\t\t\t\t\t\t\t\t >\n\t\t\t\t\t\t\t\t\n\t\t\t\t\t\t\t\t<img loading=\"lazy\" decoding=\"async\" width=\"1920\" height=\"1440\" src=\"https:\/\/ryohome.com.tr\/wp-content\/uploads\/2026\/01\/musiad-genclik-kollari-060126-4.jpg\" class=\"wd-gallery-image image-4\" alt=\"\" srcset=\"https:\/\/ryohome.com.tr\/wp-content\/uploads\/2026\/01\/musiad-genclik-kollari-060126-4.jpg 1920w, https:\/\/ryohome.com.tr\/wp-content\/uploads\/2026\/01\/musiad-genclik-kollari-060126-4-300x225.jpg 300w, https:\/\/ryohome.com.tr\/wp-content\/uploads\/2026\/01\/musiad-genclik-kollari-060126-4-1024x768.jpg 1024w, https:\/\/ryohome.com.tr\/wp-content\/uploads\/2026\/01\/musiad-genclik-kollari-060126-4-768x576.jpg 768w, https:\/\/ryohome.com.tr\/wp-content\/uploads\/2026\/01\/musiad-genclik-kollari-060126-4-1536x1152.jpg 1536w, https:\/\/ryohome.com.tr\/wp-content\/uploads\/2026\/01\/musiad-genclik-kollari-060126-4-16x12.jpg 16w, https:\/\/ryohome.com.tr\/wp-content\/uploads\/2026\/01\/musiad-genclik-kollari-060126-4-150x113.jpg 150w\" sizes=\"auto, (max-width: 1920px) 100vw, 1920px\" \/>\n\t\t\t\t\t\t\t\t\t\t\t\t\t\t\t<\/a>\n\t\t\t\t\t\t\t\t\t\t\t\t<\/div>\n\t\t\t\t\t\t\t\t\t\t\t<div class=\"wd-gallery-item wd-col\">\n\t\t\t\t\t\t\t\t\t\t\t\t\t\t<a href=\"https:\/\/ryohome.com.tr\/wp-content\/uploads\/2026\/01\/musiad-genclik-kollari-060126-5.jpg\" data-elementor-open-lightbox=\"no\" data-index=\"5\" data-width=\"1920\" data-height=\"1440\" \n\t\t\t\t\t\t\t\t\t\t\t\t >\n\t\t\t\t\t\t\t\t\n\t\t\t\t\t\t\t\t<img loading=\"lazy\" decoding=\"async\" width=\"1920\" height=\"1440\" src=\"https:\/\/ryohome.com.tr\/wp-content\/uploads\/2026\/01\/musiad-genclik-kollari-060126-5.jpg\" class=\"wd-gallery-image image-5\" alt=\"\" srcset=\"https:\/\/ryohome.com.tr\/wp-content\/uploads\/2026\/01\/musiad-genclik-kollari-060126-5.jpg 1920w, https:\/\/ryohome.com.tr\/wp-content\/uploads\/2026\/01\/musiad-genclik-kollari-060126-5-300x225.jpg 300w, https:\/\/ryohome.com.tr\/wp-content\/uploads\/2026\/01\/musiad-genclik-kollari-060126-5-1024x768.jpg 1024w, https:\/\/ryohome.com.tr\/wp-content\/uploads\/2026\/01\/musiad-genclik-kollari-060126-5-768x576.jpg 768w, https:\/\/ryohome.com.tr\/wp-content\/uploads\/2026\/01\/musiad-genclik-kollari-060126-5-1536x1152.jpg 1536w, https:\/\/ryohome.com.tr\/wp-content\/uploads\/2026\/01\/musiad-genclik-kollari-060126-5-16x12.jpg 16w, https:\/\/ryohome.com.tr\/wp-content\/uploads\/2026\/01\/musiad-genclik-kollari-060126-5-150x113.jpg 150w\" sizes=\"auto, (max-width: 1920px) 100vw, 1920px\" \/>\n\t\t\t\t\t\t\t\t\t\t\t\t\t\t\t<\/a>\n\t\t\t\t\t\t\t\t\t\t\t\t<\/div>\n\t\t\t\t\t\t\t\t\t\n\t\t\t\t\t\t\t<\/div>\n\n\t\t\t\t\t<\/div>\n\t\t<\/div><\/div><\/div><div class=\"wpb_column vc_column_container vc_col-sm-4 woodmart-sticky-column wd_sticky_offset_150 wd-rs-695c43f95627a\"><div class=\"vc_column-inner\"><div class=\"wpb_wrapper\">\t\t<div id=\"wd-6977510245ffe\" class=\"wd-text-block wd-wpb reset-last-child wd-rs-6977510245ffe text-left\">\n\t\t\t<div class=\"project-info\">\n<div class=\"project-title\">\n<h1>M\u00dcS\u0130AD Gen\u00e7lik Kollar\u0131<\/h1>\n<\/div>\n<div class=\"project-short-desc\">\n<p>M\u00dcS\u0130AD Gen\u00e7lik Kollar\u0131 Genel Merkezi&#8217;nin dinamik \u00e7al\u0131\u015fma k\u00fclt\u00fcr\u00fcne uygun olarak tasarlanan projenin; ortak \u00e7al\u0131\u015fma alanlar\u0131, amfi b\u00f6l\u00fcm\u00fc, kafeterya ve sirk\u00fclasyon alanlar\u0131ndaki t\u00fcm sabit ve hareketli mobilya imalatlar\u0131 firmam\u0131z taraf\u0131ndan ger\u00e7ekle\u015ftirilmi\u015ftir.<\/p>\n<h2>Uygulama Detaylar\u0131:<\/h2>\n<ul>\n<li><strong>Amfi ve Etkinlik Alan\u0131:<\/strong> &#8220;Workshop Space&#8221; olarak kurgulanan b\u00f6l\u00fcmde, \u00f6zel ah\u015fap konstr\u00fcksiyon \u00fczerine in\u015fa edilmi\u015f basamakl\u0131 amfi sistemi. Entegre minder d\u00f6\u015femeleri ve duvar\u0131 saran ah\u015fap paneller ile b\u00fct\u00fcnc\u00fcl bir marangozluk i\u015f\u00e7ili\u011fi uygulanm\u0131\u015ft\u0131r.<\/li>\n<li><strong>Kavisli Ah\u015fap \u00dcniteler:<\/strong> Mek\u00e2n\u0131n merkezinde yer alan ve sirk\u00fclasyonu y\u00f6nlendiren kavisli formdaki oturma banklar\u0131 ve entegre saks\u0131 \u00fcniteleri. Ah\u015fab\u0131n b\u00fck\u00fcm teknikleri kullan\u0131larak i\u015flenmesiyle, keskin k\u00f6\u015felerden ar\u0131nd\u0131r\u0131lm\u0131\u015f yumu\u015fak ge\u00e7i\u015fler sa\u011flanm\u0131\u015ft\u0131r.<\/li>\n<li><strong>Tavan Dekorasyonu:<\/strong> Sosyal alan \u00fczerinde mek\u00e2n derinli\u011fini art\u0131ran, projeye \u00f6zel \u00f6l\u00e7\u00fclerde \u00fcretilmi\u015f kare petek asma tavan mod\u00fclleri.<\/li>\n<li><strong>\u00c7al\u0131\u015fma ve Sosyal Alan Mobilyalar\u0131:<\/strong> A\u00e7\u0131k ofis d\u00fczenine uygun, metal ayakl\u0131 uzun \u00e7al\u0131\u015fma banklar\u0131 ve konfor odakl\u0131, kadife d\u00f6\u015femeli lounge koltuk gruplar\u0131n\u0131n temini ve montaj\u0131.<\/li>\n<\/ul>\n<\/div>\n<\/div>\n\t\t<\/div>\n\t\t<\/div><\/div><\/div><\/div><div class=\"vc_row-full-width vc_clearfix\"><\/div>\n<\/div>","protected":false},"excerpt":{"rendered":"M\u00dcS\u0130AD Gen\u00e7lik Kollar\u0131 M\u00dcS\u0130AD Gen\u00e7lik Kollar\u0131 Genel Merkezi'nin dinamik \u00e7al\u0131\u015fma k\u00fclt\u00fcr\u00fcne uygun olarak tasarlanan projenin; ortak \u00e7al\u0131\u015fma alanlar\u0131, amfi b\u00f6l\u00fcm\u00fc,","protected":false},"author":1,"featured_media":0,"parent":315,"menu_order":0,"comment_status":"closed","ping_status":"closed","template":"","meta":{"footnotes":""},"class_list":["post-422","page","type-page","status-publish","hentry"],"_links":{"self":[{"href":"https:\/\/ryohome.com.tr\/en\/wp-json\/wp\/v2\/pages\/422","targetHints":{"allow":["GET"]}}],"collection":[{"href":"https:\/\/ryohome.com.tr\/en\/wp-json\/wp\/v2\/pages"}],"about":[{"href":"https:\/\/ryohome.com.tr\/en\/wp-json\/wp\/v2\/types\/page"}],"author":[{"embeddable":true,"href":"https:\/\/ryohome.com.tr\/en\/wp-json\/wp\/v2\/users\/1"}],"replies":[{"embeddable":true,"href":"https:\/\/ryohome.com.tr\/en\/wp-json\/wp\/v2\/comments?post=422"}],"version-history":[{"count":3,"href":"https:\/\/ryohome.com.tr\/en\/wp-json\/wp\/v2\/pages\/422\/revisions"}],"predecessor-version":[{"id":463,"href":"https:\/\/ryohome.com.tr\/en\/wp-json\/wp\/v2\/pages\/422\/revisions\/463"}],"up":[{"embeddable":true,"href":"https:\/\/ryohome.com.tr\/en\/wp-json\/wp\/v2\/pages\/315"}],"wp:attachment":[{"href":"https:\/\/ryohome.com.tr\/en\/wp-json\/wp\/v2\/media?parent=422"}],"curies":[{"name":"wp","href":"https:\/\/api.w.org\/{rel}","templated":true}]}}