{"id":832,"date":"2026-02-03T09:19:38","date_gmt":"2026-02-03T09:19:38","guid":{"rendered":"https:\/\/ryohome.com.tr\/?page_id=832"},"modified":"2026-04-06T13:11:51","modified_gmt":"2026-04-06T13:11:51","slug":"acarkent-a-villa-projesi","status":"publish","type":"page","link":"https:\/\/ryohome.com.tr\/en\/projeler\/acarkent-a-villa-projesi\/","title":{"rendered":"Acarkent A Villa Projesi"},"content":{"rendered":"<div class=\"wpb-content-wrapper\"><div id=\"project-row\" data-vc-full-width=\"true\" data-vc-full-width-temp=\"true\" data-vc-full-width-init=\"false\" data-vc-stretch-content=\"true\" class=\"vc_row wpb_row vc_row-fluid vc_column-gap-20 vc_row-no-padding vc_row-o-equal-height vc_row-flex wd-rs-695cd0a976373 wd-section-stretch-content-no-pd\"><div class=\"wpb_column vc_column_container vc_col-sm-8\"><div class=\"vc_column-inner\"><div class=\"wpb_wrapper\">\t\t<div id=\"gallery_846\" class=\"wd-images-gallery wd-wpb wd-rs-69d3b0b2ee520 photoswipe-images\" style=\"--wd-justify-content:center;--wd-align-items:center;\">\n\t\t\t\n\t\t\t<div class=\"wd-grid-g\" style=\"--wd-col-lg:2;--wd-col-md:2;--wd-col-sm:1;--wd-gap-lg:10px;\">\n\t\t\t\t\n\t\t\t\t\t\t\t\t\t\t\t\t\t\t\t<div class=\"wd-gallery-item wd-col\">\n\t\t\t\t\t\t\t\t\t\t\t\t\t\t<a href=\"https:\/\/ryohome.com.tr\/wp-content\/uploads\/2026\/04\/acarkent-a-villa-projesi-060426-1.jpg\" data-elementor-open-lightbox=\"no\" data-index=\"1\" data-width=\"1920\" data-height=\"1440\" \n\t\t\t\t\t\t\t\t\t\t\t\t >\n\t\t\t\t\t\t\t\t\n\t\t\t\t\t\t\t\t<img loading=\"lazy\" decoding=\"async\" width=\"1920\" height=\"1440\" src=\"https:\/\/ryohome.com.tr\/wp-content\/uploads\/2026\/04\/acarkent-a-villa-projesi-060426-1.jpg\" class=\"wd-gallery-image image-1\" alt=\"\" srcset=\"https:\/\/ryohome.com.tr\/wp-content\/uploads\/2026\/04\/acarkent-a-villa-projesi-060426-1.jpg 1920w, https:\/\/ryohome.com.tr\/wp-content\/uploads\/2026\/04\/acarkent-a-villa-projesi-060426-1-300x225.jpg 300w, https:\/\/ryohome.com.tr\/wp-content\/uploads\/2026\/04\/acarkent-a-villa-projesi-060426-1-1024x768.jpg 1024w, https:\/\/ryohome.com.tr\/wp-content\/uploads\/2026\/04\/acarkent-a-villa-projesi-060426-1-768x576.jpg 768w, https:\/\/ryohome.com.tr\/wp-content\/uploads\/2026\/04\/acarkent-a-villa-projesi-060426-1-1536x1152.jpg 1536w, https:\/\/ryohome.com.tr\/wp-content\/uploads\/2026\/04\/acarkent-a-villa-projesi-060426-1-16x12.jpg 16w, https:\/\/ryohome.com.tr\/wp-content\/uploads\/2026\/04\/acarkent-a-villa-projesi-060426-1-150x113.jpg 150w\" sizes=\"auto, (max-width: 1920px) 100vw, 1920px\" \/>\n\t\t\t\t\t\t\t\t\t\t\t\t\t\t\t<\/a>\n\t\t\t\t\t\t\t\t\t\t\t\t<\/div>\n\t\t\t\t\t\t\t\t\t\t\t<div class=\"wd-gallery-item wd-col\">\n\t\t\t\t\t\t\t\t\t\t\t\t\t\t<a href=\"https:\/\/ryohome.com.tr\/wp-content\/uploads\/2026\/04\/acarkent-a-villa-projesi-060426-2.jpg\" data-elementor-open-lightbox=\"no\" data-index=\"2\" data-width=\"1920\" data-height=\"1440\" \n\t\t\t\t\t\t\t\t\t\t\t\t >\n\t\t\t\t\t\t\t\t\n\t\t\t\t\t\t\t\t<img loading=\"lazy\" decoding=\"async\" width=\"1920\" height=\"1440\" src=\"https:\/\/ryohome.com.tr\/wp-content\/uploads\/2026\/04\/acarkent-a-villa-projesi-060426-2.jpg\" class=\"wd-gallery-image image-2\" alt=\"\" srcset=\"https:\/\/ryohome.com.tr\/wp-content\/uploads\/2026\/04\/acarkent-a-villa-projesi-060426-2.jpg 1920w, https:\/\/ryohome.com.tr\/wp-content\/uploads\/2026\/04\/acarkent-a-villa-projesi-060426-2-300x225.jpg 300w, https:\/\/ryohome.com.tr\/wp-content\/uploads\/2026\/04\/acarkent-a-villa-projesi-060426-2-1024x768.jpg 1024w, https:\/\/ryohome.com.tr\/wp-content\/uploads\/2026\/04\/acarkent-a-villa-projesi-060426-2-768x576.jpg 768w, https:\/\/ryohome.com.tr\/wp-content\/uploads\/2026\/04\/acarkent-a-villa-projesi-060426-2-1536x1152.jpg 1536w, https:\/\/ryohome.com.tr\/wp-content\/uploads\/2026\/04\/acarkent-a-villa-projesi-060426-2-16x12.jpg 16w, https:\/\/ryohome.com.tr\/wp-content\/uploads\/2026\/04\/acarkent-a-villa-projesi-060426-2-150x113.jpg 150w\" sizes=\"auto, (max-width: 1920px) 100vw, 1920px\" \/>\n\t\t\t\t\t\t\t\t\t\t\t\t\t\t\t<\/a>\n\t\t\t\t\t\t\t\t\t\t\t\t<\/div>\n\t\t\t\t\t\t\t\t\t\t\t<div class=\"wd-gallery-item wd-col\">\n\t\t\t\t\t\t\t\t\t\t\t\t\t\t<a href=\"https:\/\/ryohome.com.tr\/wp-content\/uploads\/2026\/04\/acarkent-a-villa-projesi-060426-3.jpg\" data-elementor-open-lightbox=\"no\" data-index=\"3\" data-width=\"1920\" data-height=\"1440\" \n\t\t\t\t\t\t\t\t\t\t\t\t >\n\t\t\t\t\t\t\t\t\n\t\t\t\t\t\t\t\t<img loading=\"lazy\" decoding=\"async\" width=\"1920\" height=\"1440\" src=\"https:\/\/ryohome.com.tr\/wp-content\/uploads\/2026\/04\/acarkent-a-villa-projesi-060426-3.jpg\" class=\"wd-gallery-image image-3\" alt=\"\" srcset=\"https:\/\/ryohome.com.tr\/wp-content\/uploads\/2026\/04\/acarkent-a-villa-projesi-060426-3.jpg 1920w, https:\/\/ryohome.com.tr\/wp-content\/uploads\/2026\/04\/acarkent-a-villa-projesi-060426-3-300x225.jpg 300w, https:\/\/ryohome.com.tr\/wp-content\/uploads\/2026\/04\/acarkent-a-villa-projesi-060426-3-1024x768.jpg 1024w, https:\/\/ryohome.com.tr\/wp-content\/uploads\/2026\/04\/acarkent-a-villa-projesi-060426-3-768x576.jpg 768w, https:\/\/ryohome.com.tr\/wp-content\/uploads\/2026\/04\/acarkent-a-villa-projesi-060426-3-1536x1152.jpg 1536w, https:\/\/ryohome.com.tr\/wp-content\/uploads\/2026\/04\/acarkent-a-villa-projesi-060426-3-16x12.jpg 16w, https:\/\/ryohome.com.tr\/wp-content\/uploads\/2026\/04\/acarkent-a-villa-projesi-060426-3-150x113.jpg 150w\" sizes=\"auto, (max-width: 1920px) 100vw, 1920px\" \/>\n\t\t\t\t\t\t\t\t\t\t\t\t\t\t\t<\/a>\n\t\t\t\t\t\t\t\t\t\t\t\t<\/div>\n\t\t\t\t\t\t\t\t\t\t\t<div class=\"wd-gallery-item wd-col\">\n\t\t\t\t\t\t\t\t\t\t\t\t\t\t<a href=\"https:\/\/ryohome.com.tr\/wp-content\/uploads\/2026\/04\/acarkent-a-villa-projesi-060426-4.jpg\" data-elementor-open-lightbox=\"no\" data-index=\"4\" data-width=\"1920\" data-height=\"1440\" \n\t\t\t\t\t\t\t\t\t\t\t\t >\n\t\t\t\t\t\t\t\t\n\t\t\t\t\t\t\t\t<img loading=\"lazy\" decoding=\"async\" width=\"1920\" height=\"1440\" src=\"https:\/\/ryohome.com.tr\/wp-content\/uploads\/2026\/04\/acarkent-a-villa-projesi-060426-4.jpg\" class=\"wd-gallery-image image-4\" alt=\"\" srcset=\"https:\/\/ryohome.com.tr\/wp-content\/uploads\/2026\/04\/acarkent-a-villa-projesi-060426-4.jpg 1920w, https:\/\/ryohome.com.tr\/wp-content\/uploads\/2026\/04\/acarkent-a-villa-projesi-060426-4-300x225.jpg 300w, https:\/\/ryohome.com.tr\/wp-content\/uploads\/2026\/04\/acarkent-a-villa-projesi-060426-4-1024x768.jpg 1024w, https:\/\/ryohome.com.tr\/wp-content\/uploads\/2026\/04\/acarkent-a-villa-projesi-060426-4-768x576.jpg 768w, https:\/\/ryohome.com.tr\/wp-content\/uploads\/2026\/04\/acarkent-a-villa-projesi-060426-4-1536x1152.jpg 1536w, https:\/\/ryohome.com.tr\/wp-content\/uploads\/2026\/04\/acarkent-a-villa-projesi-060426-4-16x12.jpg 16w, https:\/\/ryohome.com.tr\/wp-content\/uploads\/2026\/04\/acarkent-a-villa-projesi-060426-4-150x113.jpg 150w\" sizes=\"auto, (max-width: 1920px) 100vw, 1920px\" \/>\n\t\t\t\t\t\t\t\t\t\t\t\t\t\t\t<\/a>\n\t\t\t\t\t\t\t\t\t\t\t\t<\/div>\n\t\t\t\t\t\t\t\t\t\t\t<div class=\"wd-gallery-item wd-col\">\n\t\t\t\t\t\t\t\t\t\t\t\t\t\t<a href=\"https:\/\/ryohome.com.tr\/wp-content\/uploads\/2026\/04\/acarkent-a-villa-projesi-060426-5.jpg\" data-elementor-open-lightbox=\"no\" data-index=\"5\" data-width=\"1920\" data-height=\"1440\" \n\t\t\t\t\t\t\t\t\t\t\t\t >\n\t\t\t\t\t\t\t\t\n\t\t\t\t\t\t\t\t<img loading=\"lazy\" decoding=\"async\" width=\"1920\" height=\"1440\" src=\"https:\/\/ryohome.com.tr\/wp-content\/uploads\/2026\/04\/acarkent-a-villa-projesi-060426-5.jpg\" class=\"wd-gallery-image image-5\" alt=\"\" srcset=\"https:\/\/ryohome.com.tr\/wp-content\/uploads\/2026\/04\/acarkent-a-villa-projesi-060426-5.jpg 1920w, https:\/\/ryohome.com.tr\/wp-content\/uploads\/2026\/04\/acarkent-a-villa-projesi-060426-5-300x225.jpg 300w, https:\/\/ryohome.com.tr\/wp-content\/uploads\/2026\/04\/acarkent-a-villa-projesi-060426-5-1024x768.jpg 1024w, https:\/\/ryohome.com.tr\/wp-content\/uploads\/2026\/04\/acarkent-a-villa-projesi-060426-5-768x576.jpg 768w, https:\/\/ryohome.com.tr\/wp-content\/uploads\/2026\/04\/acarkent-a-villa-projesi-060426-5-1536x1152.jpg 1536w, https:\/\/ryohome.com.tr\/wp-content\/uploads\/2026\/04\/acarkent-a-villa-projesi-060426-5-16x12.jpg 16w, https:\/\/ryohome.com.tr\/wp-content\/uploads\/2026\/04\/acarkent-a-villa-projesi-060426-5-150x113.jpg 150w\" sizes=\"auto, (max-width: 1920px) 100vw, 1920px\" \/>\n\t\t\t\t\t\t\t\t\t\t\t\t\t\t\t<\/a>\n\t\t\t\t\t\t\t\t\t\t\t\t<\/div>\n\t\t\t\t\t\t\t\t\t\t\t<div class=\"wd-gallery-item wd-col\">\n\t\t\t\t\t\t\t\t\t\t\t\t\t\t<a href=\"https:\/\/ryohome.com.tr\/wp-content\/uploads\/2026\/04\/acarkent-a-villa-projesi-060426-6.jpg\" data-elementor-open-lightbox=\"no\" data-index=\"6\" data-width=\"1920\" data-height=\"1440\" \n\t\t\t\t\t\t\t\t\t\t\t\t >\n\t\t\t\t\t\t\t\t\n\t\t\t\t\t\t\t\t<img loading=\"lazy\" decoding=\"async\" width=\"1920\" height=\"1440\" src=\"https:\/\/ryohome.com.tr\/wp-content\/uploads\/2026\/04\/acarkent-a-villa-projesi-060426-6.jpg\" class=\"wd-gallery-image image-6\" alt=\"\" srcset=\"https:\/\/ryohome.com.tr\/wp-content\/uploads\/2026\/04\/acarkent-a-villa-projesi-060426-6.jpg 1920w, https:\/\/ryohome.com.tr\/wp-content\/uploads\/2026\/04\/acarkent-a-villa-projesi-060426-6-300x225.jpg 300w, https:\/\/ryohome.com.tr\/wp-content\/uploads\/2026\/04\/acarkent-a-villa-projesi-060426-6-1024x768.jpg 1024w, https:\/\/ryohome.com.tr\/wp-content\/uploads\/2026\/04\/acarkent-a-villa-projesi-060426-6-768x576.jpg 768w, https:\/\/ryohome.com.tr\/wp-content\/uploads\/2026\/04\/acarkent-a-villa-projesi-060426-6-1536x1152.jpg 1536w, https:\/\/ryohome.com.tr\/wp-content\/uploads\/2026\/04\/acarkent-a-villa-projesi-060426-6-16x12.jpg 16w, https:\/\/ryohome.com.tr\/wp-content\/uploads\/2026\/04\/acarkent-a-villa-projesi-060426-6-150x113.jpg 150w\" sizes=\"auto, (max-width: 1920px) 100vw, 1920px\" \/>\n\t\t\t\t\t\t\t\t\t\t\t\t\t\t\t<\/a>\n\t\t\t\t\t\t\t\t\t\t\t\t<\/div>\n\t\t\t\t\t\t\t\t\t\t\t<div class=\"wd-gallery-item wd-col\">\n\t\t\t\t\t\t\t\t\t\t\t\t\t\t<a href=\"https:\/\/ryohome.com.tr\/wp-content\/uploads\/2026\/04\/acarkent-a-villa-projesi-060426-7.jpg\" data-elementor-open-lightbox=\"no\" data-index=\"7\" data-width=\"1920\" data-height=\"1440\" \n\t\t\t\t\t\t\t\t\t\t\t\t >\n\t\t\t\t\t\t\t\t\n\t\t\t\t\t\t\t\t<img loading=\"lazy\" decoding=\"async\" width=\"1920\" height=\"1440\" src=\"https:\/\/ryohome.com.tr\/wp-content\/uploads\/2026\/04\/acarkent-a-villa-projesi-060426-7.jpg\" class=\"wd-gallery-image image-7\" alt=\"\" srcset=\"https:\/\/ryohome.com.tr\/wp-content\/uploads\/2026\/04\/acarkent-a-villa-projesi-060426-7.jpg 1920w, https:\/\/ryohome.com.tr\/wp-content\/uploads\/2026\/04\/acarkent-a-villa-projesi-060426-7-300x225.jpg 300w, https:\/\/ryohome.com.tr\/wp-content\/uploads\/2026\/04\/acarkent-a-villa-projesi-060426-7-1024x768.jpg 1024w, https:\/\/ryohome.com.tr\/wp-content\/uploads\/2026\/04\/acarkent-a-villa-projesi-060426-7-768x576.jpg 768w, https:\/\/ryohome.com.tr\/wp-content\/uploads\/2026\/04\/acarkent-a-villa-projesi-060426-7-1536x1152.jpg 1536w, https:\/\/ryohome.com.tr\/wp-content\/uploads\/2026\/04\/acarkent-a-villa-projesi-060426-7-16x12.jpg 16w, https:\/\/ryohome.com.tr\/wp-content\/uploads\/2026\/04\/acarkent-a-villa-projesi-060426-7-150x113.jpg 150w\" sizes=\"auto, (max-width: 1920px) 100vw, 1920px\" \/>\n\t\t\t\t\t\t\t\t\t\t\t\t\t\t\t<\/a>\n\t\t\t\t\t\t\t\t\t\t\t\t<\/div>\n\t\t\t\t\t\t\t\t\t\t\t<div class=\"wd-gallery-item wd-col\">\n\t\t\t\t\t\t\t\t\t\t\t\t\t\t<a href=\"https:\/\/ryohome.com.tr\/wp-content\/uploads\/2026\/04\/acarkent-a-villa-projesi-060426-8.jpg\" data-elementor-open-lightbox=\"no\" data-index=\"8\" data-width=\"1920\" data-height=\"1440\" \n\t\t\t\t\t\t\t\t\t\t\t\t >\n\t\t\t\t\t\t\t\t\n\t\t\t\t\t\t\t\t<img loading=\"lazy\" decoding=\"async\" width=\"1920\" height=\"1440\" src=\"https:\/\/ryohome.com.tr\/wp-content\/uploads\/2026\/04\/acarkent-a-villa-projesi-060426-8.jpg\" class=\"wd-gallery-image image-8\" alt=\"\" srcset=\"https:\/\/ryohome.com.tr\/wp-content\/uploads\/2026\/04\/acarkent-a-villa-projesi-060426-8.jpg 1920w, https:\/\/ryohome.com.tr\/wp-content\/uploads\/2026\/04\/acarkent-a-villa-projesi-060426-8-300x225.jpg 300w, https:\/\/ryohome.com.tr\/wp-content\/uploads\/2026\/04\/acarkent-a-villa-projesi-060426-8-1024x768.jpg 1024w, https:\/\/ryohome.com.tr\/wp-content\/uploads\/2026\/04\/acarkent-a-villa-projesi-060426-8-768x576.jpg 768w, https:\/\/ryohome.com.tr\/wp-content\/uploads\/2026\/04\/acarkent-a-villa-projesi-060426-8-1536x1152.jpg 1536w, https:\/\/ryohome.com.tr\/wp-content\/uploads\/2026\/04\/acarkent-a-villa-projesi-060426-8-16x12.jpg 16w, https:\/\/ryohome.com.tr\/wp-content\/uploads\/2026\/04\/acarkent-a-villa-projesi-060426-8-150x113.jpg 150w\" sizes=\"auto, (max-width: 1920px) 100vw, 1920px\" \/>\n\t\t\t\t\t\t\t\t\t\t\t\t\t\t\t<\/a>\n\t\t\t\t\t\t\t\t\t\t\t\t<\/div>\n\t\t\t\t\t\t\t\t\t\n\t\t\t\t\t\t\t<\/div>\n\n\t\t\t\t\t<\/div>\n\t\t<\/div><\/div><\/div><div class=\"wpb_column vc_column_container vc_col-sm-4 woodmart-sticky-column wd_sticky_offset_150 wd-rs-695c43f95627a\"><div class=\"vc_column-inner\"><div class=\"wpb_wrapper\">\t\t<div id=\"wd-69d3b0a943464\" class=\"wd-text-block wd-wpb reset-last-child wd-rs-69d3b0a943464 text-left\">\n\t\t\t<div class=\"project-info\">\n<div class=\"project-title\">\n<h1>Acarkent A Villa Projesi<\/h1>\n<\/div>\n<div class=\"project-short-desc\">\n<p>Acarkent\u2019in prestijli yap\u0131s\u0131na uygun olarak projelendirilen villan\u0131n; mutfak, banyo, yatak odas\u0131 ve giyinme odalar\u0131ndaki t\u00fcm mobilya imalatlar\u0131 firmam\u0131z taraf\u0131ndan, en \u00fcst kalite standartlar\u0131nda ger\u00e7ekle\u015ftirilmi\u015ftir. Projede, end\u00fcstriyel \u00fcretim hassasiyeti ile el i\u015f\u00e7ili\u011fi detaylar\u0131 bir arada sunulmu\u015ftur.<\/p>\n<h2>Uygulama Detaylar\u0131:<\/h2>\n<p><strong>Mutfak:<\/strong> Villan\u0131n mimarisine tam uyum sa\u011flayan, mek\u00e2na \u00f6zel \u00f6l\u00e7\u00fclerde \u00fcretilmi\u015f ipek mat lake ve do\u011fal ah\u015fap kaplama kombinasyonlu mutfak dolaplar\u0131. Fonksiyonelli\u011fi art\u0131ran yeni nesil i\u00e7 mekanizmalar ve geni\u015f ada \u00fcnitesi.<\/p>\n<p><strong>Giyinme Odalar\u0131:<\/strong> &#8220;Walk-in Closet&#8221; konseptinde tasarlanan; f\u00fcme reflekte cam kapakl\u0131, al\u00fcminyum \u00e7er\u00e7eveli ve entegre LED ayd\u0131nlatmal\u0131 gard\u0131rop sistemleri. Aksesuarlar i\u00e7in \u00f6zel b\u00f6lmeli orta ada \u00fcnitesi.<\/p>\n<p><strong>Yatak Odalar\u0131:<\/strong> Konfor ve esteti\u011fin birle\u015fti\u011fi; kuma\u015f d\u00f6\u015feme ve ah\u015fap panel kombinasyonlu yatak ba\u015f\u0131 \u00fcniteleri, duvara monteli komodinler ve makyaj masas\u0131 imalatlar\u0131.<\/p>\n<p><strong>Banyolar:<\/strong> Islak hacim ko\u015fullar\u0131na tam dayan\u0131kl\u0131, \u00f6zel cila i\u015flemi g\u00f6rm\u00fc\u015f ah\u015fap kaplama ve lake banyo dolaplar\u0131. Mermer tezg\u00e2h detaylar\u0131na uygun, minimalist ve depolama odakl\u0131 \u00e7\u00f6z\u00fcmler.<\/p>\n<\/div>\n<\/div>\n\t\t<\/div>\n\t\t<\/div><\/div><\/div><\/div><div class=\"vc_row-full-width vc_clearfix\"><\/div>\n<\/div>","protected":false},"excerpt":{"rendered":"Acarkent A Villa Projesi Acarkent\u2019in prestijli yap\u0131s\u0131na uygun olarak projelendirilen villan\u0131n; mutfak, banyo, yatak odas\u0131 ve giyinme odalar\u0131ndaki t\u00fcm mobilya","protected":false},"author":1,"featured_media":0,"parent":315,"menu_order":0,"comment_status":"closed","ping_status":"closed","template":"","meta":{"footnotes":""},"class_list":["post-832","page","type-page","status-publish","hentry"],"_links":{"self":[{"href":"https:\/\/ryohome.com.tr\/en\/wp-json\/wp\/v2\/pages\/832","targetHints":{"allow":["GET"]}}],"collection":[{"href":"https:\/\/ryohome.com.tr\/en\/wp-json\/wp\/v2\/pages"}],"about":[{"href":"https:\/\/ryohome.com.tr\/en\/wp-json\/wp\/v2\/types\/page"}],"author":[{"embeddable":true,"href":"https:\/\/ryohome.com.tr\/en\/wp-json\/wp\/v2\/users\/1"}],"replies":[{"embeddable":true,"href":"https:\/\/ryohome.com.tr\/en\/wp-json\/wp\/v2\/comments?post=832"}],"version-history":[{"count":3,"href":"https:\/\/ryohome.com.tr\/en\/wp-json\/wp\/v2\/pages\/832\/revisions"}],"predecessor-version":[{"id":1077,"href":"https:\/\/ryohome.com.tr\/en\/wp-json\/wp\/v2\/pages\/832\/revisions\/1077"}],"up":[{"embeddable":true,"href":"https:\/\/ryohome.com.tr\/en\/wp-json\/wp\/v2\/pages\/315"}],"wp:attachment":[{"href":"https:\/\/ryohome.com.tr\/en\/wp-json\/wp\/v2\/media?parent=832"}],"curies":[{"name":"wp","href":"https:\/\/api.w.org\/{rel}","templated":true}]}}