{"id":535,"date":"2026-01-26T21:03:33","date_gmt":"2026-01-26T21:03:33","guid":{"rendered":"https:\/\/lightskyblue-woodcock-148784.hostingersite.com\/?post_type=product&#038;p=535"},"modified":"2026-01-28T18:29:58","modified_gmt":"2026-01-28T18:29:58","slug":"siena-berjer","status":"publish","type":"product","link":"https:\/\/ryohome.com.tr\/en\/product\/siena-berjer\/","title":{"rendered":"Siena Berjer"},"content":{"rendered":"<div class=\"wpb-content-wrapper\"><div id=\"product-title-row\" data-vc-full-width=\"true\" data-vc-full-width-temp=\"true\" data-vc-full-width-init=\"false\" data-vc-stretch-content=\"true\" class=\"vc_row wpb_row vc_row-fluid vc_row-no-padding wd-rs-69147a49a0b52\"><div class=\"wpb_column vc_column_container vc_col-sm-12\"><div class=\"vc_column-inner\"><div class=\"wpb_wrapper\">\t\t<div class=\"promo-banner-wrapper  wd-rs-6977d637da02f\">\n\t\t\t<div id=\"wd-6977d637da02f\" class=\"promo-banner  banner- banner-hover-none color-scheme-light banner-btn-size-default banner-btn-style-default  wd-underline-colored\">\n\t\t\t\t<div class=\"main-wrapp-img\">\n\t\t\t\t\t<div class=\"banner-image wd-bg-position-center\" >\n\t\t\t\t\t\t<img loading=\"lazy\" decoding=\"async\" width=\"1920\" height=\"900\" src=\"https:\/\/ryohome.com.tr\/wp-content\/uploads\/2026\/01\/siena-koltuk-takimi-260126-3-1920x900.jpg\" class=\"attachment-1920x900 size-1920x900\" alt=\"\" \/>\t\t\t\t\t<\/div>\n\t\t\t\t<\/div>\n\n\t\t\t\t<div class=\"wrapper-content-banner wd-fill  wd-items-middle wd-justify-center\">\n\t\t\t\t\t<div class=\"content-banner  text-center\">\n\t\t\t\t\t\t<h1 class=\"banner-title wd-font-weight- wd-fontsize-l\">Siena<\/h1>\t\t\t\t\t\t\n\t\t\t\t\t\t\n\t\t\t\t\t\t\t\t\t\t\t<\/div>\n\t\t\t\t<\/div>\n\n\t\t\t\t\n\t\t\t\t\t\t\t<\/div>\n\t\t<\/div>\n\n\t\t<\/div><\/div><\/div><\/div><div class=\"vc_row-full-width vc_clearfix\"><\/div><div id=\"text-row\" data-vc-full-width=\"true\" data-vc-full-width-temp=\"true\" data-vc-full-width-init=\"false\" data-vc-stretch-content=\"true\" class=\"vc_row wpb_row vc_row-fluid vc_row-no-padding wd-rs-69147cf930562\"><div class=\"wpb_column vc_column_container vc_col-sm-12\"><div class=\"vc_column-inner\"><div class=\"wpb_wrapper\">\t\t<div id=\"wd-6977d66548c0b\" class=\"wd-text-block wd-wpb reset-last-child wd-rs-6977d66548c0b text-left\">\n\t\t\t<p style=\"text-align: center;\">Siena Berjer, tek ba\u015f\u0131na bile bulundu\u011fu ortam\u0131n atmosferini de\u011fi\u015ftirebilen, zarafet dolu bir par\u00e7a olarak \u00f6ne \u00e7\u0131k\u0131yor. Klasik berjer formunu modern dokunu\u015flarla yeniden yorumlayan bu tasar\u0131m, ince kol detaylar\u0131 ve g\u00f6vde yap\u0131s\u0131yla hem estetik bir duru\u015f sergiliyor hem de alan tasarrufu sa\u011fl\u0131yor. Salonunuzun bir k\u00f6\u015fesinde okuma koltu\u011fu olarak ya da koltuk tak\u0131m\u0131n\u0131z\u0131n tamamlay\u0131c\u0131s\u0131 olarak konumland\u0131rabilece\u011finiz Siena, zamans\u0131z tasar\u0131m\u0131yla her d\u00f6neme uyum sa\u011fl\u0131yor.<\/p>\n\t\t<\/div>\n\t\t<\/div><\/div><\/div><\/div><div class=\"vc_row-full-width vc_clearfix\"><\/div><div id=\"images-row\" data-vc-full-width=\"true\" data-vc-full-width-temp=\"true\" data-vc-full-width-init=\"false\" data-vc-stretch-content=\"true\" class=\"vc_row wpb_row vc_row-fluid vc_row-no-padding wd-rs-69147d00b36c9\"><div class=\"wpb_column vc_column_container vc_col-sm-12\"><div class=\"vc_column-inner\"><div class=\"wpb_wrapper\">\t\t<div id=\"gallery_446\" class=\"wd-images-gallery wd-wpb wd-rs-6977d670e124c photoswipe-images wd-carousel-container wd-wpb\" style=\"--wd-justify-content:center;--wd-align-items:center;\">\n\t\t\t\t\t\t\t<div class=\"wd-carousel-inner\">\n\t\t\t\n\t\t\t<div class=\"wd-carousel wd-grid scroll-init\"data-scroll_per_page=\"yes\" style=\"--wd-col-lg:2.5;--wd-col-md:2;--wd-col-sm:1;--wd-gap-lg:10px;\">\n\t\t\t\t\t\t\t\t\t<div class=\"wd-carousel-wrap\">\n\t\t\t\t\n\t\t\t\t\t\t\t\t\t\t\t\t\t\t\t<div class=\"wd-gallery-item wd-carousel-item\">\n\t\t\t\t\t\t\t\t\t\t\t\t\t\t<a href=\"https:\/\/ryohome.com.tr\/wp-content\/uploads\/2026\/01\/siena-koltuk-takimi-260126-11.jpg\" data-elementor-open-lightbox=\"no\" data-index=\"1\" data-width=\"1920\" data-height=\"1440\" \n\t\t\t\t\t\t\t\t\t\t\t\t >\n\t\t\t\t\t\t\t\t\n\t\t\t\t\t\t\t\t<img loading=\"lazy\" decoding=\"async\" width=\"1920\" height=\"1280\" src=\"https:\/\/ryohome.com.tr\/wp-content\/uploads\/2026\/01\/siena-koltuk-takimi-260126-11-1920x1280.jpg\" class=\"wd-gallery-image image-1\" alt=\"\" srcset=\"https:\/\/ryohome.com.tr\/wp-content\/uploads\/2026\/01\/siena-koltuk-takimi-260126-11-1920x1280.jpg 1920w, https:\/\/ryohome.com.tr\/wp-content\/uploads\/2026\/01\/siena-koltuk-takimi-260126-11-16x12.jpg 16w\" sizes=\"auto, (max-width: 1920px) 100vw, 1920px\" \/>\n\t\t\t\t\t\t\t\t\t\t\t\t\t\t\t<\/a>\n\t\t\t\t\t\t\t\t\t\t\t\t<\/div>\n\t\t\t\t\t\t\t\t\t\t\t<div class=\"wd-gallery-item wd-carousel-item\">\n\t\t\t\t\t\t\t\t\t\t\t\t\t\t<a href=\"https:\/\/ryohome.com.tr\/wp-content\/uploads\/2026\/01\/siena-koltuk-takimi-260126-2.jpg\" data-elementor-open-lightbox=\"no\" data-index=\"2\" data-width=\"1920\" data-height=\"1440\" \n\t\t\t\t\t\t\t\t\t\t\t\t >\n\t\t\t\t\t\t\t\t\n\t\t\t\t\t\t\t\t<img loading=\"lazy\" decoding=\"async\" width=\"1920\" height=\"1280\" src=\"https:\/\/ryohome.com.tr\/wp-content\/uploads\/2026\/01\/siena-koltuk-takimi-260126-2-1920x1280.jpg\" class=\"wd-gallery-image image-2\" alt=\"\" srcset=\"https:\/\/ryohome.com.tr\/wp-content\/uploads\/2026\/01\/siena-koltuk-takimi-260126-2-1920x1280.jpg 1920w, https:\/\/ryohome.com.tr\/wp-content\/uploads\/2026\/01\/siena-koltuk-takimi-260126-2-16x12.jpg 16w\" sizes=\"auto, (max-width: 1920px) 100vw, 1920px\" \/>\n\t\t\t\t\t\t\t\t\t\t\t\t\t\t\t<\/a>\n\t\t\t\t\t\t\t\t\t\t\t\t<\/div>\n\t\t\t\t\t\t\t\t\t\t\t<div class=\"wd-gallery-item wd-carousel-item\">\n\t\t\t\t\t\t\t\t\t\t\t\t\t\t<a href=\"https:\/\/ryohome.com.tr\/wp-content\/uploads\/2026\/01\/siena-koltuk-takimi-260126-1.jpg\" data-elementor-open-lightbox=\"no\" data-index=\"3\" data-width=\"1920\" data-height=\"1440\" \n\t\t\t\t\t\t\t\t\t\t\t\t >\n\t\t\t\t\t\t\t\t\n\t\t\t\t\t\t\t\t<img loading=\"lazy\" decoding=\"async\" width=\"1920\" height=\"1280\" src=\"https:\/\/ryohome.com.tr\/wp-content\/uploads\/2026\/01\/siena-koltuk-takimi-260126-1-1920x1280.jpg\" class=\"wd-gallery-image image-3\" alt=\"\" srcset=\"https:\/\/ryohome.com.tr\/wp-content\/uploads\/2026\/01\/siena-koltuk-takimi-260126-1-1920x1280.jpg 1920w, https:\/\/ryohome.com.tr\/wp-content\/uploads\/2026\/01\/siena-koltuk-takimi-260126-1-16x12.jpg 16w\" sizes=\"auto, (max-width: 1920px) 100vw, 1920px\" \/>\n\t\t\t\t\t\t\t\t\t\t\t\t\t\t\t<\/a>\n\t\t\t\t\t\t\t\t\t\t\t\t<\/div>\n\t\t\t\t\t\t\t\t\t\n\t\t\t\t\t\t\t\t\t<\/div>\n\t\t\t\t\t\t\t<\/div>\n\n\t\t\t\t\t\t\t\n\t\t\t\t<\/div>\n\n\t\t\t\t\t\t\t\t\t\t\t\t\t<\/div>\n\t\t<\/div><\/div><\/div><\/div><div class=\"vc_row-full-width vc_clearfix\"><\/div><div id=\"text-row\" data-vc-full-width=\"true\" data-vc-full-width-temp=\"true\" data-vc-full-width-init=\"false\" data-vc-stretch-content=\"true\" class=\"vc_row wpb_row vc_row-fluid vc_row-no-padding wd-rs-69147cb8d579b\"><div class=\"wpb_column vc_column_container vc_col-sm-12\"><div class=\"vc_column-inner\"><div class=\"wpb_wrapper\">\t\t<div id=\"wd-6977d68519312\" class=\"wd-text-block wd-wpb reset-last-child wd-rs-6977d68519312 text-left\">\n\t\t\t<p style=\"text-align: center;\">Konforun \u00f6n planda tutuldu\u011fu i\u00e7 yap\u0131s\u0131, uzun saatler keyifle vakit ge\u00e7irmeniz i\u00e7in \u00f6zel olarak desteklendi. Yumu\u015fak dokulu kuma\u015f\u0131 cildinizle dost bir temas kurarken, sa\u011flam iskelet yap\u0131s\u0131 uzun \u00f6m\u00fcrl\u00fc bir kullan\u0131m vadediyor. Siena Berjer, sadece bir oturma alan\u0131 de\u011fil; evinizde kendinize ay\u0131raca\u011f\u0131n\u0131z en huzurlu anlar\u0131n e\u015flik\u00e7isi olacak \u015f\u0131k bir detay.<\/p>\n\t\t<\/div>\n\t\t<\/div><\/div><\/div><\/div><div class=\"vc_row-full-width vc_clearfix\"><\/div><div id=\"images-row\" data-vc-full-width=\"true\" data-vc-full-width-temp=\"true\" data-vc-full-width-init=\"false\" data-vc-stretch-content=\"true\" class=\"vc_row wpb_row vc_row-fluid vc_row-no-padding wd-rs-69147d0a4b35f\"><div class=\"wpb_column vc_column_container vc_col-sm-12\"><div class=\"vc_column-inner\"><div class=\"wpb_wrapper\">\t\t<div id=\"gallery_247\" class=\"wd-images-gallery wd-wpb wd-rs-6977d68c072b9 photoswipe-images wd-carousel-container wd-wpb\" style=\"--wd-justify-content:center;--wd-align-items:center;\">\n\t\t\t\t\t\t\t<div class=\"wd-carousel-inner\">\n\t\t\t\n\t\t\t<div class=\"wd-carousel wd-grid scroll-init\"data-scroll_per_page=\"yes\" style=\"--wd-col-lg:2;--wd-col-md:2;--wd-col-sm:1;--wd-gap-lg:20px;--wd-gap-sm:10px;\">\n\t\t\t\t\t\t\t\t\t<div class=\"wd-carousel-wrap\">\n\t\t\t\t\n\t\t\t\t\t\t\t\t\t\t\t\t\t\t\t<div class=\"wd-gallery-item wd-carousel-item\">\n\t\t\t\t\t\t\t\t\t\t\t\t\t\t<a href=\"https:\/\/ryohome.com.tr\/wp-content\/uploads\/2026\/01\/siena-koltuk-takimi-260126-8.jpg\" data-elementor-open-lightbox=\"no\" data-index=\"1\" data-width=\"1920\" data-height=\"1440\" \n\t\t\t\t\t\t\t\t\t\t\t\t >\n\t\t\t\t\t\t\t\t\n\t\t\t\t\t\t\t\t<img loading=\"lazy\" decoding=\"async\" width=\"1920\" height=\"1280\" src=\"https:\/\/ryohome.com.tr\/wp-content\/uploads\/2026\/01\/siena-koltuk-takimi-260126-8-1920x1280.jpg\" class=\"wd-gallery-image image-1\" alt=\"\" srcset=\"https:\/\/ryohome.com.tr\/wp-content\/uploads\/2026\/01\/siena-koltuk-takimi-260126-8-1920x1280.jpg 1920w, https:\/\/ryohome.com.tr\/wp-content\/uploads\/2026\/01\/siena-koltuk-takimi-260126-8-16x12.jpg 16w\" sizes=\"auto, (max-width: 1920px) 100vw, 1920px\" \/>\n\t\t\t\t\t\t\t\t\t\t\t\t\t\t\t<\/a>\n\t\t\t\t\t\t\t\t\t\t\t\t<\/div>\n\t\t\t\t\t\t\t\t\t\t\t<div class=\"wd-gallery-item wd-carousel-item\">\n\t\t\t\t\t\t\t\t\t\t\t\t\t\t<a href=\"https:\/\/ryohome.com.tr\/wp-content\/uploads\/2026\/01\/siena-koltuk-takimi-260126-9.jpg\" data-elementor-open-lightbox=\"no\" data-index=\"2\" data-width=\"1920\" data-height=\"1440\" \n\t\t\t\t\t\t\t\t\t\t\t\t >\n\t\t\t\t\t\t\t\t\n\t\t\t\t\t\t\t\t<img loading=\"lazy\" decoding=\"async\" width=\"1920\" height=\"1280\" src=\"https:\/\/ryohome.com.tr\/wp-content\/uploads\/2026\/01\/siena-koltuk-takimi-260126-9-1920x1280.jpg\" class=\"wd-gallery-image image-2\" alt=\"\" srcset=\"https:\/\/ryohome.com.tr\/wp-content\/uploads\/2026\/01\/siena-koltuk-takimi-260126-9-1920x1280.jpg 1920w, https:\/\/ryohome.com.tr\/wp-content\/uploads\/2026\/01\/siena-koltuk-takimi-260126-9-16x12.jpg 16w\" sizes=\"auto, (max-width: 1920px) 100vw, 1920px\" \/>\n\t\t\t\t\t\t\t\t\t\t\t\t\t\t\t<\/a>\n\t\t\t\t\t\t\t\t\t\t\t\t<\/div>\n\t\t\t\t\t\t\t\t\t\t\t<div class=\"wd-gallery-item wd-carousel-item\">\n\t\t\t\t\t\t\t\t\t\t\t\t\t\t<a href=\"https:\/\/ryohome.com.tr\/wp-content\/uploads\/2026\/01\/siena-koltuk-takimi-260126-10.jpg\" data-elementor-open-lightbox=\"no\" data-index=\"3\" data-width=\"1920\" data-height=\"1440\" \n\t\t\t\t\t\t\t\t\t\t\t\t >\n\t\t\t\t\t\t\t\t\n\t\t\t\t\t\t\t\t<img loading=\"lazy\" decoding=\"async\" width=\"1920\" height=\"1280\" src=\"https:\/\/ryohome.com.tr\/wp-content\/uploads\/2026\/01\/siena-koltuk-takimi-260126-10-1920x1280.jpg\" class=\"wd-gallery-image image-3\" alt=\"\" srcset=\"https:\/\/ryohome.com.tr\/wp-content\/uploads\/2026\/01\/siena-koltuk-takimi-260126-10-1920x1280.jpg 1920w, https:\/\/ryohome.com.tr\/wp-content\/uploads\/2026\/01\/siena-koltuk-takimi-260126-10-16x12.jpg 16w\" sizes=\"auto, (max-width: 1920px) 100vw, 1920px\" \/>\n\t\t\t\t\t\t\t\t\t\t\t\t\t\t\t<\/a>\n\t\t\t\t\t\t\t\t\t\t\t\t<\/div>\n\t\t\t\t\t\t\t\t\t\n\t\t\t\t\t\t\t\t\t<\/div>\n\t\t\t\t\t\t\t<\/div>\n\n\t\t\t\t\t\t\t\n\t\t\t\t<\/div>\n\n\t\t\t\t\t\t\t\t\t\t\t\t\t<\/div>\n\t\t<\/div><\/div><\/div><\/div><div class=\"vc_row-full-width vc_clearfix\"><\/div>\n<\/div>","protected":false},"excerpt":{"rendered":"Siena Siena Berjer, tek ba\u015f\u0131na bile bulundu\u011fu ortam\u0131n atmosferini de\u011fi\u015ftirebilen, zarafet dolu bir par\u00e7a olarak \u00f6ne \u00e7\u0131k\u0131yor. Klasik berjer formunu","protected":false},"featured_media":530,"comment_status":"open","ping_status":"closed","template":"","meta":[],"product_brand":[],"product_cat":[22],"product_tag":[],"class_list":{"0":"post-535","1":"product","2":"type-product","3":"status-publish","4":"has-post-thumbnail","6":"product_cat-berjerler","8":"first","9":"instock","10":"shipping-taxable","11":"product-type-simple"},"_links":{"self":[{"href":"https:\/\/ryohome.com.tr\/en\/wp-json\/wp\/v2\/product\/535","targetHints":{"allow":["GET"]}}],"collection":[{"href":"https:\/\/ryohome.com.tr\/en\/wp-json\/wp\/v2\/product"}],"about":[{"href":"https:\/\/ryohome.com.tr\/en\/wp-json\/wp\/v2\/types\/product"}],"replies":[{"embeddable":true,"href":"https:\/\/ryohome.com.tr\/en\/wp-json\/wp\/v2\/comments?post=535"}],"wp:featuredmedia":[{"embeddable":true,"href":"https:\/\/ryohome.com.tr\/en\/wp-json\/wp\/v2\/media\/530"}],"wp:attachment":[{"href":"https:\/\/ryohome.com.tr\/en\/wp-json\/wp\/v2\/media?parent=535"}],"wp:term":[{"taxonomy":"product_brand","embeddable":true,"href":"https:\/\/ryohome.com.tr\/en\/wp-json\/wp\/v2\/product_brand?post=535"},{"taxonomy":"product_cat","embeddable":true,"href":"https:\/\/ryohome.com.tr\/en\/wp-json\/wp\/v2\/product_cat?post=535"},{"taxonomy":"product_tag","embeddable":true,"href":"https:\/\/ryohome.com.tr\/en\/wp-json\/wp\/v2\/product_tag?post=535"}],"curies":[{"name":"wp","href":"https:\/\/api.w.org\/{rel}","templated":true}]}}