{"id":586,"date":"2026-01-28T14:43:26","date_gmt":"2026-01-28T14:43:26","guid":{"rendered":"https:\/\/lightskyblue-woodcock-148784.hostingersite.com\/?post_type=product&#038;p=586"},"modified":"2026-01-28T18:38:40","modified_gmt":"2026-01-28T18:38:40","slug":"perla-koltuk","status":"publish","type":"product","link":"https:\/\/ryohome.com.tr\/en\/product\/perla-koltuk\/","title":{"rendered":"Perla Koltuk"},"content":{"rendered":"<div class=\"wpb-content-wrapper\"><div id=\"product-title-row\" data-vc-full-width=\"true\" data-vc-full-width-temp=\"true\" data-vc-full-width-init=\"false\" data-vc-stretch-content=\"true\" class=\"vc_row wpb_row vc_row-fluid vc_row-no-padding wd-rs-69147a49a0b52\"><div class=\"wpb_column vc_column_container vc_col-sm-12\"><div class=\"vc_column-inner\"><div class=\"wpb_wrapper\">\t\t<div class=\"promo-banner-wrapper  wd-rs-697a2049c0aa4\">\n\t\t\t<div id=\"wd-697a2049c0aa4\" class=\"promo-banner  banner- banner-hover-none color-scheme-light banner-btn-size-default banner-btn-style-default  wd-underline-colored\">\n\t\t\t\t<div class=\"main-wrapp-img\">\n\t\t\t\t\t<div class=\"banner-image wd-bg-position-center\" >\n\t\t\t\t\t\t<img loading=\"lazy\" decoding=\"async\" width=\"1920\" height=\"900\" src=\"https:\/\/ryohome.com.tr\/wp-content\/uploads\/2026\/01\/perla-koltuk-takimi-280126-3-1920x900.jpg\" class=\"attachment-1920x900 size-1920x900\" alt=\"\" \/>\t\t\t\t\t<\/div>\n\t\t\t\t<\/div>\n\n\t\t\t\t<div class=\"wrapper-content-banner wd-fill  wd-items-middle wd-justify-center\">\n\t\t\t\t\t<div class=\"content-banner  text-center\">\n\t\t\t\t\t\t<h1 class=\"banner-title wd-font-weight- wd-fontsize-l\">Perla<\/h1>\t\t\t\t\t\t\n\t\t\t\t\t\t\n\t\t\t\t\t\t\t\t\t\t\t<\/div>\n\t\t\t\t<\/div>\n\n\t\t\t\t\n\t\t\t\t\t\t\t<\/div>\n\t\t<\/div>\n\n\t\t<\/div><\/div><\/div><\/div><div class=\"vc_row-full-width vc_clearfix\"><\/div><div id=\"text-row\" data-vc-full-width=\"true\" data-vc-full-width-temp=\"true\" data-vc-full-width-init=\"false\" data-vc-stretch-content=\"true\" class=\"vc_row wpb_row vc_row-fluid vc_row-no-padding wd-rs-69147cf930562\"><div class=\"wpb_column vc_column_container vc_col-sm-12\"><div class=\"vc_column-inner\"><div class=\"wpb_wrapper\">\t\t<div id=\"wd-697a2055614c6\" class=\"wd-text-block wd-wpb reset-last-child wd-rs-697a2055614c6 text-left\">\n\t\t\t<p style=\"text-align: center;\">Perla Koltuk, formundaki kavisli hatlar ve zamans\u0131z duru\u015fuyla evinizin her k\u00f6\u015fesine bir sanat eseri dokunu\u015fu kat\u0131yor. Tek ba\u015f\u0131na bile mekan\u0131n auras\u0131n\u0131 de\u011fi\u015ftirebilen bu tasar\u0131m, s\u0131rt deste\u011findeki ergonomik kavis ve y\u00fcksek kaliteli dolgu malzemesiyle konforu en \u00fcst seviyeye ta\u015f\u0131yor. Minimalist dekorasyonlar\u0131n tamamlay\u0131c\u0131s\u0131, g\u00f6steri\u015fli mekanlar\u0131n ise dengeleyici g\u00fcc\u00fc olan Perla; sadece bir koltuk de\u011fil, stilinizin en \u00f6zel yans\u0131mas\u0131.<\/p>\n\t\t<\/div>\n\t\t<\/div><\/div><\/div><\/div><div class=\"vc_row-full-width vc_clearfix\"><\/div><div id=\"images-row\" data-vc-full-width=\"true\" data-vc-full-width-temp=\"true\" data-vc-full-width-init=\"false\" data-vc-stretch-content=\"true\" class=\"vc_row wpb_row vc_row-fluid vc_row-no-padding wd-rs-69147d00b36c9\"><div class=\"wpb_column vc_column_container vc_col-sm-12\"><div class=\"vc_column-inner\"><div class=\"wpb_wrapper\">\t\t<div id=\"gallery_344\" class=\"wd-images-gallery wd-wpb wd-rs-697a205aaa4ee photoswipe-images wd-carousel-container wd-wpb\" style=\"--wd-justify-content:center;--wd-align-items:center;\">\n\t\t\t\t\t\t\t<div class=\"wd-carousel-inner\">\n\t\t\t\n\t\t\t<div class=\"wd-carousel wd-grid scroll-init\"data-scroll_per_page=\"yes\" style=\"--wd-col-lg:2;--wd-col-md:2;--wd-col-sm:1;--wd-gap-lg:10px;\">\n\t\t\t\t\t\t\t\t\t<div class=\"wd-carousel-wrap\">\n\t\t\t\t\n\t\t\t\t\t\t\t\t\t\t\t\t\t\t\t<div class=\"wd-gallery-item wd-carousel-item\">\n\t\t\t\t\t\t\t\t\t\t\t\t\t\t<a href=\"https:\/\/ryohome.com.tr\/wp-content\/uploads\/2026\/01\/perla-koltuk-takimi-280126-4.jpg\" data-elementor-open-lightbox=\"no\" data-index=\"1\" data-width=\"1920\" data-height=\"1440\" \n\t\t\t\t\t\t\t\t\t\t\t\t >\n\t\t\t\t\t\t\t\t\n\t\t\t\t\t\t\t\t<img loading=\"lazy\" decoding=\"async\" width=\"1920\" height=\"1280\" src=\"https:\/\/ryohome.com.tr\/wp-content\/uploads\/2026\/01\/perla-koltuk-takimi-280126-4-1920x1280.jpg\" class=\"wd-gallery-image image-1\" alt=\"\" srcset=\"https:\/\/ryohome.com.tr\/wp-content\/uploads\/2026\/01\/perla-koltuk-takimi-280126-4-1920x1280.jpg 1920w, https:\/\/ryohome.com.tr\/wp-content\/uploads\/2026\/01\/perla-koltuk-takimi-280126-4-16x12.jpg 16w\" sizes=\"auto, (max-width: 1920px) 100vw, 1920px\" \/>\n\t\t\t\t\t\t\t\t\t\t\t\t\t\t\t<\/a>\n\t\t\t\t\t\t\t\t\t\t\t\t<\/div>\n\t\t\t\t\t\t\t\t\t\t\t<div class=\"wd-gallery-item wd-carousel-item\">\n\t\t\t\t\t\t\t\t\t\t\t\t\t\t<a href=\"https:\/\/ryohome.com.tr\/wp-content\/uploads\/2026\/01\/perla-koltuk-takimi-280126-5.jpg\" data-elementor-open-lightbox=\"no\" data-index=\"2\" data-width=\"1920\" data-height=\"1440\" \n\t\t\t\t\t\t\t\t\t\t\t\t >\n\t\t\t\t\t\t\t\t\n\t\t\t\t\t\t\t\t<img loading=\"lazy\" decoding=\"async\" width=\"1920\" height=\"1280\" src=\"https:\/\/ryohome.com.tr\/wp-content\/uploads\/2026\/01\/perla-koltuk-takimi-280126-5-1920x1280.jpg\" class=\"wd-gallery-image image-2\" alt=\"\" srcset=\"https:\/\/ryohome.com.tr\/wp-content\/uploads\/2026\/01\/perla-koltuk-takimi-280126-5-1920x1280.jpg 1920w, https:\/\/ryohome.com.tr\/wp-content\/uploads\/2026\/01\/perla-koltuk-takimi-280126-5-16x12.jpg 16w\" sizes=\"auto, (max-width: 1920px) 100vw, 1920px\" \/>\n\t\t\t\t\t\t\t\t\t\t\t\t\t\t\t<\/a>\n\t\t\t\t\t\t\t\t\t\t\t\t<\/div>\n\t\t\t\t\t\t\t\t\t\n\t\t\t\t\t\t\t\t\t<\/div>\n\t\t\t\t\t\t\t<\/div>\n\n\t\t\t\t\t\t\t\n\t\t\t\t<\/div>\n\n\t\t\t\t\t\t\t\t\t\t\t\t\t<\/div>\n\t\t<\/div><\/div><\/div><\/div><div class=\"vc_row-full-width vc_clearfix\"><\/div><div id=\"text-row\" data-vc-full-width=\"true\" data-vc-full-width-temp=\"true\" data-vc-full-width-init=\"false\" data-vc-stretch-content=\"true\" class=\"vc_row wpb_row vc_row-fluid vc_row-no-padding wd-rs-69147cb8d579b\"><div class=\"wpb_column vc_column_container vc_col-sm-12\"><div class=\"vc_column-inner\"><div class=\"wpb_wrapper\">\t\t<div id=\"wd-697a2068b5250\" class=\"wd-text-block wd-wpb reset-last-child wd-rs-697a2068b5250 text-left\">\n\t\t\t<p style=\"text-align: center;\">G\u00fcn\u00fcn yorgunlu\u011funu geride b\u0131rak\u0131p kendinize ay\u0131rd\u0131\u011f\u0131n\u0131z o \u00f6zel anlarda Perla Koltuk yan\u0131n\u0131zda. Yumu\u015fak dokulu kuma\u015f\u0131 ve v\u00fccudu kavrayan yap\u0131s\u0131, size sadece bir oturma alan\u0131 de\u011fil, bir &#8220;keyif k\u00f6\u015fesi&#8221; vaat ediyor. Modern ayak yap\u0131s\u0131 ve ince i\u015f\u00e7ilikle haz\u0131rlanan diki\u015f detaylar\u0131, dayan\u0131kl\u0131l\u0131\u011f\u0131 zarafetle birle\u015ftiriyor. Kitab\u0131n\u0131z\u0131 al\u0131p k\u00f6\u015fenize \u00e7ekilmek ya da kahvenizi yudumlamak i\u00e7in Perla, evinizin en sevilen sakini olmaya aday.<\/p>\n\t\t<\/div>\n\t\t<\/div><\/div><\/div><\/div><div class=\"vc_row-full-width vc_clearfix\"><\/div><div id=\"images-row\" data-vc-full-width=\"true\" data-vc-full-width-temp=\"true\" data-vc-full-width-init=\"false\" data-vc-stretch-content=\"true\" class=\"vc_row wpb_row vc_row-fluid vc_row-no-padding wd-rs-69147d0a4b35f\"><div class=\"wpb_column vc_column_container vc_col-sm-12\"><div class=\"vc_column-inner\"><div class=\"wpb_wrapper\">\t\t<div id=\"gallery_519\" class=\"wd-images-gallery wd-wpb wd-rs-697a207300cc8 photoswipe-images wd-carousel-container wd-wpb\" style=\"--wd-justify-content:center;--wd-align-items:center;\">\n\t\t\t\t\t\t\t<div class=\"wd-carousel-inner\">\n\t\t\t\n\t\t\t<div class=\"wd-carousel wd-grid scroll-init\"data-scroll_per_page=\"yes\" style=\"--wd-col-lg:2.5;--wd-col-md:2;--wd-col-sm:1;--wd-gap-lg:20px;--wd-gap-sm:10px;\">\n\t\t\t\t\t\t\t\t\t<div class=\"wd-carousel-wrap\">\n\t\t\t\t\n\t\t\t\t\t\t\t\t\t\t\t\t\t\t\t<div class=\"wd-gallery-item wd-carousel-item\">\n\t\t\t\t\t\t\t\t\t\t\t\t\t\t<a href=\"https:\/\/ryohome.com.tr\/wp-content\/uploads\/2026\/01\/perla-koltuk-takimi-280126-3.jpg\" data-elementor-open-lightbox=\"no\" data-index=\"1\" data-width=\"1920\" data-height=\"1440\" \n\t\t\t\t\t\t\t\t\t\t\t\t >\n\t\t\t\t\t\t\t\t\n\t\t\t\t\t\t\t\t<img loading=\"lazy\" decoding=\"async\" width=\"1920\" height=\"1280\" src=\"https:\/\/ryohome.com.tr\/wp-content\/uploads\/2026\/01\/perla-koltuk-takimi-280126-3-1920x1280.jpg\" class=\"wd-gallery-image image-1\" alt=\"\" srcset=\"https:\/\/ryohome.com.tr\/wp-content\/uploads\/2026\/01\/perla-koltuk-takimi-280126-3-1920x1280.jpg 1920w, https:\/\/ryohome.com.tr\/wp-content\/uploads\/2026\/01\/perla-koltuk-takimi-280126-3-16x12.jpg 16w\" sizes=\"auto, (max-width: 1920px) 100vw, 1920px\" \/>\n\t\t\t\t\t\t\t\t\t\t\t\t\t\t\t<\/a>\n\t\t\t\t\t\t\t\t\t\t\t\t<\/div>\n\t\t\t\t\t\t\t\t\t\t\t<div class=\"wd-gallery-item wd-carousel-item\">\n\t\t\t\t\t\t\t\t\t\t\t\t\t\t<a href=\"https:\/\/ryohome.com.tr\/wp-content\/uploads\/2026\/01\/perla-koltuk-takimi-280126-2.jpg\" data-elementor-open-lightbox=\"no\" data-index=\"2\" data-width=\"1920\" data-height=\"1440\" \n\t\t\t\t\t\t\t\t\t\t\t\t >\n\t\t\t\t\t\t\t\t\n\t\t\t\t\t\t\t\t<img loading=\"lazy\" decoding=\"async\" width=\"1920\" height=\"1280\" src=\"https:\/\/ryohome.com.tr\/wp-content\/uploads\/2026\/01\/perla-koltuk-takimi-280126-2-1920x1280.jpg\" class=\"wd-gallery-image image-2\" alt=\"\" srcset=\"https:\/\/ryohome.com.tr\/wp-content\/uploads\/2026\/01\/perla-koltuk-takimi-280126-2-1920x1280.jpg 1920w, https:\/\/ryohome.com.tr\/wp-content\/uploads\/2026\/01\/perla-koltuk-takimi-280126-2-16x12.jpg 16w\" sizes=\"auto, (max-width: 1920px) 100vw, 1920px\" \/>\n\t\t\t\t\t\t\t\t\t\t\t\t\t\t\t<\/a>\n\t\t\t\t\t\t\t\t\t\t\t\t<\/div>\n\t\t\t\t\t\t\t\t\t\t\t<div class=\"wd-gallery-item wd-carousel-item\">\n\t\t\t\t\t\t\t\t\t\t\t\t\t\t<a href=\"https:\/\/ryohome.com.tr\/wp-content\/uploads\/2026\/01\/perla-koltuk-takimi-280126-1.jpg\" data-elementor-open-lightbox=\"no\" data-index=\"3\" data-width=\"1920\" data-height=\"1440\" \n\t\t\t\t\t\t\t\t\t\t\t\t >\n\t\t\t\t\t\t\t\t\n\t\t\t\t\t\t\t\t<img loading=\"lazy\" decoding=\"async\" width=\"1920\" height=\"1280\" src=\"https:\/\/ryohome.com.tr\/wp-content\/uploads\/2026\/01\/perla-koltuk-takimi-280126-1-1920x1280.jpg\" class=\"wd-gallery-image image-3\" alt=\"\" srcset=\"https:\/\/ryohome.com.tr\/wp-content\/uploads\/2026\/01\/perla-koltuk-takimi-280126-1-1920x1280.jpg 1920w, https:\/\/ryohome.com.tr\/wp-content\/uploads\/2026\/01\/perla-koltuk-takimi-280126-1-16x12.jpg 16w\" sizes=\"auto, (max-width: 1920px) 100vw, 1920px\" \/>\n\t\t\t\t\t\t\t\t\t\t\t\t\t\t\t<\/a>\n\t\t\t\t\t\t\t\t\t\t\t\t<\/div>\n\t\t\t\t\t\t\t\t\t\n\t\t\t\t\t\t\t\t\t<\/div>\n\t\t\t\t\t\t\t<\/div>\n\n\t\t\t\t\t\t\t\n\t\t\t\t<\/div>\n\n\t\t\t\t\t\t\t\t\t\t\t\t\t<\/div>\n\t\t<\/div><\/div><\/div><\/div><div class=\"vc_row-full-width vc_clearfix\"><\/div>\n<\/div>","protected":false},"excerpt":{"rendered":"Perla Perla Koltuk, formundaki kavisli hatlar ve zamans\u0131z duru\u015fuyla evinizin her k\u00f6\u015fesine bir sanat eseri dokunu\u015fu kat\u0131yor. Tek ba\u015f\u0131na bile","protected":false},"featured_media":585,"comment_status":"closed","ping_status":"closed","template":"","meta":[],"product_brand":[],"product_cat":[23],"product_tag":[],"class_list":{"0":"post-586","1":"product","2":"type-product","3":"status-publish","4":"has-post-thumbnail","6":"product_cat-koltuklar","8":"first","9":"instock","10":"shipping-taxable","11":"product-type-simple"},"_links":{"self":[{"href":"https:\/\/ryohome.com.tr\/en\/wp-json\/wp\/v2\/product\/586","targetHints":{"allow":["GET"]}}],"collection":[{"href":"https:\/\/ryohome.com.tr\/en\/wp-json\/wp\/v2\/product"}],"about":[{"href":"https:\/\/ryohome.com.tr\/en\/wp-json\/wp\/v2\/types\/product"}],"replies":[{"embeddable":true,"href":"https:\/\/ryohome.com.tr\/en\/wp-json\/wp\/v2\/comments?post=586"}],"wp:featuredmedia":[{"embeddable":true,"href":"https:\/\/ryohome.com.tr\/en\/wp-json\/wp\/v2\/media\/585"}],"wp:attachment":[{"href":"https:\/\/ryohome.com.tr\/en\/wp-json\/wp\/v2\/media?parent=586"}],"wp:term":[{"taxonomy":"product_brand","embeddable":true,"href":"https:\/\/ryohome.com.tr\/en\/wp-json\/wp\/v2\/product_brand?post=586"},{"taxonomy":"product_cat","embeddable":true,"href":"https:\/\/ryohome.com.tr\/en\/wp-json\/wp\/v2\/product_cat?post=586"},{"taxonomy":"product_tag","embeddable":true,"href":"https:\/\/ryohome.com.tr\/en\/wp-json\/wp\/v2\/product_tag?post=586"}],"curies":[{"name":"wp","href":"https:\/\/api.w.org\/{rel}","templated":true}]}}