{"id":619,"date":"2026-01-28T16:36:12","date_gmt":"2026-01-28T16:36:12","guid":{"rendered":"https:\/\/lightskyblue-woodcock-148784.hostingersite.com\/?post_type=product&#038;p=619"},"modified":"2026-02-19T12:32:07","modified_gmt":"2026-02-19T12:32:07","slug":"carmen-yatak-odasi","status":"publish","type":"product","link":"https:\/\/ryohome.com.tr\/en\/product\/carmen-yatak-odasi\/","title":{"rendered":"Carmen Yatak Odas\u0131"},"content":{"rendered":"<div class=\"wpb-content-wrapper\"><div id=\"product-title-row\" data-vc-full-width=\"true\" data-vc-full-width-temp=\"true\" data-vc-full-width-init=\"false\" data-vc-stretch-content=\"true\" class=\"vc_row wpb_row vc_row-fluid vc_row-no-padding wd-rs-69147a49a0b52\"><div class=\"wpb_column vc_column_container vc_col-sm-12\"><div class=\"vc_column-inner\"><div class=\"wpb_wrapper\">\t\t<div class=\"promo-banner-wrapper  wd-rs-697a3ab491cca\">\n\t\t\t<div id=\"wd-697a3ab491cca\" class=\"promo-banner  banner- banner-hover-none color-scheme-light banner-btn-size-default banner-btn-style-default  wd-underline-colored\">\n\t\t\t\t<div class=\"main-wrapp-img\">\n\t\t\t\t\t<div class=\"banner-image wd-bg-position-center\" >\n\t\t\t\t\t\t<img loading=\"lazy\" decoding=\"async\" width=\"1920\" height=\"900\" src=\"https:\/\/ryohome.com.tr\/wp-content\/uploads\/2026\/01\/carmen-yatak-odasi-280126-1-1920x900.jpg\" class=\"attachment-1920x900 size-1920x900\" alt=\"\" \/>\t\t\t\t\t<\/div>\n\t\t\t\t<\/div>\n\n\t\t\t\t<div class=\"wrapper-content-banner wd-fill  wd-items-middle wd-justify-center\">\n\t\t\t\t\t<div class=\"content-banner  text-center\">\n\t\t\t\t\t\t<h1 class=\"banner-title wd-font-weight- wd-fontsize-l\">Carmen<\/h1>\t\t\t\t\t\t\n\t\t\t\t\t\t\n\t\t\t\t\t\t\t\t\t\t\t<\/div>\n\t\t\t\t<\/div>\n\n\t\t\t\t\n\t\t\t\t\t\t\t<\/div>\n\t\t<\/div>\n\n\t\t<\/div><\/div><\/div><\/div><div class=\"vc_row-full-width vc_clearfix\"><\/div><div id=\"text-row\" data-vc-full-width=\"true\" data-vc-full-width-temp=\"true\" data-vc-full-width-init=\"false\" data-vc-stretch-content=\"true\" class=\"vc_row wpb_row vc_row-fluid vc_row-no-padding wd-rs-69147cf930562\"><div class=\"wpb_column vc_column_container vc_col-sm-12\"><div class=\"vc_column-inner\"><div class=\"wpb_wrapper\">\t\t<div id=\"wd-699702729bf05\" class=\"wd-text-block wd-wpb reset-last-child wd-rs-699702729bf05 text-left\">\n\t\t\t<p style=\"text-align: center;\">Carmen Yatak Odas\u0131, s\u0131radan bir dinlenme alan\u0131n\u0131 adeta bir saray s\u00fcitine d\u00f6n\u00fc\u015ft\u00fcr\u00fcyor. Serinin ruhundaki o feminen kavisler ve asil detaylar, yatak ba\u015fl\u0131\u011f\u0131ndan gard\u0131rop aynalar\u0131na kadar her par\u00e7ada kendini hissettiriyor. Modern l\u00fcks\u00fc romantik bir dokunu\u015fla harmanlayan bu tak\u0131m; alt\u0131n veya bronz detaylar\u0131, dokulu y\u00fczeyleri ve g\u00f6z al\u0131c\u0131 sil\u00fcetiyle odan\u0131zda b\u00fcy\u00fcleyici bir atmosfer yarat\u0131yor. G\u00fcne bir sanat eserinin i\u00e7inde uyanmak isteyenler i\u00e7in&#8230;<\/p>\n\t\t<\/div>\n\t\t<\/div><\/div><\/div><\/div><div class=\"vc_row-full-width vc_clearfix\"><\/div><div id=\"images-row\" data-vc-full-width=\"true\" data-vc-full-width-temp=\"true\" data-vc-full-width-init=\"false\" data-vc-stretch-content=\"true\" class=\"vc_row wpb_row vc_row-fluid vc_row-no-padding wd-rs-69147d00b36c9\"><div class=\"wpb_column vc_column_container vc_col-sm-12\"><div class=\"vc_column-inner\"><div class=\"wpb_wrapper\">\t\t<div id=\"gallery_147\" class=\"wd-images-gallery wd-wpb wd-rs-699702847c78d photoswipe-images wd-carousel-container wd-wpb\" style=\"--wd-justify-content:center;--wd-align-items:center;\">\n\t\t\t\t\t\t\t<div class=\"wd-carousel-inner\">\n\t\t\t\n\t\t\t<div class=\"wd-carousel wd-grid scroll-init\"data-scroll_per_page=\"yes\" style=\"--wd-col-lg:2;--wd-col-md:2;--wd-col-sm:1;--wd-gap-lg:10px;\">\n\t\t\t\t\t\t\t\t\t<div class=\"wd-carousel-wrap\">\n\t\t\t\t\n\t\t\t\t\t\t\t\t\t\t\t\t\t\t\t<div class=\"wd-gallery-item wd-carousel-item\">\n\t\t\t\t\t\t\t\t\t\t\t\t\t\t<a href=\"https:\/\/ryohome.com.tr\/wp-content\/uploads\/2026\/01\/carmen-yatak-odasi-280126-1-1.jpg\" data-elementor-open-lightbox=\"no\" data-index=\"1\" data-width=\"1920\" data-height=\"1440\" \n\t\t\t\t\t\t\t\t\t\t\t\t >\n\t\t\t\t\t\t\t\t\n\t\t\t\t\t\t\t\t<img loading=\"lazy\" decoding=\"async\" width=\"1920\" height=\"1280\" src=\"https:\/\/ryohome.com.tr\/wp-content\/uploads\/2026\/01\/carmen-yatak-odasi-280126-1-1-1920x1280.jpg\" class=\"wd-gallery-image image-1\" alt=\"\" srcset=\"https:\/\/ryohome.com.tr\/wp-content\/uploads\/2026\/01\/carmen-yatak-odasi-280126-1-1-1920x1280.jpg 1920w, https:\/\/ryohome.com.tr\/wp-content\/uploads\/2026\/01\/carmen-yatak-odasi-280126-1-1-16x12.jpg 16w\" sizes=\"auto, (max-width: 1920px) 100vw, 1920px\" \/>\n\t\t\t\t\t\t\t\t\t\t\t\t\t\t\t<\/a>\n\t\t\t\t\t\t\t\t\t\t\t\t<\/div>\n\t\t\t\t\t\t\t\t\t\t\t<div class=\"wd-gallery-item wd-carousel-item\">\n\t\t\t\t\t\t\t\t\t\t\t\t\t\t<a href=\"https:\/\/ryohome.com.tr\/wp-content\/uploads\/2026\/01\/carmen-yatak-odasi-280126-2.jpg\" data-elementor-open-lightbox=\"no\" data-index=\"2\" data-width=\"1920\" data-height=\"1440\" \n\t\t\t\t\t\t\t\t\t\t\t\t >\n\t\t\t\t\t\t\t\t\n\t\t\t\t\t\t\t\t<img loading=\"lazy\" decoding=\"async\" width=\"1920\" height=\"1280\" src=\"https:\/\/ryohome.com.tr\/wp-content\/uploads\/2026\/01\/carmen-yatak-odasi-280126-2-1920x1280.jpg\" class=\"wd-gallery-image image-2\" alt=\"\" srcset=\"https:\/\/ryohome.com.tr\/wp-content\/uploads\/2026\/01\/carmen-yatak-odasi-280126-2-1920x1280.jpg 1920w, https:\/\/ryohome.com.tr\/wp-content\/uploads\/2026\/01\/carmen-yatak-odasi-280126-2-16x12.jpg 16w\" sizes=\"auto, (max-width: 1920px) 100vw, 1920px\" \/>\n\t\t\t\t\t\t\t\t\t\t\t\t\t\t\t<\/a>\n\t\t\t\t\t\t\t\t\t\t\t\t<\/div>\n\t\t\t\t\t\t\t\t\t\n\t\t\t\t\t\t\t\t\t<\/div>\n\t\t\t\t\t\t\t<\/div>\n\n\t\t\t\t\t\t\t\n\t\t\t\t<\/div>\n\n\t\t\t\t\t\t\t\t\t\t\t\t\t<\/div>\n\t\t<\/div><\/div><\/div><\/div><div class=\"vc_row-full-width vc_clearfix\"><\/div><div id=\"text-row\" data-vc-full-width=\"true\" data-vc-full-width-temp=\"true\" data-vc-full-width-init=\"false\" data-vc-stretch-content=\"true\" class=\"vc_row wpb_row vc_row-fluid vc_row-no-padding wd-rs-699702899e09a\"><div class=\"wpb_column vc_column_container vc_col-sm-12\"><div class=\"vc_column-inner\"><div class=\"wpb_wrapper\">\t\t<div id=\"wd-6997028daf81a\" class=\"wd-text-block wd-wpb reset-last-child wd-rs-6997028daf81a text-left\">\n\t\t\t<p style=\"text-align: center;\">Zarafetin i\u015flevsellikle en asil bulu\u015fmas\u0131: Carmen Yatak Odas\u0131. Estetik duru\u015funun ard\u0131nda gizlenen geni\u015f depolama alanlar\u0131, ak\u0131ll\u0131ca b\u00f6lmelendirilmi\u015f gard\u0131rop i\u00e7leri ve ergonomik karyola yap\u0131s\u0131yla hayat\u0131n\u0131z\u0131 kolayla\u015ft\u0131r\u0131yor. Yumu\u015fak dokulu yatak ba\u015fl\u0131\u011f\u0131, okuma saatlerinize konforlu bir destek sunarken; y\u00fcksek zanaatkarl\u0131k \u00fcr\u00fcn\u00fc olan \u015fifonyer ve komodinleri, estetik bir b\u00fct\u00fcnl\u00fck sa\u011fl\u0131yor. Carmen ile her gece l\u00fcks bir ka\u00e7amak, her sabah huzurlu bir ba\u015flang\u0131\u00e7.<\/p>\n\t\t<\/div>\n\t\t<\/div><\/div><\/div><\/div><div class=\"vc_row-full-width vc_clearfix\"><\/div><div id=\"images-row\" data-vc-full-width=\"true\" data-vc-full-width-temp=\"true\" data-vc-full-width-init=\"false\" data-vc-stretch-content=\"true\" class=\"vc_row wpb_row vc_row-fluid vc_row-no-padding wd-rs-6997029ad91a2\"><div class=\"wpb_column vc_column_container vc_col-sm-12\"><div class=\"vc_column-inner\"><div class=\"wpb_wrapper\">\t\t<div id=\"gallery_258\" class=\"wd-images-gallery wd-wpb wd-rs-699702a0db9f8 photoswipe-images wd-carousel-container wd-wpb\" style=\"--wd-justify-content:center;--wd-align-items:center;\">\n\t\t\t\t\t\t\t<div class=\"wd-carousel-inner\">\n\t\t\t\n\t\t\t<div class=\"wd-carousel wd-grid scroll-init\"data-scroll_per_page=\"yes\" style=\"--wd-col-lg:2;--wd-col-md:2;--wd-col-sm:1;--wd-gap-lg:20px;--wd-gap-sm:10px;\">\n\t\t\t\t\t\t\t\t\t<div class=\"wd-carousel-wrap\">\n\t\t\t\t\n\t\t\t\t\t\t\t\t\t\t\t\t\t\t\t<div class=\"wd-gallery-item wd-carousel-item\">\n\t\t\t\t\t\t\t\t\t\t\t\t\t\t<a href=\"https:\/\/ryohome.com.tr\/wp-content\/uploads\/2026\/01\/carmen-yatak-odasi-190226-2.jpeg\" data-elementor-open-lightbox=\"no\" data-index=\"1\" data-width=\"1600\" data-height=\"900\" \n\t\t\t\t\t\t\t\t\t\t\t\t >\n\t\t\t\t\t\t\t\t\n\t\t\t\t\t\t\t\t<img loading=\"lazy\" decoding=\"async\" width=\"1600\" height=\"900\" src=\"https:\/\/ryohome.com.tr\/wp-content\/uploads\/2026\/01\/carmen-yatak-odasi-190226-2.jpeg\" class=\"wd-gallery-image image-1\" alt=\"\" srcset=\"https:\/\/ryohome.com.tr\/wp-content\/uploads\/2026\/01\/carmen-yatak-odasi-190226-2.jpeg 1600w, https:\/\/ryohome.com.tr\/wp-content\/uploads\/2026\/01\/carmen-yatak-odasi-190226-2-300x169.jpeg 300w, https:\/\/ryohome.com.tr\/wp-content\/uploads\/2026\/01\/carmen-yatak-odasi-190226-2-1024x576.jpeg 1024w, https:\/\/ryohome.com.tr\/wp-content\/uploads\/2026\/01\/carmen-yatak-odasi-190226-2-768x432.jpeg 768w, https:\/\/ryohome.com.tr\/wp-content\/uploads\/2026\/01\/carmen-yatak-odasi-190226-2-1536x864.jpeg 1536w, https:\/\/ryohome.com.tr\/wp-content\/uploads\/2026\/01\/carmen-yatak-odasi-190226-2-18x10.jpeg 18w, https:\/\/ryohome.com.tr\/wp-content\/uploads\/2026\/01\/carmen-yatak-odasi-190226-2-150x84.jpeg 150w\" sizes=\"auto, (max-width: 1600px) 100vw, 1600px\" \/>\n\t\t\t\t\t\t\t\t\t\t\t\t\t\t\t<\/a>\n\t\t\t\t\t\t\t\t\t\t\t\t<\/div>\n\t\t\t\t\t\t\t\t\t\t\t<div class=\"wd-gallery-item wd-carousel-item\">\n\t\t\t\t\t\t\t\t\t\t\t\t\t\t<a href=\"https:\/\/ryohome.com.tr\/wp-content\/uploads\/2026\/01\/carmen-yatak-odasi-190226-1.jpeg\" data-elementor-open-lightbox=\"no\" data-index=\"2\" data-width=\"1600\" data-height=\"900\" \n\t\t\t\t\t\t\t\t\t\t\t\t >\n\t\t\t\t\t\t\t\t\n\t\t\t\t\t\t\t\t<img loading=\"lazy\" decoding=\"async\" width=\"1600\" height=\"900\" src=\"https:\/\/ryohome.com.tr\/wp-content\/uploads\/2026\/01\/carmen-yatak-odasi-190226-1.jpeg\" class=\"wd-gallery-image image-2\" alt=\"\" srcset=\"https:\/\/ryohome.com.tr\/wp-content\/uploads\/2026\/01\/carmen-yatak-odasi-190226-1.jpeg 1600w, https:\/\/ryohome.com.tr\/wp-content\/uploads\/2026\/01\/carmen-yatak-odasi-190226-1-300x169.jpeg 300w, https:\/\/ryohome.com.tr\/wp-content\/uploads\/2026\/01\/carmen-yatak-odasi-190226-1-1024x576.jpeg 1024w, https:\/\/ryohome.com.tr\/wp-content\/uploads\/2026\/01\/carmen-yatak-odasi-190226-1-768x432.jpeg 768w, https:\/\/ryohome.com.tr\/wp-content\/uploads\/2026\/01\/carmen-yatak-odasi-190226-1-1536x864.jpeg 1536w, https:\/\/ryohome.com.tr\/wp-content\/uploads\/2026\/01\/carmen-yatak-odasi-190226-1-18x10.jpeg 18w, https:\/\/ryohome.com.tr\/wp-content\/uploads\/2026\/01\/carmen-yatak-odasi-190226-1-150x84.jpeg 150w\" sizes=\"auto, (max-width: 1600px) 100vw, 1600px\" \/>\n\t\t\t\t\t\t\t\t\t\t\t\t\t\t\t<\/a>\n\t\t\t\t\t\t\t\t\t\t\t\t<\/div>\n\t\t\t\t\t\t\t\t\t\t\t<div class=\"wd-gallery-item wd-carousel-item\">\n\t\t\t\t\t\t\t\t\t\t\t\t\t\t<a href=\"https:\/\/ryohome.com.tr\/wp-content\/uploads\/2026\/01\/carmen-yatak-odasi-190226-3.jpeg\" data-elementor-open-lightbox=\"no\" data-index=\"3\" data-width=\"1600\" data-height=\"900\" \n\t\t\t\t\t\t\t\t\t\t\t\t >\n\t\t\t\t\t\t\t\t\n\t\t\t\t\t\t\t\t<img loading=\"lazy\" decoding=\"async\" width=\"1600\" height=\"900\" src=\"https:\/\/ryohome.com.tr\/wp-content\/uploads\/2026\/01\/carmen-yatak-odasi-190226-3.jpeg\" class=\"wd-gallery-image image-3\" alt=\"\" srcset=\"https:\/\/ryohome.com.tr\/wp-content\/uploads\/2026\/01\/carmen-yatak-odasi-190226-3.jpeg 1600w, https:\/\/ryohome.com.tr\/wp-content\/uploads\/2026\/01\/carmen-yatak-odasi-190226-3-300x169.jpeg 300w, https:\/\/ryohome.com.tr\/wp-content\/uploads\/2026\/01\/carmen-yatak-odasi-190226-3-1024x576.jpeg 1024w, https:\/\/ryohome.com.tr\/wp-content\/uploads\/2026\/01\/carmen-yatak-odasi-190226-3-768x432.jpeg 768w, https:\/\/ryohome.com.tr\/wp-content\/uploads\/2026\/01\/carmen-yatak-odasi-190226-3-1536x864.jpeg 1536w, https:\/\/ryohome.com.tr\/wp-content\/uploads\/2026\/01\/carmen-yatak-odasi-190226-3-18x10.jpeg 18w, https:\/\/ryohome.com.tr\/wp-content\/uploads\/2026\/01\/carmen-yatak-odasi-190226-3-150x84.jpeg 150w\" sizes=\"auto, (max-width: 1600px) 100vw, 1600px\" \/>\n\t\t\t\t\t\t\t\t\t\t\t\t\t\t\t<\/a>\n\t\t\t\t\t\t\t\t\t\t\t\t<\/div>\n\t\t\t\t\t\t\t\t\t\n\t\t\t\t\t\t\t\t\t<\/div>\n\t\t\t\t\t\t\t<\/div>\n\n\t\t\t\t\t\t\t\n\t\t\t\t<\/div>\n\n\t\t\t\t\t\t\t\t\t\t\t\t\t<\/div>\n\t\t<\/div><\/div><\/div><\/div><div class=\"vc_row-full-width vc_clearfix\"><\/div>\n<\/div>","protected":false},"excerpt":{"rendered":"Carmen Carmen Yatak Odas\u0131, s\u0131radan bir dinlenme alan\u0131n\u0131 adeta bir saray s\u00fcitine d\u00f6n\u00fc\u015ft\u00fcr\u00fcyor. Serinin ruhundaki o feminen kavisler ve asil","protected":false},"featured_media":621,"comment_status":"closed","ping_status":"closed","template":"","meta":[],"product_brand":[],"product_cat":[45,37],"product_tag":[],"class_list":{"0":"post-619","1":"product","2":"type-product","3":"status-publish","4":"has-post-thumbnail","6":"product_cat-carmen-koleksiyonu","7":"product_cat-yatak-odalari","9":"first","10":"instock","11":"shipping-taxable","12":"product-type-simple"},"_links":{"self":[{"href":"https:\/\/ryohome.com.tr\/en\/wp-json\/wp\/v2\/product\/619","targetHints":{"allow":["GET"]}}],"collection":[{"href":"https:\/\/ryohome.com.tr\/en\/wp-json\/wp\/v2\/product"}],"about":[{"href":"https:\/\/ryohome.com.tr\/en\/wp-json\/wp\/v2\/types\/product"}],"replies":[{"embeddable":true,"href":"https:\/\/ryohome.com.tr\/en\/wp-json\/wp\/v2\/comments?post=619"}],"wp:featuredmedia":[{"embeddable":true,"href":"https:\/\/ryohome.com.tr\/en\/wp-json\/wp\/v2\/media\/621"}],"wp:attachment":[{"href":"https:\/\/ryohome.com.tr\/en\/wp-json\/wp\/v2\/media?parent=619"}],"wp:term":[{"taxonomy":"product_brand","embeddable":true,"href":"https:\/\/ryohome.com.tr\/en\/wp-json\/wp\/v2\/product_brand?post=619"},{"taxonomy":"product_cat","embeddable":true,"href":"https:\/\/ryohome.com.tr\/en\/wp-json\/wp\/v2\/product_cat?post=619"},{"taxonomy":"product_tag","embeddable":true,"href":"https:\/\/ryohome.com.tr\/en\/wp-json\/wp\/v2\/product_tag?post=619"}],"curies":[{"name":"wp","href":"https:\/\/api.w.org\/{rel}","templated":true}]}}