{"id":857,"date":"2026-02-06T10:40:41","date_gmt":"2026-02-06T10:40:41","guid":{"rendered":"https:\/\/ryohome.com.tr\/?post_type=product&#038;p=857"},"modified":"2026-02-06T10:49:36","modified_gmt":"2026-02-06T10:49:36","slug":"aldo-berjer","status":"publish","type":"product","link":"https:\/\/ryohome.com.tr\/en\/product\/aldo-berjer\/","title":{"rendered":"Aldo Berjer"},"content":{"rendered":"<div class=\"wpb-content-wrapper\"><div id=\"product-title-row\" data-vc-full-width=\"true\" data-vc-full-width-temp=\"true\" data-vc-full-width-init=\"false\" data-vc-stretch-content=\"true\" class=\"vc_row wpb_row vc_row-fluid vc_row-no-padding wd-rs-69147a49a0b52\"><div class=\"wpb_column vc_column_container vc_col-sm-12\"><div class=\"vc_column-inner\"><div class=\"wpb_wrapper\">\t\t<div class=\"promo-banner-wrapper  wd-rs-6985c7325d8d9\">\n\t\t\t<div id=\"wd-6985c7325d8d9\" class=\"promo-banner  banner- banner-hover-none color-scheme-light banner-btn-size-default banner-btn-style-default  wd-underline-colored\">\n\t\t\t\t<div class=\"main-wrapp-img\">\n\t\t\t\t\t<div class=\"banner-image wd-bg-position-center\" >\n\t\t\t\t\t\t<img loading=\"lazy\" decoding=\"async\" width=\"1920\" height=\"900\" src=\"https:\/\/ryohome.com.tr\/wp-content\/uploads\/2026\/02\/aldo-berjer-060126-4-1920x900.jpg\" class=\"attachment-1920x900 size-1920x900\" alt=\"\" \/>\t\t\t\t\t<\/div>\n\t\t\t\t<\/div>\n\n\t\t\t\t<div class=\"wrapper-content-banner wd-fill  wd-items-middle wd-justify-center\">\n\t\t\t\t\t<div class=\"content-banner  text-center\">\n\t\t\t\t\t\t<h1 class=\"banner-title wd-font-weight- wd-fontsize-l\">Aldo<\/h1>\t\t\t\t\t\t\n\t\t\t\t\t\t\n\t\t\t\t\t\t\t\t\t\t\t<\/div>\n\t\t\t\t<\/div>\n\n\t\t\t\t\n\t\t\t\t\t\t\t<\/div>\n\t\t<\/div>\n\n\t\t<\/div><\/div><\/div><\/div><div class=\"vc_row-full-width vc_clearfix\"><\/div><div id=\"text-row\" data-vc-full-width=\"true\" data-vc-full-width-temp=\"true\" data-vc-full-width-init=\"false\" data-vc-stretch-content=\"true\" class=\"vc_row wpb_row vc_row-fluid vc_row-no-padding wd-rs-69147cf930562\"><div class=\"wpb_column vc_column_container vc_col-sm-12\"><div class=\"vc_column-inner\"><div class=\"wpb_wrapper\">\t\t<div id=\"wd-6985c4e638ca6\" class=\"wd-text-block wd-wpb reset-last-child wd-rs-6985c4e638ca6 text-left\">\n\t\t\t<p style=\"text-align: center;\">Aldo Berjer, dekorasyonda &#8220;tek ba\u015f\u0131na neler ba\u015far\u0131labilir?&#8221; sorusunun en \u015f\u0131k yan\u0131t\u0131 olarak kar\u015f\u0131m\u0131za \u00e7\u0131k\u0131yor. Modern ve vakur duru\u015fuyla mekan\u0131n auras\u0131n\u0131 an\u0131nda de\u011fi\u015ftiren bu tasar\u0131m, keskin geometrik formlar\u0131 konforlu bir oturumla dengeliyor. \u0130nce d\u00fc\u015f\u00fcn\u00fclm\u00fc\u015f kol\u00e7ak detaylar\u0131 ve yerden y\u00fcksek ayak yap\u0131s\u0131yla mekana ferahl\u0131k katan Aldo, sadece bir oturma birimi de\u011fil; evinizin karakterini yans\u0131tan ikonik bir par\u00e7a.<\/p>\n\t\t<\/div>\n\t\t<\/div><\/div><\/div><\/div><div class=\"vc_row-full-width vc_clearfix\"><\/div><div id=\"images-row\" data-vc-full-width=\"true\" data-vc-full-width-temp=\"true\" data-vc-full-width-init=\"false\" data-vc-stretch-content=\"true\" class=\"vc_row wpb_row vc_row-fluid vc_row-no-padding wd-rs-69147d00b36c9\"><div class=\"wpb_column vc_column_container vc_col-sm-12\"><div class=\"vc_column-inner\"><div class=\"wpb_wrapper\">\t\t<div id=\"gallery_369\" class=\"wd-images-gallery wd-wpb wd-rs-6985c4ed0a94e photoswipe-images wd-carousel-container wd-wpb\" style=\"--wd-justify-content:center;--wd-align-items:center;\">\n\t\t\t\t\t\t\t<div class=\"wd-carousel-inner\">\n\t\t\t\n\t\t\t<div class=\"wd-carousel wd-grid scroll-init\"data-scroll_per_page=\"yes\" style=\"--wd-col-lg:2.5;--wd-col-md:2;--wd-col-sm:1;--wd-gap-lg:10px;\">\n\t\t\t\t\t\t\t\t\t<div class=\"wd-carousel-wrap\">\n\t\t\t\t\n\t\t\t\t\t\t\t\t\t\t\t\t\t\t\t<div class=\"wd-gallery-item wd-carousel-item\">\n\t\t\t\t\t\t\t\t\t\t\t\t\t\t<a href=\"https:\/\/ryohome.com.tr\/wp-content\/uploads\/2026\/02\/aldo-berjer-060126-4.jpg\" data-elementor-open-lightbox=\"no\" data-index=\"1\" data-width=\"1920\" data-height=\"1440\" \n\t\t\t\t\t\t\t\t\t\t\t\t >\n\t\t\t\t\t\t\t\t\n\t\t\t\t\t\t\t\t<img loading=\"lazy\" decoding=\"async\" width=\"1920\" height=\"1280\" src=\"https:\/\/ryohome.com.tr\/wp-content\/uploads\/2026\/02\/aldo-berjer-060126-4-1920x1280.jpg\" class=\"wd-gallery-image image-1\" alt=\"\" srcset=\"https:\/\/ryohome.com.tr\/wp-content\/uploads\/2026\/02\/aldo-berjer-060126-4-1920x1280.jpg 1920w, https:\/\/ryohome.com.tr\/wp-content\/uploads\/2026\/02\/aldo-berjer-060126-4-16x12.jpg 16w\" sizes=\"auto, (max-width: 1920px) 100vw, 1920px\" \/>\n\t\t\t\t\t\t\t\t\t\t\t\t\t\t\t<\/a>\n\t\t\t\t\t\t\t\t\t\t\t\t<\/div>\n\t\t\t\t\t\t\t\t\t\t\t<div class=\"wd-gallery-item wd-carousel-item\">\n\t\t\t\t\t\t\t\t\t\t\t\t\t\t<a href=\"https:\/\/ryohome.com.tr\/wp-content\/uploads\/2026\/02\/aldo-berjer-060126-6.jpg\" data-elementor-open-lightbox=\"no\" data-index=\"2\" data-width=\"1920\" data-height=\"1440\" \n\t\t\t\t\t\t\t\t\t\t\t\t >\n\t\t\t\t\t\t\t\t\n\t\t\t\t\t\t\t\t<img loading=\"lazy\" decoding=\"async\" width=\"1920\" height=\"1280\" src=\"https:\/\/ryohome.com.tr\/wp-content\/uploads\/2026\/02\/aldo-berjer-060126-6-1920x1280.jpg\" class=\"wd-gallery-image image-2\" alt=\"\" srcset=\"https:\/\/ryohome.com.tr\/wp-content\/uploads\/2026\/02\/aldo-berjer-060126-6-1920x1280.jpg 1920w, https:\/\/ryohome.com.tr\/wp-content\/uploads\/2026\/02\/aldo-berjer-060126-6-16x12.jpg 16w\" sizes=\"auto, (max-width: 1920px) 100vw, 1920px\" \/>\n\t\t\t\t\t\t\t\t\t\t\t\t\t\t\t<\/a>\n\t\t\t\t\t\t\t\t\t\t\t\t<\/div>\n\t\t\t\t\t\t\t\t\t\t\t<div class=\"wd-gallery-item wd-carousel-item\">\n\t\t\t\t\t\t\t\t\t\t\t\t\t\t<a href=\"https:\/\/ryohome.com.tr\/wp-content\/uploads\/2026\/02\/aldo-berjer-060126-5.jpg\" data-elementor-open-lightbox=\"no\" data-index=\"3\" data-width=\"1920\" data-height=\"1440\" \n\t\t\t\t\t\t\t\t\t\t\t\t >\n\t\t\t\t\t\t\t\t\n\t\t\t\t\t\t\t\t<img loading=\"lazy\" decoding=\"async\" width=\"1920\" height=\"1280\" src=\"https:\/\/ryohome.com.tr\/wp-content\/uploads\/2026\/02\/aldo-berjer-060126-5-1920x1280.jpg\" class=\"wd-gallery-image image-3\" alt=\"\" srcset=\"https:\/\/ryohome.com.tr\/wp-content\/uploads\/2026\/02\/aldo-berjer-060126-5-1920x1280.jpg 1920w, https:\/\/ryohome.com.tr\/wp-content\/uploads\/2026\/02\/aldo-berjer-060126-5-16x12.jpg 16w\" sizes=\"auto, (max-width: 1920px) 100vw, 1920px\" \/>\n\t\t\t\t\t\t\t\t\t\t\t\t\t\t\t<\/a>\n\t\t\t\t\t\t\t\t\t\t\t\t<\/div>\n\t\t\t\t\t\t\t\t\t\n\t\t\t\t\t\t\t\t\t<\/div>\n\t\t\t\t\t\t\t<\/div>\n\n\t\t\t\t\t\t\t\n\t\t\t\t<\/div>\n\n\t\t\t\t\t\t\t\t\t\t\t\t\t<\/div>\n\t\t<\/div><\/div><\/div><\/div><div class=\"vc_row-full-width vc_clearfix\"><\/div><div id=\"text-row\" data-vc-full-width=\"true\" data-vc-full-width-temp=\"true\" data-vc-full-width-init=\"false\" data-vc-stretch-content=\"true\" class=\"vc_row wpb_row vc_row-fluid vc_row-no-padding wd-rs-69147cb8d579b\"><div class=\"wpb_column vc_column_container vc_col-sm-12\"><div class=\"vc_column-inner\"><div class=\"wpb_wrapper\">\t\t<div id=\"wd-6985c4fcbc15f\" class=\"wd-text-block wd-wpb reset-last-child wd-rs-6985c4fcbc15f text-left\">\n\t\t\t<p style=\"text-align: center;\">G\u00fcn\u00fcn en huzurlu anlar\u0131n\u0131 ge\u00e7irece\u011finiz o \u00f6zel k\u00f6\u015feyi Aldo Berjer ile ta\u00e7land\u0131r\u0131n. V\u00fccudu kavrayan ergonomik s\u0131rt yap\u0131s\u0131 ve dokunma hissi uyand\u0131ran kaliteli kuma\u015f se\u00e7kisiyle, size kendinize ait bir &#8220;ka\u00e7\u0131\u015f alan\u0131&#8221; sunuyor. Kitab\u0131n\u0131z\u0131 okurken ya da kahvenizi yudumlarken size e\u015flik edecek en konforlu dostunuz olan Aldo, minimalist tasar\u0131m\u0131yla hem modern hem de klasik dekorasyon \u015femalar\u0131na kusursuzca uyum sa\u011fl\u0131yor.<\/p>\n\t\t<\/div>\n\t\t<\/div><\/div><\/div><\/div><div class=\"vc_row-full-width vc_clearfix\"><\/div><div id=\"images-row\" data-vc-full-width=\"true\" data-vc-full-width-temp=\"true\" data-vc-full-width-init=\"false\" data-vc-stretch-content=\"true\" class=\"vc_row wpb_row vc_row-fluid vc_row-no-padding wd-rs-69147d0a4b35f\"><div class=\"wpb_column vc_column_container vc_col-sm-12\"><div class=\"vc_column-inner\"><div class=\"wpb_wrapper\">\t\t<div id=\"gallery_277\" class=\"wd-images-gallery wd-wpb wd-rs-6985c51b34bf3 photoswipe-images wd-carousel-container wd-wpb\" style=\"--wd-justify-content:center;--wd-align-items:center;\">\n\t\t\t\t\t\t\t<div class=\"wd-carousel-inner\">\n\t\t\t\n\t\t\t<div class=\"wd-carousel wd-grid scroll-init\"data-scroll_per_page=\"yes\" style=\"--wd-col-lg:2;--wd-col-md:2;--wd-col-sm:1;--wd-gap-lg:20px;--wd-gap-sm:10px;\">\n\t\t\t\t\t\t\t\t\t<div class=\"wd-carousel-wrap\">\n\t\t\t\t\n\t\t\t\t\t\t\t\t\t\t\t\t\t\t\t<div class=\"wd-gallery-item wd-carousel-item\">\n\t\t\t\t\t\t\t\t\t\t\t\t\t\t<a href=\"https:\/\/ryohome.com.tr\/wp-content\/uploads\/2026\/02\/aldo-berjer-060126-1.jpg\" data-elementor-open-lightbox=\"no\" data-index=\"1\" data-width=\"1920\" data-height=\"1440\" \n\t\t\t\t\t\t\t\t\t\t\t\t >\n\t\t\t\t\t\t\t\t\n\t\t\t\t\t\t\t\t<img loading=\"lazy\" decoding=\"async\" width=\"1920\" height=\"1280\" src=\"https:\/\/ryohome.com.tr\/wp-content\/uploads\/2026\/02\/aldo-berjer-060126-1-1920x1280.jpg\" class=\"wd-gallery-image image-1\" alt=\"\" srcset=\"https:\/\/ryohome.com.tr\/wp-content\/uploads\/2026\/02\/aldo-berjer-060126-1-1920x1280.jpg 1920w, https:\/\/ryohome.com.tr\/wp-content\/uploads\/2026\/02\/aldo-berjer-060126-1-16x12.jpg 16w\" sizes=\"auto, (max-width: 1920px) 100vw, 1920px\" \/>\n\t\t\t\t\t\t\t\t\t\t\t\t\t\t\t<\/a>\n\t\t\t\t\t\t\t\t\t\t\t\t<\/div>\n\t\t\t\t\t\t\t\t\t\t\t<div class=\"wd-gallery-item wd-carousel-item\">\n\t\t\t\t\t\t\t\t\t\t\t\t\t\t<a href=\"https:\/\/ryohome.com.tr\/wp-content\/uploads\/2026\/02\/aldo-berjer-060126-2.jpg\" data-elementor-open-lightbox=\"no\" data-index=\"2\" data-width=\"1920\" data-height=\"1440\" \n\t\t\t\t\t\t\t\t\t\t\t\t >\n\t\t\t\t\t\t\t\t\n\t\t\t\t\t\t\t\t<img loading=\"lazy\" decoding=\"async\" width=\"1920\" height=\"1280\" src=\"https:\/\/ryohome.com.tr\/wp-content\/uploads\/2026\/02\/aldo-berjer-060126-2-1920x1280.jpg\" class=\"wd-gallery-image image-2\" alt=\"\" srcset=\"https:\/\/ryohome.com.tr\/wp-content\/uploads\/2026\/02\/aldo-berjer-060126-2-1920x1280.jpg 1920w, https:\/\/ryohome.com.tr\/wp-content\/uploads\/2026\/02\/aldo-berjer-060126-2-16x12.jpg 16w\" sizes=\"auto, (max-width: 1920px) 100vw, 1920px\" \/>\n\t\t\t\t\t\t\t\t\t\t\t\t\t\t\t<\/a>\n\t\t\t\t\t\t\t\t\t\t\t\t<\/div>\n\t\t\t\t\t\t\t\t\t\t\t<div class=\"wd-gallery-item wd-carousel-item\">\n\t\t\t\t\t\t\t\t\t\t\t\t\t\t<a href=\"https:\/\/ryohome.com.tr\/wp-content\/uploads\/2026\/02\/aldo-berjer-060126-3.jpg\" data-elementor-open-lightbox=\"no\" data-index=\"3\" data-width=\"1920\" data-height=\"1440\" \n\t\t\t\t\t\t\t\t\t\t\t\t >\n\t\t\t\t\t\t\t\t\n\t\t\t\t\t\t\t\t<img loading=\"lazy\" decoding=\"async\" width=\"1920\" height=\"1280\" src=\"https:\/\/ryohome.com.tr\/wp-content\/uploads\/2026\/02\/aldo-berjer-060126-3-1920x1280.jpg\" class=\"wd-gallery-image image-3\" alt=\"\" srcset=\"https:\/\/ryohome.com.tr\/wp-content\/uploads\/2026\/02\/aldo-berjer-060126-3-1920x1280.jpg 1920w, https:\/\/ryohome.com.tr\/wp-content\/uploads\/2026\/02\/aldo-berjer-060126-3-16x12.jpg 16w\" sizes=\"auto, (max-width: 1920px) 100vw, 1920px\" \/>\n\t\t\t\t\t\t\t\t\t\t\t\t\t\t\t<\/a>\n\t\t\t\t\t\t\t\t\t\t\t\t<\/div>\n\t\t\t\t\t\t\t\t\t\n\t\t\t\t\t\t\t\t\t<\/div>\n\t\t\t\t\t\t\t<\/div>\n\n\t\t\t\t\t\t\t\n\t\t\t\t<\/div>\n\n\t\t\t\t\t\t\t\t\t\t\t\t\t<\/div>\n\t\t<\/div><\/div><\/div><\/div><div class=\"vc_row-full-width vc_clearfix\"><\/div>\n<\/div>","protected":false},"excerpt":{"rendered":"Aldo Aldo Berjer, dekorasyonda \"tek ba\u015f\u0131na neler ba\u015far\u0131labilir?\" sorusunun en \u015f\u0131k yan\u0131t\u0131 olarak kar\u015f\u0131m\u0131za \u00e7\u0131k\u0131yor. Modern ve vakur duru\u015fuyla mekan\u0131n","protected":false},"featured_media":858,"comment_status":"open","ping_status":"closed","template":"","meta":[],"product_brand":[],"product_cat":[22],"product_tag":[],"class_list":{"0":"post-857","1":"product","2":"type-product","3":"status-publish","4":"has-post-thumbnail","6":"product_cat-berjerler","8":"first","9":"instock","10":"shipping-taxable","11":"product-type-simple"},"_links":{"self":[{"href":"https:\/\/ryohome.com.tr\/en\/wp-json\/wp\/v2\/product\/857","targetHints":{"allow":["GET"]}}],"collection":[{"href":"https:\/\/ryohome.com.tr\/en\/wp-json\/wp\/v2\/product"}],"about":[{"href":"https:\/\/ryohome.com.tr\/en\/wp-json\/wp\/v2\/types\/product"}],"replies":[{"embeddable":true,"href":"https:\/\/ryohome.com.tr\/en\/wp-json\/wp\/v2\/comments?post=857"}],"wp:featuredmedia":[{"embeddable":true,"href":"https:\/\/ryohome.com.tr\/en\/wp-json\/wp\/v2\/media\/858"}],"wp:attachment":[{"href":"https:\/\/ryohome.com.tr\/en\/wp-json\/wp\/v2\/media?parent=857"}],"wp:term":[{"taxonomy":"product_brand","embeddable":true,"href":"https:\/\/ryohome.com.tr\/en\/wp-json\/wp\/v2\/product_brand?post=857"},{"taxonomy":"product_cat","embeddable":true,"href":"https:\/\/ryohome.com.tr\/en\/wp-json\/wp\/v2\/product_cat?post=857"},{"taxonomy":"product_tag","embeddable":true,"href":"https:\/\/ryohome.com.tr\/en\/wp-json\/wp\/v2\/product_tag?post=857"}],"curies":[{"name":"wp","href":"https:\/\/api.w.org\/{rel}","templated":true}]}}