{"id":915,"date":"2026-02-10T18:57:13","date_gmt":"2026-02-10T18:57:13","guid":{"rendered":"https:\/\/ryohome.com.tr\/?post_type=product&#038;p=915"},"modified":"2026-02-10T18:57:14","modified_gmt":"2026-02-10T18:57:14","slug":"king-berjer","status":"publish","type":"product","link":"https:\/\/ryohome.com.tr\/en\/product\/king-berjer\/","title":{"rendered":"King Berjer"},"content":{"rendered":"<div class=\"wpb-content-wrapper\"><div id=\"product-title-row\" data-vc-full-width=\"true\" data-vc-full-width-temp=\"true\" data-vc-full-width-init=\"false\" data-vc-stretch-content=\"true\" class=\"vc_row wpb_row vc_row-fluid vc_row-no-padding wd-rs-69147a49a0b52\"><div class=\"wpb_column vc_column_container vc_col-sm-12\"><div class=\"vc_column-inner\"><div class=\"wpb_wrapper\">\t\t<div class=\"promo-banner-wrapper  wd-rs-698b7e55bd973\">\n\t\t\t<div id=\"wd-698b7e55bd973\" class=\"promo-banner  banner- banner-hover-none color-scheme-light banner-btn-size-default banner-btn-style-default  wd-underline-colored\">\n\t\t\t\t<div class=\"main-wrapp-img\">\n\t\t\t\t\t<div class=\"banner-image wd-bg-position-center\" >\n\t\t\t\t\t\t<img loading=\"lazy\" decoding=\"async\" width=\"1920\" height=\"900\" src=\"https:\/\/ryohome.com.tr\/wp-content\/uploads\/2026\/02\/king-berjer-100126-4-1920x900.jpg\" class=\"attachment-1920x900 size-1920x900\" alt=\"\" \/>\t\t\t\t\t<\/div>\n\t\t\t\t<\/div>\n\n\t\t\t\t<div class=\"wrapper-content-banner wd-fill  wd-items-middle wd-justify-center\">\n\t\t\t\t\t<div class=\"content-banner  text-center\">\n\t\t\t\t\t\t<h1 class=\"banner-title wd-font-weight- wd-fontsize-l\">King<\/h1>\t\t\t\t\t\t\n\t\t\t\t\t\t\n\t\t\t\t\t\t\t\t\t\t\t<\/div>\n\t\t\t\t<\/div>\n\n\t\t\t\t\n\t\t\t\t\t\t\t<\/div>\n\t\t<\/div>\n\n\t\t<\/div><\/div><\/div><\/div><div class=\"vc_row-full-width vc_clearfix\"><\/div><div id=\"text-row\" data-vc-full-width=\"true\" data-vc-full-width-temp=\"true\" data-vc-full-width-init=\"false\" data-vc-stretch-content=\"true\" class=\"vc_row wpb_row vc_row-fluid vc_row-no-padding wd-rs-69147cf930562\"><div class=\"wpb_column vc_column_container vc_col-sm-12\"><div class=\"vc_column-inner\"><div class=\"wpb_wrapper\">\t\t<div id=\"wd-698b7f4480635\" class=\"wd-text-block wd-wpb reset-last-child wd-rs-698b7f4480635 text-left\">\n\t\t\t<p style=\"text-align: center;\">King Berjer, sadece bir oturma birimi de\u011fil, ya\u015fam alan\u0131n\u0131z\u0131n en g\u00fc\u00e7l\u00fc prestij g\u00f6stergesi. Ad\u0131na yak\u0131\u015f\u0131r vakur duru\u015fu, geni\u015f oturum alan\u0131 ve heybetli sil\u00fcetiyle odan\u0131n t\u00fcm atmosferini tek ba\u015f\u0131na domine ediyor. Klasik zanaatkarl\u0131\u011f\u0131n modern detaylarla ta\u00e7land\u0131r\u0131ld\u0131\u011f\u0131 bu tasar\u0131m, evinde asalet ve a\u011f\u0131rl\u0131k arayanlar i\u00e7in bir koltuktan \u00e7ok daha fazlas\u0131n\u0131; bir &#8220;taht&#8221; konforunu sunuyor.<\/p>\n\t\t<\/div>\n\t\t<\/div><\/div><\/div><\/div><div class=\"vc_row-full-width vc_clearfix\"><\/div><div id=\"images-row\" data-vc-full-width=\"true\" data-vc-full-width-temp=\"true\" data-vc-full-width-init=\"false\" data-vc-stretch-content=\"true\" class=\"vc_row wpb_row vc_row-fluid vc_row-no-padding wd-rs-69147d00b36c9\"><div class=\"wpb_column vc_column_container vc_col-sm-12\"><div class=\"vc_column-inner\"><div class=\"wpb_wrapper\">\t\t<div id=\"gallery_500\" class=\"wd-images-gallery wd-wpb wd-rs-698b7f4b39539 photoswipe-images wd-carousel-container wd-wpb\" style=\"--wd-justify-content:center;--wd-align-items:center;\">\n\t\t\t\t\t\t\t<div class=\"wd-carousel-inner\">\n\t\t\t\n\t\t\t<div class=\"wd-carousel wd-grid scroll-init\"data-scroll_per_page=\"yes\" style=\"--wd-col-lg:2;--wd-col-md:2;--wd-col-sm:1;--wd-gap-lg:10px;\">\n\t\t\t\t\t\t\t\t\t<div class=\"wd-carousel-wrap\">\n\t\t\t\t\n\t\t\t\t\t\t\t\t\t\t\t\t\t\t\t<div class=\"wd-gallery-item wd-carousel-item\">\n\t\t\t\t\t\t\t\t\t\t\t\t\t\t<a href=\"https:\/\/ryohome.com.tr\/wp-content\/uploads\/2026\/02\/king-berjer-100126-4.jpg\" data-elementor-open-lightbox=\"no\" data-index=\"1\" data-width=\"1920\" data-height=\"1440\" \n\t\t\t\t\t\t\t\t\t\t\t\t >\n\t\t\t\t\t\t\t\t\n\t\t\t\t\t\t\t\t<img loading=\"lazy\" decoding=\"async\" width=\"1920\" height=\"1280\" src=\"https:\/\/ryohome.com.tr\/wp-content\/uploads\/2026\/02\/king-berjer-100126-4-1920x1280.jpg\" class=\"wd-gallery-image image-1\" alt=\"\" srcset=\"https:\/\/ryohome.com.tr\/wp-content\/uploads\/2026\/02\/king-berjer-100126-4-1920x1280.jpg 1920w, https:\/\/ryohome.com.tr\/wp-content\/uploads\/2026\/02\/king-berjer-100126-4-16x12.jpg 16w\" sizes=\"auto, (max-width: 1920px) 100vw, 1920px\" \/>\n\t\t\t\t\t\t\t\t\t\t\t\t\t\t\t<\/a>\n\t\t\t\t\t\t\t\t\t\t\t\t<\/div>\n\t\t\t\t\t\t\t\t\t\t\t<div class=\"wd-gallery-item wd-carousel-item\">\n\t\t\t\t\t\t\t\t\t\t\t\t\t\t<a href=\"https:\/\/ryohome.com.tr\/wp-content\/uploads\/2026\/02\/king-berjer-100126-5.jpg\" data-elementor-open-lightbox=\"no\" data-index=\"2\" data-width=\"1920\" data-height=\"1440\" \n\t\t\t\t\t\t\t\t\t\t\t\t >\n\t\t\t\t\t\t\t\t\n\t\t\t\t\t\t\t\t<img loading=\"lazy\" decoding=\"async\" width=\"1920\" height=\"1280\" src=\"https:\/\/ryohome.com.tr\/wp-content\/uploads\/2026\/02\/king-berjer-100126-5-1920x1280.jpg\" class=\"wd-gallery-image image-2\" alt=\"\" srcset=\"https:\/\/ryohome.com.tr\/wp-content\/uploads\/2026\/02\/king-berjer-100126-5-1920x1280.jpg 1920w, https:\/\/ryohome.com.tr\/wp-content\/uploads\/2026\/02\/king-berjer-100126-5-16x12.jpg 16w\" sizes=\"auto, (max-width: 1920px) 100vw, 1920px\" \/>\n\t\t\t\t\t\t\t\t\t\t\t\t\t\t\t<\/a>\n\t\t\t\t\t\t\t\t\t\t\t\t<\/div>\n\t\t\t\t\t\t\t\t\t\n\t\t\t\t\t\t\t\t\t<\/div>\n\t\t\t\t\t\t\t<\/div>\n\n\t\t\t\t\t\t\t\n\t\t\t\t<\/div>\n\n\t\t\t\t\t\t\t\t\t\t\t\t\t<\/div>\n\t\t<\/div><\/div><\/div><\/div><div class=\"vc_row-full-width vc_clearfix\"><\/div><div id=\"text-row\" data-vc-full-width=\"true\" data-vc-full-width-temp=\"true\" data-vc-full-width-init=\"false\" data-vc-stretch-content=\"true\" class=\"vc_row wpb_row vc_row-fluid vc_row-no-padding wd-rs-69147cb8d579b\"><div class=\"wpb_column vc_column_container vc_col-sm-12\"><div class=\"vc_column-inner\"><div class=\"wpb_wrapper\">\t\t<div id=\"wd-698b7f615d94f\" class=\"wd-text-block wd-wpb reset-last-child wd-rs-698b7f615d94f text-left\">\n\t\t\t<p style=\"text-align: center;\">Y\u00fcksek s\u0131rt deste\u011fi ve ergonomik kol\u00e7ak yap\u0131s\u0131yla v\u00fccudunuzu kusursuzca destekleyen bu par\u00e7a, size krallara lay\u0131k bir dinlenme deneyimi vaat ediyor. Kaliteli dolgu malzemesi ve dokunma hissi uyand\u0131ran zengin kuma\u015f se\u00e7enekleriyle King; geni\u015f hacmine ra\u011fmen zarif detaylar\u0131yla g\u00f6z doldururken, g\u00fcn\u00fcn en keyifli saatlerini ge\u00e7irece\u011finiz bir huzur adas\u0131na d\u00f6n\u00fc\u015f\u00fcyor.<\/p>\n\t\t<\/div>\n\t\t<\/div><\/div><\/div><\/div><div class=\"vc_row-full-width vc_clearfix\"><\/div><div id=\"images-row\" data-vc-full-width=\"true\" data-vc-full-width-temp=\"true\" data-vc-full-width-init=\"false\" data-vc-stretch-content=\"true\" class=\"vc_row wpb_row vc_row-fluid vc_row-no-padding wd-rs-69147d0a4b35f\"><div class=\"wpb_column vc_column_container vc_col-sm-12\"><div class=\"vc_column-inner\"><div class=\"wpb_wrapper\">\t\t<div id=\"gallery_822\" class=\"wd-images-gallery wd-wpb wd-rs-698b7f69ac5b3 photoswipe-images wd-carousel-container wd-wpb\" style=\"--wd-justify-content:center;--wd-align-items:center;\">\n\t\t\t\t\t\t\t<div class=\"wd-carousel-inner\">\n\t\t\t\n\t\t\t<div class=\"wd-carousel wd-grid scroll-init\"data-scroll_per_page=\"yes\" style=\"--wd-col-lg:2;--wd-col-md:2;--wd-col-sm:1;--wd-gap-lg:20px;--wd-gap-sm:10px;\">\n\t\t\t\t\t\t\t\t\t<div class=\"wd-carousel-wrap\">\n\t\t\t\t\n\t\t\t\t\t\t\t\t\t\t\t\t\t\t\t<div class=\"wd-gallery-item wd-carousel-item\">\n\t\t\t\t\t\t\t\t\t\t\t\t\t\t<a href=\"https:\/\/ryohome.com.tr\/wp-content\/uploads\/2026\/02\/king-berjer-100126-1.jpg\" data-elementor-open-lightbox=\"no\" data-index=\"1\" data-width=\"1920\" data-height=\"1440\" \n\t\t\t\t\t\t\t\t\t\t\t\t >\n\t\t\t\t\t\t\t\t\n\t\t\t\t\t\t\t\t<img loading=\"lazy\" decoding=\"async\" width=\"1920\" height=\"1280\" src=\"https:\/\/ryohome.com.tr\/wp-content\/uploads\/2026\/02\/king-berjer-100126-1-1920x1280.jpg\" class=\"wd-gallery-image image-1\" alt=\"\" srcset=\"https:\/\/ryohome.com.tr\/wp-content\/uploads\/2026\/02\/king-berjer-100126-1-1920x1280.jpg 1920w, https:\/\/ryohome.com.tr\/wp-content\/uploads\/2026\/02\/king-berjer-100126-1-16x12.jpg 16w\" sizes=\"auto, (max-width: 1920px) 100vw, 1920px\" \/>\n\t\t\t\t\t\t\t\t\t\t\t\t\t\t\t<\/a>\n\t\t\t\t\t\t\t\t\t\t\t\t<\/div>\n\t\t\t\t\t\t\t\t\t\t\t<div class=\"wd-gallery-item wd-carousel-item\">\n\t\t\t\t\t\t\t\t\t\t\t\t\t\t<a href=\"https:\/\/ryohome.com.tr\/wp-content\/uploads\/2026\/02\/king-berjer-100126-2.jpg\" data-elementor-open-lightbox=\"no\" data-index=\"2\" data-width=\"1920\" data-height=\"1440\" \n\t\t\t\t\t\t\t\t\t\t\t\t >\n\t\t\t\t\t\t\t\t\n\t\t\t\t\t\t\t\t<img loading=\"lazy\" decoding=\"async\" width=\"1920\" height=\"1280\" src=\"https:\/\/ryohome.com.tr\/wp-content\/uploads\/2026\/02\/king-berjer-100126-2-1920x1280.jpg\" class=\"wd-gallery-image image-2\" alt=\"\" srcset=\"https:\/\/ryohome.com.tr\/wp-content\/uploads\/2026\/02\/king-berjer-100126-2-1920x1280.jpg 1920w, https:\/\/ryohome.com.tr\/wp-content\/uploads\/2026\/02\/king-berjer-100126-2-16x12.jpg 16w\" sizes=\"auto, (max-width: 1920px) 100vw, 1920px\" \/>\n\t\t\t\t\t\t\t\t\t\t\t\t\t\t\t<\/a>\n\t\t\t\t\t\t\t\t\t\t\t\t<\/div>\n\t\t\t\t\t\t\t\t\t\t\t<div class=\"wd-gallery-item wd-carousel-item\">\n\t\t\t\t\t\t\t\t\t\t\t\t\t\t<a href=\"https:\/\/ryohome.com.tr\/wp-content\/uploads\/2026\/02\/king-berjer-100126-3.jpg\" data-elementor-open-lightbox=\"no\" data-index=\"3\" data-width=\"1920\" data-height=\"1440\" \n\t\t\t\t\t\t\t\t\t\t\t\t >\n\t\t\t\t\t\t\t\t\n\t\t\t\t\t\t\t\t<img loading=\"lazy\" decoding=\"async\" width=\"1920\" height=\"1280\" src=\"https:\/\/ryohome.com.tr\/wp-content\/uploads\/2026\/02\/king-berjer-100126-3-1920x1280.jpg\" class=\"wd-gallery-image image-3\" alt=\"\" srcset=\"https:\/\/ryohome.com.tr\/wp-content\/uploads\/2026\/02\/king-berjer-100126-3-1920x1280.jpg 1920w, https:\/\/ryohome.com.tr\/wp-content\/uploads\/2026\/02\/king-berjer-100126-3-16x12.jpg 16w\" sizes=\"auto, (max-width: 1920px) 100vw, 1920px\" \/>\n\t\t\t\t\t\t\t\t\t\t\t\t\t\t\t<\/a>\n\t\t\t\t\t\t\t\t\t\t\t\t<\/div>\n\t\t\t\t\t\t\t\t\t\n\t\t\t\t\t\t\t\t\t<\/div>\n\t\t\t\t\t\t\t<\/div>\n\n\t\t\t\t\t\t\t\n\t\t\t\t<\/div>\n\n\t\t\t\t\t\t\t\t\t\t\t\t\t<\/div>\n\t\t<\/div><\/div><\/div><\/div><div class=\"vc_row-full-width vc_clearfix\"><\/div>\n<\/div>","protected":false},"excerpt":{"rendered":"King King Berjer, sadece bir oturma birimi de\u011fil, ya\u015fam alan\u0131n\u0131z\u0131n en g\u00fc\u00e7l\u00fc prestij g\u00f6stergesi. Ad\u0131na yak\u0131\u015f\u0131r vakur duru\u015fu, geni\u015f oturum","protected":false},"featured_media":916,"comment_status":"open","ping_status":"closed","template":"","meta":[],"product_brand":[],"product_cat":[22],"product_tag":[],"class_list":{"0":"post-915","1":"product","2":"type-product","3":"status-publish","4":"has-post-thumbnail","6":"product_cat-berjerler","8":"first","9":"instock","10":"shipping-taxable","11":"product-type-simple"},"_links":{"self":[{"href":"https:\/\/ryohome.com.tr\/en\/wp-json\/wp\/v2\/product\/915","targetHints":{"allow":["GET"]}}],"collection":[{"href":"https:\/\/ryohome.com.tr\/en\/wp-json\/wp\/v2\/product"}],"about":[{"href":"https:\/\/ryohome.com.tr\/en\/wp-json\/wp\/v2\/types\/product"}],"replies":[{"embeddable":true,"href":"https:\/\/ryohome.com.tr\/en\/wp-json\/wp\/v2\/comments?post=915"}],"wp:featuredmedia":[{"embeddable":true,"href":"https:\/\/ryohome.com.tr\/en\/wp-json\/wp\/v2\/media\/916"}],"wp:attachment":[{"href":"https:\/\/ryohome.com.tr\/en\/wp-json\/wp\/v2\/media?parent=915"}],"wp:term":[{"taxonomy":"product_brand","embeddable":true,"href":"https:\/\/ryohome.com.tr\/en\/wp-json\/wp\/v2\/product_brand?post=915"},{"taxonomy":"product_cat","embeddable":true,"href":"https:\/\/ryohome.com.tr\/en\/wp-json\/wp\/v2\/product_cat?post=915"},{"taxonomy":"product_tag","embeddable":true,"href":"https:\/\/ryohome.com.tr\/en\/wp-json\/wp\/v2\/product_tag?post=915"}],"curies":[{"name":"wp","href":"https:\/\/api.w.org\/{rel}","templated":true}]}}