{"id":945,"date":"2026-02-10T20:04:03","date_gmt":"2026-02-10T20:04:03","guid":{"rendered":"https:\/\/ryohome.com.tr\/?post_type=product&#038;p=945"},"modified":"2026-02-10T20:04:04","modified_gmt":"2026-02-10T20:04:04","slug":"statu-berjer","status":"publish","type":"product","link":"https:\/\/ryohome.com.tr\/en\/product\/statu-berjer\/","title":{"rendered":"Statu Berjer"},"content":{"rendered":"<div class=\"wpb-content-wrapper\"><div id=\"product-title-row\" data-vc-full-width=\"true\" data-vc-full-width-temp=\"true\" data-vc-full-width-init=\"false\" data-vc-stretch-content=\"true\" class=\"vc_row wpb_row vc_row-fluid vc_row-no-padding wd-rs-69147a49a0b52\"><div class=\"wpb_column vc_column_container vc_col-sm-12\"><div class=\"vc_column-inner\"><div class=\"wpb_wrapper\">\t\t<div class=\"promo-banner-wrapper  wd-rs-698b8ea1a82f8\">\n\t\t\t<div id=\"wd-698b8ea1a82f8\" class=\"promo-banner  banner- banner-hover-none color-scheme-light banner-btn-size-default banner-btn-style-default  wd-underline-colored\">\n\t\t\t\t<div class=\"main-wrapp-img\">\n\t\t\t\t\t<div class=\"banner-image wd-bg-position-center\" >\n\t\t\t\t\t\t<img loading=\"lazy\" decoding=\"async\" width=\"1920\" height=\"900\" src=\"https:\/\/ryohome.com.tr\/wp-content\/uploads\/2026\/02\/statu-berjer-100126-4-1920x900.jpg\" class=\"attachment-1920x900 size-1920x900\" alt=\"\" \/>\t\t\t\t\t<\/div>\n\t\t\t\t<\/div>\n\n\t\t\t\t<div class=\"wrapper-content-banner wd-fill  wd-items-middle wd-justify-center\">\n\t\t\t\t\t<div class=\"content-banner  text-center\">\n\t\t\t\t\t\t<h1 class=\"banner-title wd-font-weight- wd-fontsize-l\">Statu<\/h1>\t\t\t\t\t\t\n\t\t\t\t\t\t\n\t\t\t\t\t\t\t\t\t\t\t<\/div>\n\t\t\t\t<\/div>\n\n\t\t\t\t\n\t\t\t\t\t\t\t<\/div>\n\t\t<\/div>\n\n\t\t<\/div><\/div><\/div><\/div><div class=\"vc_row-full-width vc_clearfix\"><\/div><div id=\"text-row\" data-vc-full-width=\"true\" data-vc-full-width-temp=\"true\" data-vc-full-width-init=\"false\" data-vc-stretch-content=\"true\" class=\"vc_row wpb_row vc_row-fluid vc_row-no-padding wd-rs-69147cf930562\"><div class=\"wpb_column vc_column_container vc_col-sm-12\"><div class=\"vc_column-inner\"><div class=\"wpb_wrapper\">\t\t<div id=\"wd-698b8eda247da\" class=\"wd-text-block wd-wpb reset-last-child wd-rs-698b8eda247da text-left\">\n\t\t\t<p style=\"text-align: center;\">Statu Berjer, isminden ald\u0131\u011f\u0131 g\u00fc\u00e7le ya\u015fam alan\u0131n\u0131zda kararl\u0131 ve asil bir fig\u00fcr sergiliyor. Modern tasar\u0131m dilini, vakur bir duru\u015fla harmanlayan bu par\u00e7a, dekorasyonunuzun kalitesini tek ba\u015f\u0131na y\u00fckseltiyor. Net \u00e7izgileri ve y\u00fcksek zanaatkarl\u0131k \u00fcr\u00fcn\u00fc detaylar\u0131yla &#8220;Statu&#8221;, sadece bir mobilya de\u011fil; evinize katt\u0131\u011f\u0131n\u0131z bir karakter, bir sayg\u0131nl\u0131k g\u00f6stergesi. Modern mekanlarda a\u011f\u0131rl\u0131\u011f\u0131n\u0131 hissettirmek isteyenler i\u00e7in&#8230;<\/p>\n\t\t<\/div>\n\t\t<\/div><\/div><\/div><\/div><div class=\"vc_row-full-width vc_clearfix\"><\/div><div id=\"images-row\" data-vc-full-width=\"true\" data-vc-full-width-temp=\"true\" data-vc-full-width-init=\"false\" data-vc-stretch-content=\"true\" class=\"vc_row wpb_row vc_row-fluid vc_row-no-padding wd-rs-69147d00b36c9\"><div class=\"wpb_column vc_column_container vc_col-sm-12\"><div class=\"vc_column-inner\"><div class=\"wpb_wrapper\">\t\t<div id=\"gallery_228\" class=\"wd-images-gallery wd-wpb wd-rs-698b8f0410e8b photoswipe-images wd-carousel-container wd-wpb\" style=\"--wd-justify-content:center;--wd-align-items:center;\">\n\t\t\t\t\t\t\t<div class=\"wd-carousel-inner\">\n\t\t\t\n\t\t\t<div class=\"wd-carousel wd-grid scroll-init\"data-scroll_per_page=\"yes\" style=\"--wd-col-lg:2;--wd-col-md:2;--wd-col-sm:1;--wd-gap-lg:10px;\">\n\t\t\t\t\t\t\t\t\t<div class=\"wd-carousel-wrap\">\n\t\t\t\t\n\t\t\t\t\t\t\t\t\t\t\t\t\t\t\t<div class=\"wd-gallery-item wd-carousel-item\">\n\t\t\t\t\t\t\t\t\t\t\t\t\t\t<a href=\"https:\/\/ryohome.com.tr\/wp-content\/uploads\/2026\/02\/statu-berjer-100126-4.jpg\" data-elementor-open-lightbox=\"no\" data-index=\"1\" data-width=\"1920\" data-height=\"1440\" \n\t\t\t\t\t\t\t\t\t\t\t\t >\n\t\t\t\t\t\t\t\t\n\t\t\t\t\t\t\t\t<img loading=\"lazy\" decoding=\"async\" width=\"1920\" height=\"1280\" src=\"https:\/\/ryohome.com.tr\/wp-content\/uploads\/2026\/02\/statu-berjer-100126-4-1920x1280.jpg\" class=\"wd-gallery-image image-1\" alt=\"\" srcset=\"https:\/\/ryohome.com.tr\/wp-content\/uploads\/2026\/02\/statu-berjer-100126-4-1920x1280.jpg 1920w, https:\/\/ryohome.com.tr\/wp-content\/uploads\/2026\/02\/statu-berjer-100126-4-16x12.jpg 16w\" sizes=\"auto, (max-width: 1920px) 100vw, 1920px\" \/>\n\t\t\t\t\t\t\t\t\t\t\t\t\t\t\t<\/a>\n\t\t\t\t\t\t\t\t\t\t\t\t<\/div>\n\t\t\t\t\t\t\t\t\t\t\t<div class=\"wd-gallery-item wd-carousel-item\">\n\t\t\t\t\t\t\t\t\t\t\t\t\t\t<a href=\"https:\/\/ryohome.com.tr\/wp-content\/uploads\/2026\/02\/statu-berjer-100126-5.jpg\" data-elementor-open-lightbox=\"no\" data-index=\"2\" data-width=\"1920\" data-height=\"1440\" \n\t\t\t\t\t\t\t\t\t\t\t\t >\n\t\t\t\t\t\t\t\t\n\t\t\t\t\t\t\t\t<img loading=\"lazy\" decoding=\"async\" width=\"1920\" height=\"1280\" src=\"https:\/\/ryohome.com.tr\/wp-content\/uploads\/2026\/02\/statu-berjer-100126-5-1920x1280.jpg\" class=\"wd-gallery-image image-2\" alt=\"\" srcset=\"https:\/\/ryohome.com.tr\/wp-content\/uploads\/2026\/02\/statu-berjer-100126-5-1920x1280.jpg 1920w, https:\/\/ryohome.com.tr\/wp-content\/uploads\/2026\/02\/statu-berjer-100126-5-16x12.jpg 16w\" sizes=\"auto, (max-width: 1920px) 100vw, 1920px\" \/>\n\t\t\t\t\t\t\t\t\t\t\t\t\t\t\t<\/a>\n\t\t\t\t\t\t\t\t\t\t\t\t<\/div>\n\t\t\t\t\t\t\t\t\t\n\t\t\t\t\t\t\t\t\t<\/div>\n\t\t\t\t\t\t\t<\/div>\n\n\t\t\t\t\t\t\t\n\t\t\t\t<\/div>\n\n\t\t\t\t\t\t\t\t\t\t\t\t\t<\/div>\n\t\t<\/div><\/div><\/div><\/div><div class=\"vc_row-full-width vc_clearfix\"><\/div><div id=\"text-row\" data-vc-full-width=\"true\" data-vc-full-width-temp=\"true\" data-vc-full-width-init=\"false\" data-vc-stretch-content=\"true\" class=\"vc_row wpb_row vc_row-fluid vc_row-no-padding wd-rs-69147cb8d579b\"><div class=\"wpb_column vc_column_container vc_col-sm-12\"><div class=\"vc_column-inner\"><div class=\"wpb_wrapper\">\t\t<div id=\"wd-698b8f05ee35e\" class=\"wd-text-block wd-wpb reset-last-child wd-rs-698b8f05ee35e text-left\">\n\t\t\t<p style=\"text-align: center;\">Geni\u015f oturum alan\u0131 ve g\u00fcven veren iskelet yap\u0131s\u0131yla Statu Berjer, konforu en \u00fcst segmentte sunuyor. V\u00fccudu destekleyen ergonomik s\u0131rt yap\u0131s\u0131 ve kaliteli dolgu malzemesi, uzun saatler s\u00fcren dinlenme anlar\u0131n\u0131 se\u00e7kin bir keyfe d\u00f6n\u00fc\u015ft\u00fcr\u00fcyor. Heybetli sil\u00fcetine ra\u011fmen zarif ayak detaylar\u0131 ve dokunma hissi uyand\u0131ran kuma\u015f dokusuyla Statu; hem konforuna d\u00fc\u015fk\u00fcn olanlar\u0131n hem de \u015f\u0131kl\u0131\u011f\u0131ndan \u00f6d\u00fcn vermeyenlerin ortak noktas\u0131.<\/p>\n\t\t<\/div>\n\t\t<\/div><\/div><\/div><\/div><div class=\"vc_row-full-width vc_clearfix\"><\/div><div id=\"images-row\" data-vc-full-width=\"true\" data-vc-full-width-temp=\"true\" data-vc-full-width-init=\"false\" data-vc-stretch-content=\"true\" class=\"vc_row wpb_row vc_row-fluid vc_row-no-padding wd-rs-69147d0a4b35f\"><div class=\"wpb_column vc_column_container vc_col-sm-12\"><div class=\"vc_column-inner\"><div class=\"wpb_wrapper\">\t\t<div id=\"gallery_405\" class=\"wd-images-gallery wd-wpb wd-rs-698b8f1552a89 photoswipe-images wd-carousel-container wd-wpb\" style=\"--wd-justify-content:center;--wd-align-items:center;\">\n\t\t\t\t\t\t\t<div class=\"wd-carousel-inner\">\n\t\t\t\n\t\t\t<div class=\"wd-carousel wd-grid scroll-init\"data-scroll_per_page=\"yes\" style=\"--wd-col-lg:2;--wd-col-md:2;--wd-col-sm:1;--wd-gap-lg:20px;--wd-gap-sm:10px;\">\n\t\t\t\t\t\t\t\t\t<div class=\"wd-carousel-wrap\">\n\t\t\t\t\n\t\t\t\t\t\t\t\t\t\t\t\t\t\t\t<div class=\"wd-gallery-item wd-carousel-item\">\n\t\t\t\t\t\t\t\t\t\t\t\t\t\t<a href=\"https:\/\/ryohome.com.tr\/wp-content\/uploads\/2026\/02\/statu-berjer-100126-1.jpg\" data-elementor-open-lightbox=\"no\" data-index=\"1\" data-width=\"1920\" data-height=\"1440\" \n\t\t\t\t\t\t\t\t\t\t\t\t >\n\t\t\t\t\t\t\t\t\n\t\t\t\t\t\t\t\t<img loading=\"lazy\" decoding=\"async\" width=\"1920\" height=\"1280\" src=\"https:\/\/ryohome.com.tr\/wp-content\/uploads\/2026\/02\/statu-berjer-100126-1-1920x1280.jpg\" class=\"wd-gallery-image image-1\" alt=\"\" srcset=\"https:\/\/ryohome.com.tr\/wp-content\/uploads\/2026\/02\/statu-berjer-100126-1-1920x1280.jpg 1920w, https:\/\/ryohome.com.tr\/wp-content\/uploads\/2026\/02\/statu-berjer-100126-1-16x12.jpg 16w\" sizes=\"auto, (max-width: 1920px) 100vw, 1920px\" \/>\n\t\t\t\t\t\t\t\t\t\t\t\t\t\t\t<\/a>\n\t\t\t\t\t\t\t\t\t\t\t\t<\/div>\n\t\t\t\t\t\t\t\t\t\t\t<div class=\"wd-gallery-item wd-carousel-item\">\n\t\t\t\t\t\t\t\t\t\t\t\t\t\t<a href=\"https:\/\/ryohome.com.tr\/wp-content\/uploads\/2026\/02\/statu-berjer-100126-3.jpg\" data-elementor-open-lightbox=\"no\" data-index=\"2\" data-width=\"1920\" data-height=\"1440\" \n\t\t\t\t\t\t\t\t\t\t\t\t >\n\t\t\t\t\t\t\t\t\n\t\t\t\t\t\t\t\t<img loading=\"lazy\" decoding=\"async\" width=\"1920\" height=\"1280\" src=\"https:\/\/ryohome.com.tr\/wp-content\/uploads\/2026\/02\/statu-berjer-100126-3-1920x1280.jpg\" class=\"wd-gallery-image image-2\" alt=\"\" srcset=\"https:\/\/ryohome.com.tr\/wp-content\/uploads\/2026\/02\/statu-berjer-100126-3-1920x1280.jpg 1920w, https:\/\/ryohome.com.tr\/wp-content\/uploads\/2026\/02\/statu-berjer-100126-3-16x12.jpg 16w\" sizes=\"auto, (max-width: 1920px) 100vw, 1920px\" \/>\n\t\t\t\t\t\t\t\t\t\t\t\t\t\t\t<\/a>\n\t\t\t\t\t\t\t\t\t\t\t\t<\/div>\n\t\t\t\t\t\t\t\t\t\t\t<div class=\"wd-gallery-item wd-carousel-item\">\n\t\t\t\t\t\t\t\t\t\t\t\t\t\t<a href=\"https:\/\/ryohome.com.tr\/wp-content\/uploads\/2026\/02\/statu-berjer-100126-2.jpg\" data-elementor-open-lightbox=\"no\" data-index=\"3\" data-width=\"1920\" data-height=\"1440\" \n\t\t\t\t\t\t\t\t\t\t\t\t >\n\t\t\t\t\t\t\t\t\n\t\t\t\t\t\t\t\t<img loading=\"lazy\" decoding=\"async\" width=\"1920\" height=\"1280\" src=\"https:\/\/ryohome.com.tr\/wp-content\/uploads\/2026\/02\/statu-berjer-100126-2-1920x1280.jpg\" class=\"wd-gallery-image image-3\" alt=\"\" srcset=\"https:\/\/ryohome.com.tr\/wp-content\/uploads\/2026\/02\/statu-berjer-100126-2-1920x1280.jpg 1920w, https:\/\/ryohome.com.tr\/wp-content\/uploads\/2026\/02\/statu-berjer-100126-2-16x12.jpg 16w\" sizes=\"auto, (max-width: 1920px) 100vw, 1920px\" \/>\n\t\t\t\t\t\t\t\t\t\t\t\t\t\t\t<\/a>\n\t\t\t\t\t\t\t\t\t\t\t\t<\/div>\n\t\t\t\t\t\t\t\t\t\n\t\t\t\t\t\t\t\t\t<\/div>\n\t\t\t\t\t\t\t<\/div>\n\n\t\t\t\t\t\t\t\n\t\t\t\t<\/div>\n\n\t\t\t\t\t\t\t\t\t\t\t\t\t<\/div>\n\t\t<\/div><\/div><\/div><\/div><div class=\"vc_row-full-width vc_clearfix\"><\/div>\n<\/div>","protected":false},"excerpt":{"rendered":"Statu Statu Berjer, isminden ald\u0131\u011f\u0131 g\u00fc\u00e7le ya\u015fam alan\u0131n\u0131zda kararl\u0131 ve asil bir fig\u00fcr sergiliyor. Modern tasar\u0131m dilini, vakur bir duru\u015fla","protected":false},"featured_media":946,"comment_status":"open","ping_status":"closed","template":"","meta":[],"product_brand":[],"product_cat":[22],"product_tag":[],"class_list":{"0":"post-945","1":"product","2":"type-product","3":"status-publish","4":"has-post-thumbnail","6":"product_cat-berjerler","8":"first","9":"instock","10":"shipping-taxable","11":"product-type-simple"},"_links":{"self":[{"href":"https:\/\/ryohome.com.tr\/en\/wp-json\/wp\/v2\/product\/945","targetHints":{"allow":["GET"]}}],"collection":[{"href":"https:\/\/ryohome.com.tr\/en\/wp-json\/wp\/v2\/product"}],"about":[{"href":"https:\/\/ryohome.com.tr\/en\/wp-json\/wp\/v2\/types\/product"}],"replies":[{"embeddable":true,"href":"https:\/\/ryohome.com.tr\/en\/wp-json\/wp\/v2\/comments?post=945"}],"wp:featuredmedia":[{"embeddable":true,"href":"https:\/\/ryohome.com.tr\/en\/wp-json\/wp\/v2\/media\/946"}],"wp:attachment":[{"href":"https:\/\/ryohome.com.tr\/en\/wp-json\/wp\/v2\/media?parent=945"}],"wp:term":[{"taxonomy":"product_brand","embeddable":true,"href":"https:\/\/ryohome.com.tr\/en\/wp-json\/wp\/v2\/product_brand?post=945"},{"taxonomy":"product_cat","embeddable":true,"href":"https:\/\/ryohome.com.tr\/en\/wp-json\/wp\/v2\/product_cat?post=945"},{"taxonomy":"product_tag","embeddable":true,"href":"https:\/\/ryohome.com.tr\/en\/wp-json\/wp\/v2\/product_tag?post=945"}],"curies":[{"name":"wp","href":"https:\/\/api.w.org\/{rel}","templated":true}]}}